{"id":583,"date":"2022-09-30T05:20:46","date_gmt":"2022-09-30T05:20:46","guid":{"rendered":"https:\/\/taniabonament.pl\/telewizory\/produkt\/telewizor-samsung-ue65au7192-led-65-4k-ultra-hd-tizen\/"},"modified":"2022-09-30T05:20:48","modified_gmt":"2022-09-30T05:20:48","slug":"telewizor-samsung-ue65au7192-led-65-4k-ultra-hd-tizen","status":"publish","type":"product","link":"https:\/\/taniabonament.pl\/telewizory\/produkt\/samsung-led\/telewizor-samsung-ue65au7192-led-65-4k-ultra-hd-tizen\/","title":{"rendered":"Telewizor Samsung UE65AU7192 LED 65&#8221; 4K Ultra HD Tizen"},"content":{"rendered":"<p>Przejd\u017a teraz do sklepu internetowego gdzie <a style=\"color: red; text-decoration: underline;\" href=\"https:\/\/converti.se\/click\/34590059-c70e8160-5f3fd1bb\/?deep_link=https%3A%2F%2Fwww.morele.net%2Ftelewizor-samsung-ue65au7192-led-65-4k-ultra-hd-tizen-8348111%2F&#038;sid=samsung-led&#038;tag6=product&#038;tag8=948fa7d7bcb87ba803e0172a2de04f31&#038;tag9=Telewizor+Samsung+UE65AU7192+LED+65%27%27+4K+Ultra+HD+Tizen\" rel=\"nofollow noopener\" target=\"_blank\">kupisz ten telewizor Samsung LED<\/a> w promocyjnej tej cenie. Ciesz si\u0119 wy\u015bmienitym obrazem oraz doskona\u0142ymi parametrami nowego telewizora ju\u017c dzisiaj!<\/p>\n","protected":false},"excerpt":{"rendered":"<p>Telewizor Samsung UE65AU7192 LED. Telewizor zgodny ze standardem <span style='color: #0286E7;'>DVB-T2 (HEVC)<\/span>? Dobrze trafi\u0142e\u015b! <\/p>\n","protected":false},"featured_media":5280,"comment_status":"closed","ping_status":"open","template":"","meta":[],"product_cat":[16],"product_tag":[],"class_list":{"0":"post-583","1":"product","2":"type-product","3":"status-publish","6":"product_cat-samsung-led","7":"pa_producent-samsung","8":"pa_sklep-morele-net","9":"pa_typ-produktu-telewizor","11":"first","12":"instock","13":"product-type-external"},"_links":{"self":[{"href":"https:\/\/taniabonament.pl\/telewizory\/wp-json\/wp\/v2\/product\/583","targetHints":{"allow":["GET"]}}],"collection":[{"href":"https:\/\/taniabonament.pl\/telewizory\/wp-json\/wp\/v2\/product"}],"about":[{"href":"https:\/\/taniabonament.pl\/telewizory\/wp-json\/wp\/v2\/types\/product"}],"replies":[{"embeddable":true,"href":"https:\/\/taniabonament.pl\/telewizory\/wp-json\/wp\/v2\/comments?post=583"}],"wp:featuredmedia":[{"embeddable":true,"href":"https:\/\/taniabonament.pl\/telewizory\/wp-json\/wp\/v2\/media\/5280"}],"wp:attachment":[{"href":"https:\/\/taniabonament.pl\/telewizory\/wp-json\/wp\/v2\/media?parent=583"}],"wp:term":[{"taxonomy":"product_cat","embeddable":true,"href":"https:\/\/taniabonament.pl\/telewizory\/wp-json\/wp\/v2\/product_cat?post=583"},{"taxonomy":"product_tag","embeddable":true,"href":"https:\/\/taniabonament.pl\/telewizory\/wp-json\/wp\/v2\/product_tag?post=583"}],"curies":[{"name":"wp","href":"https:\/\/api.w.org\/{rel}","templated":true}]}}