{"id":5234,"date":"2022-03-17T10:07:32","date_gmt":"2022-03-17T10:07:32","guid":{"rendered":"https:\/\/taniabonament.pl\/telewizory\/produkt\/bez-kategorii\/sony-telewizor-xr-65a83j\/"},"modified":"2022-03-17T10:07:34","modified_gmt":"2022-03-17T10:07:34","slug":"sony-telewizor-xr-65a83j","status":"publish","type":"product","link":"https:\/\/taniabonament.pl\/telewizory\/produkt\/hevc\/sony-telewizor-xr-65a83j\/","title":{"rendered":"SONY telewizor XR-65A83J"},"content":{"rendered":"<p>Przejd\u017a teraz do sklepu internetowego gdzie <a style=\"color: red; text-decoration: underline;\" href=\"https:\/\/converti.se\/click\/34590059-c70e8160-5f3fd1b8\/?deep_link=https%3A%2F%2Fwww.mall.pl%2Ftelewizory%2Fsony-telewizor-xr-65a83j&#038;sid=telewizory-hevc&#038;tag6=product&#038;tag8=23716c623b578d77fa966967acfedb23&#038;tag9=SONY+telewizor+XR-65A83J\" rel=\"nofollow noopener\" target=\"_blank\">kupisz ten telewizor<\/a> zgodny ze standardem HEVC czyli DVB-T2. Model TV dost\u0119pny w promocyjnej tej cenie.<\/p>\n","protected":false},"excerpt":{"rendered":"<h4>Dobry <span style='color: #0286E7;'>telewizor<\/span> to gwarancja wy\u015bmienitego obrazu odbieranego w nowym standardzie nadawania DVB-T2 HEVC!<\/h4>\n<p style='padding-top: 10px;'>SONY telewizor XR-65A83J, cechy i zalety: <\/p>\n<ul style='padding-left: 45px; padding-bottom: 10px;'>\n<li style='padding-top: 10px;'> Telewizor OLED o rozdzielczo\u015bci 4K Ultra HD (3840\u00d72160) i przek\u0105tnej 165 cm (65&#8243;), tuner DVB-T\/T2 (HEVC)\/C\/S\/S2, OS Android 10, Cognitive Processor XR, technologia XR Motion Clarity, XR Picture, XR HDR Remaster, HDR10, HLG, realistyczne kolory XR Triluminos Pro, Dolby Vision, Wi-Fi, DLNA, Bluetooth, Chromecast, Apple AirPlay\/HomeKit, sterowanie g\u0142osowe, d\u017awi\u0119k XR Surround, Dolby Atmos, Google TV, tryb gry, opcja 4K\/120 fps, nagrywanie transmisji na USB<\/li>\n<li style='padding-top: 10px;'>0, LAN, optyczne wyj\u015bcie audio, wyj\u015bcie s\u0142uchawkowe, slot CI<\/li>\n<li style='padding-top: 10px;'>1, 3 \u00d7 USB 3<\/li>\n<li style='padding-top: 10px;'> Interfejs: 4 \u00d7 HDMI 2<\/li>\n<li style='padding-top: 10px;'>SONY telewizor XR-65A83J.  Interfejs: 4 \u00d7 HDMI 2<\/li>\n<\/ul>\n<p style='padding: 10px; font-weight: bold; background-color: aliceblue;'>Telewizor z HEVC w dobrej cenie:<\/p>\n<p><img src='https:\/\/taniabonament.pl\/telefony\/wp-content\/uploads\/sklepylogo\/mall-pl-logo.png' style='padding-top: 15px; padding-left: 48px; padding-bottom: 15px;' alt='Mall.pl sklep' \/><\/p>\n","protected":false},"featured_media":5235,"comment_status":"closed","ping_status":"open","template":"","meta":[],"product_cat":[489],"product_tag":[],"class_list":{"0":"post-5234","1":"product","2":"type-product","3":"status-publish","6":"product_cat-hevc","7":"pa_model-xr65a83jaep","8":"pa_producent-sony","9":"pa_sklep-mall-pl","10":"pa_typ-produktu-telewizor","12":"first","13":"instock","14":"sale","15":"product-type-external"},"_links":{"self":[{"href":"https:\/\/taniabonament.pl\/telewizory\/wp-json\/wp\/v2\/product\/5234","targetHints":{"allow":["GET"]}}],"collection":[{"href":"https:\/\/taniabonament.pl\/telewizory\/wp-json\/wp\/v2\/product"}],"about":[{"href":"https:\/\/taniabonament.pl\/telewizory\/wp-json\/wp\/v2\/types\/product"}],"replies":[{"embeddable":true,"href":"https:\/\/taniabonament.pl\/telewizory\/wp-json\/wp\/v2\/comments?post=5234"}],"wp:featuredmedia":[{"embeddable":true,"href":"https:\/\/taniabonament.pl\/telewizory\/wp-json\/wp\/v2\/media\/5235"}],"wp:attachment":[{"href":"https:\/\/taniabonament.pl\/telewizory\/wp-json\/wp\/v2\/media?parent=5234"}],"wp:term":[{"taxonomy":"product_cat","embeddable":true,"href":"https:\/\/taniabonament.pl\/telewizory\/wp-json\/wp\/v2\/product_cat?post=5234"},{"taxonomy":"product_tag","embeddable":true,"href":"https:\/\/taniabonament.pl\/telewizory\/wp-json\/wp\/v2\/product_tag?post=5234"}],"curies":[{"name":"wp","href":"https:\/\/api.w.org\/{rel}","templated":true}]}}