{"id":5230,"date":"2022-03-17T10:07:32","date_gmt":"2022-03-17T10:07:32","guid":{"rendered":"https:\/\/taniabonament.pl\/telewizory\/produkt\/bez-kategorii\/lg-telewizor-75nano96p\/"},"modified":"2022-03-17T10:07:32","modified_gmt":"2022-03-17T10:07:32","slug":"lg-telewizor-75nano96p","status":"publish","type":"product","link":"https:\/\/taniabonament.pl\/telewizory\/produkt\/hevc\/lg-telewizor-75nano96p\/","title":{"rendered":"LG Telewizor 75NANO96P"},"content":{"rendered":"<p>Przejd\u017a teraz do sklepu internetowego gdzie <a style=\"color: red; text-decoration: underline;\" href=\"https:\/\/converti.se\/click\/34590059-c70e8160-5f3fd1b8\/?deep_link=https%3A%2F%2Fwww.mall.pl%2Ftelewizory%2Flg-telewizor-75nano96p&#038;sid=telewizory-hevc&#038;tag6=product&#038;tag8=735fbb4b607ddc5606cabee97f981b7f&#038;tag9=LG+Telewizor+75NANO96P\" rel=\"nofollow noopener\" target=\"_blank\">kupisz ten telewizor<\/a> zgodny ze standardem HEVC czyli DVB-T2. Model TV dost\u0119pny w promocyjnej tej cenie.<\/p>\n","protected":false},"excerpt":{"rendered":"<h4>Dobry <span style='color: #0286E7;'>telewizor<\/span> to gwarancja wy\u015bmienitego obrazu odbieranego w nowym standardzie nadawania DVB-T2 HEVC!<\/h4>\n<p style='padding-top: 10px;'>LG Telewizor 75NANO96P, cechy i zalety: <\/p>\n<ul style='padding-left: 45px; padding-bottom: 10px;'>\n<li style='padding-top: 10px;'> 0, optyczne wyj\u015bcie audio, wyj\u015bcie s\u0142uchawkowe, gniazdo CI+<\/li>\n<li style='padding-top: 10px;'> Interfejs: 4\u00d7 HDMI 2<\/li>\n<li style='padding-top: 10px;'>1 (eARC), 3\u00d7 USB 2<\/li>\n<li style='padding-top: 10px;'>LG Telewizor 75NANO96P. 1 (eARC), 3\u00d7 USB 2<\/li>\n<li style='padding-top: 10px;'> OS webOS 6<\/li>\n<li style='padding-top: 10px;'>0, przegl\u0105darka internetowa Wi-Fi, Bluetooth, LAN, DLNA, HbbTV, tryb gry, sterowanie g\u0142osowe, Asystent Google, Amazon Alexa, Miracast, nagrywanie na USB, Timeshift, Skylink Fastscan, Skylink Live TV<\/li>\n<li style='padding-top: 10px;'> D\u017awi\u0119k Dolby Atmos<\/li>\n<li style='padding-top: 10px;'>Telewizor NanoCell TV z rozdzielczo\u015bci\u0105 8K Ultra HD (7680\u00d74320) o przek\u0105tnej 189 cm (75&#8243;), posiada tuner DVB-T\/T2 (HEVC)\/S2\/C i wysoki zakres dynamiczny HDR (Dolby Vision, HDR10, HLG)<\/li>\n<\/ul>\n<p style='padding: 10px; font-weight: bold; background-color: aliceblue;'>Telewizor z HEVC w dobrej cenie:<\/p>\n<p><img src='https:\/\/taniabonament.pl\/telefony\/wp-content\/uploads\/sklepylogo\/mall-pl-logo.png' style='padding-top: 15px; padding-left: 48px; padding-bottom: 15px;' alt='Mall.pl sklep' \/><\/p>\n","protected":false},"featured_media":5231,"comment_status":"closed","ping_status":"open","template":"","meta":[],"product_cat":[489],"product_tag":[],"class_list":{"0":"post-5230","1":"product","2":"type-product","3":"status-publish","6":"product_cat-hevc","7":"pa_model-75nano963pa-aeu","8":"pa_producent-lg","9":"pa_sklep-mall-pl","10":"pa_typ-produktu-telewizor","12":"first","13":"instock","14":"product-type-external"},"_links":{"self":[{"href":"https:\/\/taniabonament.pl\/telewizory\/wp-json\/wp\/v2\/product\/5230","targetHints":{"allow":["GET"]}}],"collection":[{"href":"https:\/\/taniabonament.pl\/telewizory\/wp-json\/wp\/v2\/product"}],"about":[{"href":"https:\/\/taniabonament.pl\/telewizory\/wp-json\/wp\/v2\/types\/product"}],"replies":[{"embeddable":true,"href":"https:\/\/taniabonament.pl\/telewizory\/wp-json\/wp\/v2\/comments?post=5230"}],"wp:featuredmedia":[{"embeddable":true,"href":"https:\/\/taniabonament.pl\/telewizory\/wp-json\/wp\/v2\/media\/5231"}],"wp:attachment":[{"href":"https:\/\/taniabonament.pl\/telewizory\/wp-json\/wp\/v2\/media?parent=5230"}],"wp:term":[{"taxonomy":"product_cat","embeddable":true,"href":"https:\/\/taniabonament.pl\/telewizory\/wp-json\/wp\/v2\/product_cat?post=5230"},{"taxonomy":"product_tag","embeddable":true,"href":"https:\/\/taniabonament.pl\/telewizory\/wp-json\/wp\/v2\/product_tag?post=5230"}],"curies":[{"name":"wp","href":"https:\/\/api.w.org\/{rel}","templated":true}]}}