{"id":5198,"date":"2022-03-17T10:07:17","date_gmt":"2022-03-17T10:07:17","guid":{"rendered":"https:\/\/taniabonament.pl\/telewizory\/produkt\/bez-kategorii\/panasonic-telewizor-tx-58jx800e\/"},"modified":"2022-03-17T10:07:20","modified_gmt":"2022-03-17T10:07:20","slug":"panasonic-telewizor-tx-58jx800e","status":"publish","type":"product","link":"https:\/\/taniabonament.pl\/telewizory\/produkt\/hevc\/panasonic-telewizor-tx-58jx800e\/","title":{"rendered":"Panasonic telewizor TX-58JX800E"},"content":{"rendered":"<p>Przejd\u017a teraz do sklepu internetowego gdzie <a style=\"color: red; text-decoration: underline;\" href=\"https:\/\/converti.se\/click\/34590059-c70e8160-5f3fd1b8\/?deep_link=https%3A%2F%2Fwww.mall.pl%2Ftelewizory%2Fpanasonic-telewizor-tx-58jx800e&#038;sid=telewizory-hevc&#038;tag6=product&#038;tag8=7fcfb378ee38bfe4e9fd6c11a1526680&#038;tag9=Panasonic+telewizor+TX-58JX800E\" rel=\"nofollow noopener\" target=\"_blank\">kupisz ten telewizor<\/a> zgodny ze standardem HEVC czyli DVB-T2. Model TV dost\u0119pny w promocyjnej tej cenie.<\/p>\n","protected":false},"excerpt":{"rendered":"<h4>Dobry <span style='color: #0286E7;'>telewizor<\/span> to gwarancja wy\u015bmienitego obrazu odbieranego w nowym standardzie nadawania DVB-T2 HEVC!<\/h4>\n<p style='padding-top: 10px;'>Panasonic telewizor TX-58JX800E, cechy i zalety: <\/p>\n<ul style='padding-left: 45px; padding-bottom: 10px;'>\n<li style='padding-top: 10px;'> 0b (ARC), 2\u00d7 USB 2<\/li>\n<li style='padding-top: 10px;'>0, wej\u015bcie komponentowe, cyfrowe optyczne wyj\u015bcie audio, wyj\u015bcie s\u0142uchawkowe, 1\u00d7 slot CI+<\/li>\n<li style='padding-top: 10px;'> Interfejs: 3\u00d7 HDMI 2<\/li>\n<li style='padding-top: 10px;'>Telewizor Android z rozdzielczo\u015bci\u0105 4K Ultra HD (3840\u00d72160) o przek\u0105tnej 146 cm (58 &#8222;), HDR Bright Panel Plus (Dolby Vision, HDR10+ Adaptive, HLG), tuner DVB-T\/T2 (HEVC\/H<\/li>\n<li style='padding-top: 10px;'>Panasonic telewizor TX-58JX800E. Telewizor Android z rozdzielczo\u015bci\u0105 4K Ultra HD (3840\u00d72160) o przek\u0105tnej 146 cm (58 &#8222;), HDR Bright Panel Plus (Dolby Vision, HDR10+ Adaptive, HLG), tuner DVB-T\/T2 (HEVC\/H<\/li>\n<li style='padding-top: 10px;'>265)\/C\/S\/S2, procesor HCX, Wi-Fi, przegl\u0105darka internetowa, HbbTV, Bluetooth, LAN, DLNA, wbudowany Chromecast, sterowanie g\u0142osowe, zintegrowany Google Assistant, nagrywanie transmisji na USB, Timeshift, odtwarzacz multimedialny USB<\/li>\n<\/ul>\n<p style='padding: 10px; font-weight: bold; background-color: aliceblue;'>Telewizor z HEVC w dobrej cenie:<\/p>\n<p><img src='https:\/\/taniabonament.pl\/telefony\/wp-content\/uploads\/sklepylogo\/mall-pl-logo.png' style='padding-top: 15px; padding-left: 48px; padding-bottom: 15px;' alt='Mall.pl sklep' \/><\/p>\n","protected":false},"featured_media":5199,"comment_status":"closed","ping_status":"open","template":"","meta":[],"product_cat":[489],"product_tag":[],"class_list":{"0":"post-5198","1":"product","2":"type-product","3":"status-publish","6":"product_cat-hevc","7":"pa_model-tx-58jx800e","8":"pa_producent-panasonic","9":"pa_sklep-mall-pl","10":"pa_typ-produktu-telewizor","12":"first","13":"instock","14":"product-type-external"},"_links":{"self":[{"href":"https:\/\/taniabonament.pl\/telewizory\/wp-json\/wp\/v2\/product\/5198","targetHints":{"allow":["GET"]}}],"collection":[{"href":"https:\/\/taniabonament.pl\/telewizory\/wp-json\/wp\/v2\/product"}],"about":[{"href":"https:\/\/taniabonament.pl\/telewizory\/wp-json\/wp\/v2\/types\/product"}],"replies":[{"embeddable":true,"href":"https:\/\/taniabonament.pl\/telewizory\/wp-json\/wp\/v2\/comments?post=5198"}],"wp:featuredmedia":[{"embeddable":true,"href":"https:\/\/taniabonament.pl\/telewizory\/wp-json\/wp\/v2\/media\/5199"}],"wp:attachment":[{"href":"https:\/\/taniabonament.pl\/telewizory\/wp-json\/wp\/v2\/media?parent=5198"}],"wp:term":[{"taxonomy":"product_cat","embeddable":true,"href":"https:\/\/taniabonament.pl\/telewizory\/wp-json\/wp\/v2\/product_cat?post=5198"},{"taxonomy":"product_tag","embeddable":true,"href":"https:\/\/taniabonament.pl\/telewizory\/wp-json\/wp\/v2\/product_tag?post=5198"}],"curies":[{"name":"wp","href":"https:\/\/api.w.org\/{rel}","templated":true}]}}