{"id":5160,"date":"2022-03-17T10:07:03","date_gmt":"2022-03-17T10:07:03","guid":{"rendered":"https:\/\/taniabonament.pl\/telewizory\/produkt\/bez-kategorii\/finlux-telewizor-32fff5860\/"},"modified":"2022-03-17T10:07:07","modified_gmt":"2022-03-17T10:07:07","slug":"finlux-telewizor-32fff5860","status":"publish","type":"product","link":"https:\/\/taniabonament.pl\/telewizory\/produkt\/hevc\/finlux-telewizor-32fff5860\/","title":{"rendered":"FINLUX telewizor 32FFF5860"},"content":{"rendered":"<p>Przejd\u017a teraz do sklepu internetowego gdzie <a style=\"color: red; text-decoration: underline;\" href=\"https:\/\/converti.se\/click\/34590059-c70e8160-5f3fd1b8\/?deep_link=https%3A%2F%2Fwww.mall.pl%2Ftelewizory%2Ffinlux-telewizor-32fff5860&#038;sid=telewizory-hevc&#038;tag6=product&#038;tag8=7cc7c4c583f29f44ffc5db8c682054ef&#038;tag9=FINLUX+telewizor+32FFF5860\" rel=\"nofollow noopener\" target=\"_blank\">kupisz ten telewizor<\/a> zgodny ze standardem HEVC czyli DVB-T2. Model TV dost\u0119pny w promocyjnej tej cenie.<\/p>\n","protected":false},"excerpt":{"rendered":"<h4>Dobry <span style='color: #0286E7;'>telewizor<\/span> to gwarancja wy\u015bmienitego obrazu odbieranego w nowym standardzie nadawania DVB-T2 HEVC!<\/h4>\n<p style='padding-top: 10px;'>FINLUX telewizor 32FFF5860, cechy i zalety: <\/p>\n<ul style='padding-left: 45px; padding-bottom: 10px;'>\n<li style='padding-top: 10px;'> Telewizor Smart o przek\u0105tnej 82 cm (32 &#8222;) i z rozdzielczo\u015bci\u0105 Full HD (1920\u00d71080), posiada tunery DVB-T\/T2 (HEVC\/H<\/li>\n<li style='padding-top: 10px;'> OS Linux, Bluetooth, Wi-Fi, LAN, DLNA, przegl\u0105darka internetowa, aplikacje, HbbTV 2<\/li>\n<li style='padding-top: 10px;'> D\u017awi\u0119k Nicam Stereo<\/li>\n<li style='padding-top: 10px;'>265)\/S\/S2\/C, wysoki zakres dynamiczny HDR10\/10+, HLG<\/li>\n<li style='padding-top: 10px;'> Interfejs: 3\u00d7 HDMI (ARC, CEC), 1\u00d7 USB, VGA, cyfrowe wyj\u015bcie optyczne, wyj\u015bcie s\u0142uchawkowe, wej\u015bcie kompozytowe, slot CI+<\/li>\n<li style='padding-top: 10px;'>0, sterowanie g\u0142osem przez telefon, asystent g\u0142osowy Alexa Ready, odbicie lustrzane obrazu Miracast, tryb gamingowy, odtwarzanie z USB, nagrywanie transmisji na USB, Timeshift, EPG, telegazeta, tryb hotelowy<\/li>\n<\/ul>\n<p style='padding: 10px; font-weight: bold; background-color: aliceblue;'>Telewizor z HEVC w dobrej cenie:<\/p>\n<p><img src='https:\/\/taniabonament.pl\/telefony\/wp-content\/uploads\/sklepylogo\/mall-pl-logo.png' style='padding-top: 15px; padding-left: 48px; padding-bottom: 15px;' alt='Mall.pl sklep' \/><\/p>\n","protected":false},"featured_media":5161,"comment_status":"closed","ping_status":"open","template":"","meta":[],"product_cat":[489],"product_tag":[],"class_list":{"0":"post-5160","1":"product","2":"type-product","3":"status-publish","6":"product_cat-hevc","7":"pa_producent-finlux","8":"pa_sklep-mall-pl","9":"pa_typ-produktu-telewizor","11":"first","12":"instock","13":"product-type-external"},"_links":{"self":[{"href":"https:\/\/taniabonament.pl\/telewizory\/wp-json\/wp\/v2\/product\/5160","targetHints":{"allow":["GET"]}}],"collection":[{"href":"https:\/\/taniabonament.pl\/telewizory\/wp-json\/wp\/v2\/product"}],"about":[{"href":"https:\/\/taniabonament.pl\/telewizory\/wp-json\/wp\/v2\/types\/product"}],"replies":[{"embeddable":true,"href":"https:\/\/taniabonament.pl\/telewizory\/wp-json\/wp\/v2\/comments?post=5160"}],"wp:featuredmedia":[{"embeddable":true,"href":"https:\/\/taniabonament.pl\/telewizory\/wp-json\/wp\/v2\/media\/5161"}],"wp:attachment":[{"href":"https:\/\/taniabonament.pl\/telewizory\/wp-json\/wp\/v2\/media?parent=5160"}],"wp:term":[{"taxonomy":"product_cat","embeddable":true,"href":"https:\/\/taniabonament.pl\/telewizory\/wp-json\/wp\/v2\/product_cat?post=5160"},{"taxonomy":"product_tag","embeddable":true,"href":"https:\/\/taniabonament.pl\/telewizory\/wp-json\/wp\/v2\/product_tag?post=5160"}],"curies":[{"name":"wp","href":"https:\/\/api.w.org\/{rel}","templated":true}]}}