{"id":5158,"date":"2022-03-17T10:07:03","date_gmt":"2022-03-17T10:07:03","guid":{"rendered":"https:\/\/taniabonament.pl\/telewizory\/produkt\/bez-kategorii\/xiaomi-telewizor-mi-tv-p1-55\/"},"modified":"2022-03-17T10:07:06","modified_gmt":"2022-03-17T10:07:06","slug":"xiaomi-telewizor-mi-tv-p1-55","status":"publish","type":"product","link":"https:\/\/taniabonament.pl\/telewizory\/produkt\/hevc\/xiaomi-telewizor-mi-tv-p1-55\/","title":{"rendered":"Xiaomi telewizor Mi TV P1 55&#8243;"},"content":{"rendered":"<p>Przejd\u017a teraz do sklepu internetowego gdzie <a style=\"color: red; text-decoration: underline;\" href=\"https:\/\/converti.se\/click\/34590059-c70e8160-5f3fd1b8\/?deep_link=https%3A%2F%2Fwww.mall.pl%2Ftelewizory%2Fxiaomi-telewizor-mi-tv-p1-55-&#038;sid=telewizory-hevc&#038;tag6=product&#038;tag8=2a6c4730fb64ff603c67df2e52923ded&#038;tag9=Xiaomi+telewizor+Mi+TV+P1+55%22\" rel=\"nofollow noopener\" target=\"_blank\">kupisz ten telewizor<\/a> zgodny ze standardem HEVC czyli DVB-T2. Model TV dost\u0119pny w promocyjnej tej cenie.<\/p>\n","protected":false},"excerpt":{"rendered":"<h4>Dobry <span style='color: #0286E7;'>telewizor<\/span> to gwarancja wy\u015bmienitego obrazu odbieranego w nowym standardzie nadawania DVB-T2 HEVC!<\/h4>\n<p style='padding-top: 10px;'>Xiaomi telewizor Mi TV, cechy i zalety: <\/p>\n<ul style='padding-left: 45px; padding-bottom: 10px;'>\n<li style='padding-top: 10px;'>  Interfejs: 3\u00d7 HDMI (1\u00d7 eARC, VRR), 2\u00d7 USB 2<\/li>\n<li style='padding-top: 10px;'>0, optyczne wyj\u015bcie audio, wyj\u015bcie s\u0142uchawkowe, slot CI+<\/li>\n<li style='padding-top: 10px;'> D\u017awi\u0119k DTS-HD i Dolby Audio<\/li>\n<li style='padding-top: 10px;'>Telewizor Smart TV o przek\u0105tnej 139 cm (55 &#8222;) i rozdzielczo\u015bci 4K Ultra HD (3840\u00d72160), posiada tunery DVB-T\/T2 (HEVC)\/C\/S\/S2, wysoki zakres dynamiki Dolby Vision, HDR10+, OS Android 10, sterowanie g\u0142osowe, zintegrowany Google Assistant, obs\u0142uga Amazon Alexa, LAN, Wi-Fi, przegl\u0105darka internetowa, Bluetooth, wbudowany Chromecast, obs\u0142uguje Miracast, multimedialny odtwarzacz USB<\/li>\n<\/ul>\n<p style='padding: 10px; font-weight: bold; background-color: aliceblue;'>Telewizor z HEVC w dobrej cenie:<\/p>\n<p><img src='https:\/\/taniabonament.pl\/telefony\/wp-content\/uploads\/sklepylogo\/mall-pl-logo.png' style='padding-top: 15px; padding-left: 48px; padding-bottom: 15px;' alt='Mall.pl sklep' \/><\/p>\n","protected":false},"featured_media":5159,"comment_status":"closed","ping_status":"open","template":"","meta":[],"product_cat":[489],"product_tag":[],"class_list":{"0":"post-5158","1":"product","2":"type-product","3":"status-publish","6":"product_cat-hevc","7":"pa_model-xiatv-mitvp155","8":"pa_producent-xiaomi","9":"pa_sklep-mall-pl","10":"pa_typ-produktu-telewizor","12":"first","13":"instock","14":"sale","15":"product-type-external"},"_links":{"self":[{"href":"https:\/\/taniabonament.pl\/telewizory\/wp-json\/wp\/v2\/product\/5158","targetHints":{"allow":["GET"]}}],"collection":[{"href":"https:\/\/taniabonament.pl\/telewizory\/wp-json\/wp\/v2\/product"}],"about":[{"href":"https:\/\/taniabonament.pl\/telewizory\/wp-json\/wp\/v2\/types\/product"}],"replies":[{"embeddable":true,"href":"https:\/\/taniabonament.pl\/telewizory\/wp-json\/wp\/v2\/comments?post=5158"}],"wp:featuredmedia":[{"embeddable":true,"href":"https:\/\/taniabonament.pl\/telewizory\/wp-json\/wp\/v2\/media\/5159"}],"wp:attachment":[{"href":"https:\/\/taniabonament.pl\/telewizory\/wp-json\/wp\/v2\/media?parent=5158"}],"wp:term":[{"taxonomy":"product_cat","embeddable":true,"href":"https:\/\/taniabonament.pl\/telewizory\/wp-json\/wp\/v2\/product_cat?post=5158"},{"taxonomy":"product_tag","embeddable":true,"href":"https:\/\/taniabonament.pl\/telewizory\/wp-json\/wp\/v2\/product_tag?post=5158"}],"curies":[{"name":"wp","href":"https:\/\/api.w.org\/{rel}","templated":true}]}}