{"id":5148,"date":"2022-03-17T10:06:49","date_gmt":"2022-03-17T10:06:49","guid":{"rendered":"https:\/\/taniabonament.pl\/telewizory\/produkt\/bez-kategorii\/sony-telewizor-kd-65ag9\/"},"modified":"2022-03-17T10:07:02","modified_gmt":"2022-03-17T10:07:02","slug":"sony-telewizor-kd-65ag9","status":"publish","type":"product","link":"https:\/\/taniabonament.pl\/telewizory\/produkt\/hevc\/sony-telewizor-kd-65ag9\/","title":{"rendered":"SONY telewizor KD-65AG9"},"content":{"rendered":"<p>Przejd\u017a teraz do sklepu internetowego gdzie <a style=\"color: red; text-decoration: underline;\" href=\"https:\/\/converti.se\/click\/34590059-c70e8160-5f3fd1b8\/?deep_link=https%3A%2F%2Fwww.mall.pl%2Ftelewizory%2Fsony-telewizor-kd-65ag9&#038;sid=telewizory-hevc&#038;tag6=product&#038;tag8=80997563a44f274a3f14dd3d7f56653d&#038;tag9=SONY+telewizor+KD-65AG9\" rel=\"nofollow noopener\" target=\"_blank\">kupisz ten telewizor<\/a> zgodny ze standardem HEVC czyli DVB-T2. Model TV dost\u0119pny w promocyjnej tej cenie.<\/p>\n","protected":false},"excerpt":{"rendered":"<h4>Dobry <span style='color: #0286E7;'>telewizor<\/span> to gwarancja wy\u015bmienitego obrazu odbieranego w nowym standardzie nadawania DVB-T2 HEVC!<\/h4>\n<p style='padding-top: 10px;'>SONY telewizor KD-65AG9, cechy i zalety: <\/p>\n<ul style='padding-left: 45px; padding-bottom: 10px;'>\n<li style='padding-top: 10px;'>  Pod\u0142\u0105czenia: 4\u00d7 HDMI (eARC, CEC), 3\u00d7 USB, optyczne wyj\u015bcie audio, wyj\u015bcie kompozytowe, wyj\u015bcie s\u0142uchawkowe<\/li>\n<li style='padding-top: 10px;'>Telewizor OLED 4K UltraHD TV o przek\u0105tnej ekranu 164 cm (65\u2033) i rozdzielczo\u015bci 3840\u00d72160, HDR, w tym Dolby Vision i HLG, wyposa\u017cony jest w podw\u00f3jny tuner DVB-T\/HDR10 (HEVC)\/C\/T2, Android TV, bluetooth, Wi-Fi, procesor S2 Extreme, wy\u015bwietlacz Triluminos, przegl\u0105dark\u0119 internetow\u0105 Vewd, DTS, Airplay, Apple Home Kit, Dolby Atmos, ulepszanie ruchu Motionflow, wyszukiwanie g\u0142osowe i nagrywanie transmisji na USB<\/li>\n<\/ul>\n<p style='padding: 10px; font-weight: bold; background-color: aliceblue;'>Telewizor z HEVC w dobrej cenie:<\/p>\n<p><img src='https:\/\/taniabonament.pl\/telefony\/wp-content\/uploads\/sklepylogo\/mall-pl-logo.png' style='padding-top: 15px; padding-left: 48px; padding-bottom: 15px;' alt='Mall.pl sklep' \/><\/p>\n","protected":false},"featured_media":5149,"comment_status":"closed","ping_status":"open","template":"","meta":[],"product_cat":[489],"product_tag":[],"class_list":{"0":"post-5148","1":"product","2":"type-product","3":"status-publish","6":"product_cat-hevc","7":"pa_producent-sony","8":"pa_sklep-mall-pl","9":"pa_typ-produktu-telewizor","11":"first","12":"instock","13":"product-type-external"},"_links":{"self":[{"href":"https:\/\/taniabonament.pl\/telewizory\/wp-json\/wp\/v2\/product\/5148","targetHints":{"allow":["GET"]}}],"collection":[{"href":"https:\/\/taniabonament.pl\/telewizory\/wp-json\/wp\/v2\/product"}],"about":[{"href":"https:\/\/taniabonament.pl\/telewizory\/wp-json\/wp\/v2\/types\/product"}],"replies":[{"embeddable":true,"href":"https:\/\/taniabonament.pl\/telewizory\/wp-json\/wp\/v2\/comments?post=5148"}],"wp:featuredmedia":[{"embeddable":true,"href":"https:\/\/taniabonament.pl\/telewizory\/wp-json\/wp\/v2\/media\/5149"}],"wp:attachment":[{"href":"https:\/\/taniabonament.pl\/telewizory\/wp-json\/wp\/v2\/media?parent=5148"}],"wp:term":[{"taxonomy":"product_cat","embeddable":true,"href":"https:\/\/taniabonament.pl\/telewizory\/wp-json\/wp\/v2\/product_cat?post=5148"},{"taxonomy":"product_tag","embeddable":true,"href":"https:\/\/taniabonament.pl\/telewizory\/wp-json\/wp\/v2\/product_tag?post=5148"}],"curies":[{"name":"wp","href":"https:\/\/api.w.org\/{rel}","templated":true}]}}