{"id":5142,"date":"2022-03-17T10:06:49","date_gmt":"2022-03-17T10:06:49","guid":{"rendered":"https:\/\/taniabonament.pl\/telewizory\/produkt\/bez-kategorii\/tcl-telewizor-55p615\/"},"modified":"2022-03-17T10:07:00","modified_gmt":"2022-03-17T10:07:00","slug":"tcl-telewizor-55p615","status":"publish","type":"product","link":"https:\/\/taniabonament.pl\/telewizory\/produkt\/hevc\/tcl-telewizor-55p615\/","title":{"rendered":"TCL telewizor 55P615"},"content":{"rendered":"<p>Przejd\u017a teraz do sklepu internetowego gdzie <a style=\"color: red; text-decoration: underline;\" href=\"https:\/\/converti.se\/click\/34590059-c70e8160-5f3fd1b8\/?deep_link=https%3A%2F%2Fwww.mall.pl%2Ftelewizory%2Ftcl-telewizor-55p615&#038;sid=telewizory-hevc&#038;tag6=product&#038;tag8=e7a2c7d567b1ce5a53ccc11f9dfd3196&#038;tag9=TCL+telewizor+55P615\" rel=\"nofollow noopener\" target=\"_blank\">kupisz ten telewizor<\/a> zgodny ze standardem HEVC czyli DVB-T2. Model TV dost\u0119pny w promocyjnej tej cenie.<\/p>\n","protected":false},"excerpt":{"rendered":"<h4>Dobry <span style='color: #0286E7;'>telewizor<\/span> to gwarancja wy\u015bmienitego obrazu odbieranego w nowym standardzie nadawania DVB-T2 HEVC!<\/h4>\n<p style='padding-top: 10px;'>TCL telewizor 55P615, cechy i zalety: <\/p>\n<ul style='padding-left: 45px; padding-bottom: 10px;'>\n<li style='padding-top: 10px;'>  D\u017awi\u0119k Dolby AC-4<\/li>\n<li style='padding-top: 10px;'> Z\u0142\u0105cza: 3\u00d7 HDMI 2<\/li>\n<li style='padding-top: 10px;'>Telewizor Android Smart z rozdzielczo\u015bci\u0105 4K Ultra HD (3840\u00d72160), o przek\u0105tnej 139 cm (55 &#8222;), tunery DVB-T\/T2 (HEVC)\/C\/S\/S2, Skylink FastScan, wysoki zakres dynamiki HDR10\/HLG, Wi-Fi, Bluetooth, DLNA, wbudowany Chromecast, HbbTV, sterowanie g\u0142osowe, obs\u0142uga Google Assistant i Amazon Alexa, tryb hotelowy<\/li>\n<li style='padding-top: 10px;'>0b (ARC, CEC), 2\u00d7 USB, LAN, wyj\u015bcie s\u0142uchawkowe, optyczne wyj\u015bcie audio, slot CI+<\/li>\n<li style='padding-top: 10px;'>TCL telewizor 55P615. 0b (ARC, CEC), 2\u00d7 USB, LAN, wyj\u015bcie s\u0142uchawkowe, optyczne wyj\u015bcie audio, slot CI+<\/li>\n<\/ul>\n<p style='padding: 10px; font-weight: bold; background-color: aliceblue;'>Telewizor z HEVC w dobrej cenie:<\/p>\n<p><img src='https:\/\/taniabonament.pl\/telefony\/wp-content\/uploads\/sklepylogo\/mall-pl-logo.png' style='padding-top: 15px; padding-left: 48px; padding-bottom: 15px;' alt='Mall.pl sklep' \/><\/p>\n","protected":false},"featured_media":5143,"comment_status":"closed","ping_status":"open","template":"","meta":[],"product_cat":[489],"product_tag":[],"class_list":{"0":"post-5142","1":"product","2":"type-product","3":"status-publish","6":"product_cat-hevc","7":"pa_producent-tcl","8":"pa_sklep-mall-pl","9":"pa_typ-produktu-telewizor","11":"first","12":"instock","13":"sale","14":"product-type-external"},"_links":{"self":[{"href":"https:\/\/taniabonament.pl\/telewizory\/wp-json\/wp\/v2\/product\/5142","targetHints":{"allow":["GET"]}}],"collection":[{"href":"https:\/\/taniabonament.pl\/telewizory\/wp-json\/wp\/v2\/product"}],"about":[{"href":"https:\/\/taniabonament.pl\/telewizory\/wp-json\/wp\/v2\/types\/product"}],"replies":[{"embeddable":true,"href":"https:\/\/taniabonament.pl\/telewizory\/wp-json\/wp\/v2\/comments?post=5142"}],"wp:featuredmedia":[{"embeddable":true,"href":"https:\/\/taniabonament.pl\/telewizory\/wp-json\/wp\/v2\/media\/5143"}],"wp:attachment":[{"href":"https:\/\/taniabonament.pl\/telewizory\/wp-json\/wp\/v2\/media?parent=5142"}],"wp:term":[{"taxonomy":"product_cat","embeddable":true,"href":"https:\/\/taniabonament.pl\/telewizory\/wp-json\/wp\/v2\/product_cat?post=5142"},{"taxonomy":"product_tag","embeddable":true,"href":"https:\/\/taniabonament.pl\/telewizory\/wp-json\/wp\/v2\/product_tag?post=5142"}],"curies":[{"name":"wp","href":"https:\/\/api.w.org\/{rel}","templated":true}]}}