{"id":5096,"date":"2022-03-17T10:06:34","date_gmt":"2022-03-17T10:06:34","guid":{"rendered":"https:\/\/taniabonament.pl\/telewizory\/produkt\/bez-kategorii\/samsung-telewizor-qe85qn90a\/"},"modified":"2022-03-17T10:06:43","modified_gmt":"2022-03-17T10:06:43","slug":"samsung-telewizor-qe85qn90a","status":"publish","type":"product","link":"https:\/\/taniabonament.pl\/telewizory\/produkt\/hevc\/samsung-telewizor-qe85qn90a\/","title":{"rendered":"Samsung telewizor QE85QN90A"},"content":{"rendered":"<p>Przejd\u017a teraz do sklepu internetowego gdzie <a style=\"color: red; text-decoration: underline;\" href=\"https:\/\/converti.se\/click\/34590059-c70e8160-5f3fd1b8\/?deep_link=https%3A%2F%2Fwww.mall.pl%2Ftelewizory%2Fsamsung-telewizor-qe85qn90a&#038;sid=telewizory-hevc&#038;tag6=product&#038;tag8=d440355233439faaba189e89f38acb60&#038;tag9=Samsung+telewizor+QE85QN90A\" rel=\"nofollow noopener\" target=\"_blank\">kupisz ten telewizor<\/a> zgodny ze standardem HEVC czyli DVB-T2. Model TV dost\u0119pny w promocyjnej tej cenie.<\/p>\n","protected":false},"excerpt":{"rendered":"<h4>Dobry <span style='color: #0286E7;'>telewizor<\/span> to gwarancja wy\u015bmienitego obrazu odbieranego w nowym standardzie nadawania DVB-T2 HEVC!<\/h4>\n<p style='padding-top: 10px;'>Samsung telewizor QE85QN90A, cechy i zalety: <\/p>\n<ul style='padding-left: 45px; padding-bottom: 10px;'>\n<li style='padding-top: 10px;'>  \u0141\u0105czno\u015b\u0107: 4\u00d7 HDMI 2<\/li>\n<li style='padding-top: 10px;'>Telewizor Smart Neo QLED o rozdzielczo\u015bci 4K Ultra HD (3840 \u00d7 2160) o przek\u0105tnej 216 cm (85 &#8222;)<\/li>\n<li style='padding-top: 10px;'>4)<\/li>\n<li style='padding-top: 10px;'>0, 1\u00d7 LAN, 1\u00d7 cyfrowe wyj\u015bcie koncentryczne, 1\u00d7 optyczne wyj\u015bcie audio, 1\u00d7 Cl+ (1<\/li>\n<li style='padding-top: 10px;'>Samsung telewizor QE85QN90A. 0, 1\u00d7 LAN, 1\u00d7 cyfrowe wyj\u015bcie koncentryczne, 1\u00d7 optyczne wyj\u015bcie audio, 1\u00d7 Cl+ (1<\/li>\n<li style='padding-top: 10px;'>1 (ARC), 2\u00d7 USB 2<\/li>\n<li style='padding-top: 10px;'>265)\/C\/S\/S2, OS Tizen, Wi-Fi, Bluetooth, Chromecast, DLNA, HbbTV, tryb gry, Steam Link, dekoder Dolby Digital Plus, odtwarzanie USB, nagrywanie transmisji USB, Timeshift, sterowanie g\u0142osowe<\/li>\n<li style='padding-top: 10px;'> Jest wyposa\u017cony w inteligentny procesor Neo Quantum Processor 4K, tryb HDR (HDR10+, HLG), 100% intensywno\u015bci koloru Quantum Dot, podw\u00f3jny tuner DVB-T\/T2 (HEVC\/H<\/li>\n<\/ul>\n<p style='padding: 10px; font-weight: bold; background-color: aliceblue;'>Telewizor z HEVC w dobrej cenie:<\/p>\n<p><img src='https:\/\/taniabonament.pl\/telefony\/wp-content\/uploads\/sklepylogo\/mall-pl-logo.png' style='padding-top: 15px; padding-left: 48px; padding-bottom: 15px;' alt='Mall.pl sklep' \/><\/p>\n","protected":false},"featured_media":5097,"comment_status":"closed","ping_status":"open","template":"","meta":[],"product_cat":[489],"product_tag":[],"class_list":{"0":"post-5096","1":"product","2":"type-product","3":"status-publish","6":"product_cat-hevc","7":"pa_model-qe85qn90aatxxh","8":"pa_producent-samsung","9":"pa_sklep-mall-pl","10":"pa_typ-produktu-telewizor","12":"first","13":"instock","14":"sale","15":"product-type-external"},"_links":{"self":[{"href":"https:\/\/taniabonament.pl\/telewizory\/wp-json\/wp\/v2\/product\/5096","targetHints":{"allow":["GET"]}}],"collection":[{"href":"https:\/\/taniabonament.pl\/telewizory\/wp-json\/wp\/v2\/product"}],"about":[{"href":"https:\/\/taniabonament.pl\/telewizory\/wp-json\/wp\/v2\/types\/product"}],"replies":[{"embeddable":true,"href":"https:\/\/taniabonament.pl\/telewizory\/wp-json\/wp\/v2\/comments?post=5096"}],"wp:featuredmedia":[{"embeddable":true,"href":"https:\/\/taniabonament.pl\/telewizory\/wp-json\/wp\/v2\/media\/5097"}],"wp:attachment":[{"href":"https:\/\/taniabonament.pl\/telewizory\/wp-json\/wp\/v2\/media?parent=5096"}],"wp:term":[{"taxonomy":"product_cat","embeddable":true,"href":"https:\/\/taniabonament.pl\/telewizory\/wp-json\/wp\/v2\/product_cat?post=5096"},{"taxonomy":"product_tag","embeddable":true,"href":"https:\/\/taniabonament.pl\/telewizory\/wp-json\/wp\/v2\/product_tag?post=5096"}],"curies":[{"name":"wp","href":"https:\/\/api.w.org\/{rel}","templated":true}]}}