{"id":5076,"date":"2022-03-17T10:06:34","date_gmt":"2022-03-17T10:06:34","guid":{"rendered":"https:\/\/taniabonament.pl\/telewizory\/produkt\/bez-kategorii\/sony-telewizor-kd-75x81j\/"},"modified":"2022-03-17T10:06:37","modified_gmt":"2022-03-17T10:06:37","slug":"sony-telewizor-kd-75x81j","status":"publish","type":"product","link":"https:\/\/taniabonament.pl\/telewizory\/produkt\/hevc\/sony-telewizor-kd-75x81j\/","title":{"rendered":"SONY telewizor KD-75X81J"},"content":{"rendered":"<p>Przejd\u017a teraz do sklepu internetowego gdzie <a style=\"color: red; text-decoration: underline;\" href=\"https:\/\/converti.se\/click\/34590059-c70e8160-5f3fd1b8\/?deep_link=https%3A%2F%2Fwww.mall.pl%2Ftelewizory%2Fsony-telewizor-kd-75x81j&#038;sid=telewizory-hevc&#038;tag6=product&#038;tag8=4f02d9a32a7a27a545ea05a0d4671c8c&#038;tag9=SONY+telewizor+KD-75X81J\" rel=\"nofollow noopener\" target=\"_blank\">kupisz ten telewizor<\/a> zgodny ze standardem HEVC czyli DVB-T2. Model TV dost\u0119pny w promocyjnej tej cenie.<\/p>\n","protected":false},"excerpt":{"rendered":"<h4>Dobry <span style='color: #0286E7;'>telewizor<\/span> to gwarancja wy\u015bmienitego obrazu odbieranego w nowym standardzie nadawania DVB-T2 HEVC!<\/h4>\n<p style='padding-top: 10px;'>SONY telewizor KD-75X81J, cechy i zalety: <\/p>\n<ul style='padding-left: 45px; padding-bottom: 10px;'>\n<li style='padding-top: 10px;'> 0, 2\u00d7 USB, LAN, optyczne wyj\u015bcie audio, wyj\u015bcie s\u0142uchawkowe, slot CI<\/li>\n<li style='padding-top: 10px;'> Interfejs: 4\u00d7 HDMI 2<\/li>\n<li style='padding-top: 10px;'>Telewizor Smart TV o rozdzielczo\u015bci 4K Ultra HD (3840\u00d72160) i przek\u0105tnej 191 cm (75&#8243;), tuner DVB-T\/T2 (HEVC)\/C\/S\/S2, OS Android 10, 4K HDR processor X1, technologie 4K X-Reality PRO, Object-based HDR Remaster, HDR10, HLG, realistyczne kolory TRILUMINOS PRO, Dolby Vision, Wi-Fi, DLNA, Bluetooth, Chromecast, Apple AirPlay \/ HomeKit, sterowanie g\u0142osem, g\u0142o\u015bnik X-Balanced Speaker, Dolby Atmos, Google TV, tryb gry, nagrywanie transmisji na USB<\/li>\n<li style='padding-top: 10px;'>SONY telewizor KD-75X81J. Telewizor Smart TV o rozdzielczo\u015bci 4K Ultra HD (3840\u00d72160) i przek\u0105tnej 191 cm (75&#8243;), tuner DVB-T\/T2 (HEVC)\/C\/S\/S2, OS Android 10, 4K HDR processor X1, technologie 4K X-Reality PRO, Object-based HDR Remaster, HDR10, HLG, realistyczne kolory TRILUMINOS PRO, Dolby Vision, Wi-Fi, DLNA, Bluetooth, Chromecast, Apple AirPlay \/ HomeKit, sterowanie g\u0142osem, g\u0142o\u015bnik X-Balanced Speaker, Dolby Atmos, Google TV, tryb gry, nagrywanie transmisji na USB<\/li>\n<\/ul>\n<p style='padding: 10px; font-weight: bold; background-color: aliceblue;'>Telewizor z HEVC w dobrej cenie:<\/p>\n<p><img src='https:\/\/taniabonament.pl\/telefony\/wp-content\/uploads\/sklepylogo\/mall-pl-logo.png' style='padding-top: 15px; padding-left: 48px; padding-bottom: 15px;' alt='Mall.pl sklep' \/><\/p>\n","protected":false},"featured_media":5077,"comment_status":"closed","ping_status":"open","template":"","meta":[],"product_cat":[489],"product_tag":[],"class_list":{"0":"post-5076","1":"product","2":"type-product","3":"status-publish","6":"product_cat-hevc","7":"pa_model-kd75x81jaep","8":"pa_producent-sony","9":"pa_sklep-mall-pl","10":"pa_typ-produktu-telewizor","12":"first","13":"instock","14":"product-type-external"},"_links":{"self":[{"href":"https:\/\/taniabonament.pl\/telewizory\/wp-json\/wp\/v2\/product\/5076","targetHints":{"allow":["GET"]}}],"collection":[{"href":"https:\/\/taniabonament.pl\/telewizory\/wp-json\/wp\/v2\/product"}],"about":[{"href":"https:\/\/taniabonament.pl\/telewizory\/wp-json\/wp\/v2\/types\/product"}],"replies":[{"embeddable":true,"href":"https:\/\/taniabonament.pl\/telewizory\/wp-json\/wp\/v2\/comments?post=5076"}],"wp:featuredmedia":[{"embeddable":true,"href":"https:\/\/taniabonament.pl\/telewizory\/wp-json\/wp\/v2\/media\/5077"}],"wp:attachment":[{"href":"https:\/\/taniabonament.pl\/telewizory\/wp-json\/wp\/v2\/media?parent=5076"}],"wp:term":[{"taxonomy":"product_cat","embeddable":true,"href":"https:\/\/taniabonament.pl\/telewizory\/wp-json\/wp\/v2\/product_cat?post=5076"},{"taxonomy":"product_tag","embeddable":true,"href":"https:\/\/taniabonament.pl\/telewizory\/wp-json\/wp\/v2\/product_tag?post=5076"}],"curies":[{"name":"wp","href":"https:\/\/api.w.org\/{rel}","templated":true}]}}