{"id":5036,"date":"2022-03-17T10:06:21","date_gmt":"2022-03-17T10:06:21","guid":{"rendered":"https:\/\/taniabonament.pl\/telewizory\/produkt\/bez-kategorii\/tcl-telewizor-32d4300\/"},"modified":"2022-03-17T10:06:23","modified_gmt":"2022-03-17T10:06:23","slug":"tcl-telewizor-32d4300","status":"publish","type":"product","link":"https:\/\/taniabonament.pl\/telewizory\/produkt\/hevc\/tcl-telewizor-32d4300\/","title":{"rendered":"TCL telewizor 32D4300"},"content":{"rendered":"<p>Przejd\u017a teraz do sklepu internetowego gdzie <a style=\"color: red; text-decoration: underline;\" href=\"https:\/\/converti.se\/click\/34590059-c70e8160-5f3fd1b8\/?deep_link=https%3A%2F%2Fwww.mall.pl%2Ftelewizory%2Ftcl-telewizor-32d4300&#038;sid=telewizory-hevc&#038;tag6=product&#038;tag8=aed3447e0037a78a391a343cf30acf8b&#038;tag9=TCL+telewizor+32D4300\" rel=\"nofollow noopener\" target=\"_blank\">kupisz ten telewizor<\/a> zgodny ze standardem HEVC czyli DVB-T2. Model TV dost\u0119pny w promocyjnej tej cenie.<\/p>\n","protected":false},"excerpt":{"rendered":"<h4>Dobry <span style='color: #0286E7;'>telewizor<\/span> to gwarancja wy\u015bmienitego obrazu odbieranego w nowym standardzie nadawania DVB-T2 HEVC!<\/h4>\n<p style='padding-top: 10px;'>TCL telewizor 32D4300, cechy i zalety: <\/p>\n<ul style='padding-left: 45px; padding-bottom: 10px;'>\n<li style='padding-top: 10px;'> Telewizor LED o rozdzielczo\u015bci HD ready (1366\u00d7768) i przek\u0105tnej 80 cm (32 &#8222;), pod\u015bwietlenie Direct LED, tunery DVB-T\/T2 (HEVC)\/C\/S\/S2,, LAN<\/li>\n<li style='padding-top: 10px;'>0, LAN, slot CI+, optyczne wyj\u015bcie audio, wyj\u015bcie s\u0142uchawkowe (z osobn\u0105 regulacj\u0105)<\/li>\n<li style='padding-top: 10px;'>4 (ARC, CEC), 1 \u00d7 USB 2<\/li>\n<li style='padding-top: 10px;'> D\u017awi\u0119k przestrzenny Dolby Digital Plus<\/li>\n<li style='padding-top: 10px;'>TCL telewizor 32D4300.  D\u017awi\u0119k przestrzenny Dolby Digital Plus<\/li>\n<li style='padding-top: 10px;'> Interfejs: 2 \u00d7 HDMI 1<\/li>\n<\/ul>\n<p style='padding: 10px; font-weight: bold; background-color: aliceblue;'>Telewizor z HEVC w dobrej cenie:<\/p>\n<p><img src='https:\/\/taniabonament.pl\/telefony\/wp-content\/uploads\/sklepylogo\/mall-pl-logo.png' style='padding-top: 15px; padding-left: 48px; padding-bottom: 15px;' alt='Mall.pl sklep' \/><\/p>\n","protected":false},"featured_media":5037,"comment_status":"closed","ping_status":"open","template":"","meta":[],"product_cat":[489],"product_tag":[],"class_list":{"0":"post-5036","1":"product","2":"type-product","3":"status-publish","6":"product_cat-hevc","7":"pa_producent-tcl","8":"pa_sklep-mall-pl","9":"pa_typ-produktu-telewizor","11":"first","12":"instock","13":"sale","14":"product-type-external"},"_links":{"self":[{"href":"https:\/\/taniabonament.pl\/telewizory\/wp-json\/wp\/v2\/product\/5036","targetHints":{"allow":["GET"]}}],"collection":[{"href":"https:\/\/taniabonament.pl\/telewizory\/wp-json\/wp\/v2\/product"}],"about":[{"href":"https:\/\/taniabonament.pl\/telewizory\/wp-json\/wp\/v2\/types\/product"}],"replies":[{"embeddable":true,"href":"https:\/\/taniabonament.pl\/telewizory\/wp-json\/wp\/v2\/comments?post=5036"}],"wp:featuredmedia":[{"embeddable":true,"href":"https:\/\/taniabonament.pl\/telewizory\/wp-json\/wp\/v2\/media\/5037"}],"wp:attachment":[{"href":"https:\/\/taniabonament.pl\/telewizory\/wp-json\/wp\/v2\/media?parent=5036"}],"wp:term":[{"taxonomy":"product_cat","embeddable":true,"href":"https:\/\/taniabonament.pl\/telewizory\/wp-json\/wp\/v2\/product_cat?post=5036"},{"taxonomy":"product_tag","embeddable":true,"href":"https:\/\/taniabonament.pl\/telewizory\/wp-json\/wp\/v2\/product_tag?post=5036"}],"curies":[{"name":"wp","href":"https:\/\/api.w.org\/{rel}","templated":true}]}}