{"id":4996,"date":"2022-03-17T10:06:07","date_gmt":"2022-03-17T10:06:07","guid":{"rendered":"https:\/\/taniabonament.pl\/telewizory\/produkt\/bez-kategorii\/lg-telewizor-75up7500\/"},"modified":"2022-03-17T10:06:09","modified_gmt":"2022-03-17T10:06:09","slug":"lg-telewizor-75up7500","status":"publish","type":"product","link":"https:\/\/taniabonament.pl\/telewizory\/produkt\/hevc\/lg-telewizor-75up7500\/","title":{"rendered":"LG Telewizor 75UP7500"},"content":{"rendered":"<p>Przejd\u017a teraz do sklepu internetowego gdzie <a style=\"color: red; text-decoration: underline;\" href=\"https:\/\/converti.se\/click\/34590059-c70e8160-5f3fd1b8\/?deep_link=https%3A%2F%2Fwww.mall.pl%2Ftelewizory%2Flg-telewizor-75up7500&#038;sid=telewizory-hevc&#038;tag6=product&#038;tag8=1806a33a391855515175e81aab067bd5&#038;tag9=LG+Telewizor+75UP7500\" rel=\"nofollow noopener\" target=\"_blank\">kupisz ten telewizor<\/a> zgodny ze standardem HEVC czyli DVB-T2. Model TV dost\u0119pny w promocyjnej tej cenie.<\/p>\n","protected":false},"excerpt":{"rendered":"<h4>Dobry <span style='color: #0286E7;'>telewizor<\/span> to gwarancja wy\u015bmienitego obrazu odbieranego w nowym standardzie nadawania DVB-T2 HEVC!<\/h4>\n<p style='padding-top: 10px;'>LG Telewizor 75UP7500, cechy i zalety: <\/p>\n<ul style='padding-left: 45px; padding-bottom: 10px;'>\n<li style='padding-top: 10px;'>  OS webOS 6<\/li>\n<li style='padding-top: 10px;'> Interfejs: 2\u00d7 HDMI 2<\/li>\n<li style='padding-top: 10px;'>0, przegl\u0105darka internetowa Wi-Fi, Bluetooth, LAN, DLNA, HbbTV, O2 TV, tryb gry, Miracast, nagrywanie na USB, Timeshift, Skylink Fastscan, Skylink Live TV<\/li>\n<li style='padding-top: 10px;'>0, optyczne wyj\u015bcie audio, slot CI+<\/li>\n<li style='padding-top: 10px;'>LG Telewizor 75UP7500. 0, optyczne wyj\u015bcie audio, slot CI+<\/li>\n<li style='padding-top: 10px;'>Smart TV o rozdzielczo\u015bci 4K Ultra HD (3840\u00d72160) o przek\u0105tnej 189 cm (75&#8243;), tuner DVB-T\/T2 (HEVC)\/S2\/C, wysoki zakres dynamiki HDR<\/li>\n<li style='padding-top: 10px;'>0b (eARC) , 1\u00d7 USB 2<\/li>\n<\/ul>\n<p style='padding: 10px; font-weight: bold; background-color: aliceblue;'>Telewizor z HEVC w dobrej cenie:<\/p>\n<p><img src='https:\/\/taniabonament.pl\/telefony\/wp-content\/uploads\/sklepylogo\/mall-pl-logo.png' style='padding-top: 15px; padding-left: 48px; padding-bottom: 15px;' alt='Mall.pl sklep' \/><\/p>\n","protected":false},"featured_media":4997,"comment_status":"closed","ping_status":"open","template":"","meta":[],"product_cat":[489],"product_tag":[],"class_list":{"0":"post-4996","1":"product","2":"type-product","3":"status-publish","6":"product_cat-hevc","7":"pa_model-75up75003lc-aeu","8":"pa_producent-lg","9":"pa_sklep-mall-pl","10":"pa_typ-produktu-telewizor","12":"first","13":"instock","14":"sale","15":"product-type-external"},"_links":{"self":[{"href":"https:\/\/taniabonament.pl\/telewizory\/wp-json\/wp\/v2\/product\/4996","targetHints":{"allow":["GET"]}}],"collection":[{"href":"https:\/\/taniabonament.pl\/telewizory\/wp-json\/wp\/v2\/product"}],"about":[{"href":"https:\/\/taniabonament.pl\/telewizory\/wp-json\/wp\/v2\/types\/product"}],"replies":[{"embeddable":true,"href":"https:\/\/taniabonament.pl\/telewizory\/wp-json\/wp\/v2\/comments?post=4996"}],"wp:featuredmedia":[{"embeddable":true,"href":"https:\/\/taniabonament.pl\/telewizory\/wp-json\/wp\/v2\/media\/4997"}],"wp:attachment":[{"href":"https:\/\/taniabonament.pl\/telewizory\/wp-json\/wp\/v2\/media?parent=4996"}],"wp:term":[{"taxonomy":"product_cat","embeddable":true,"href":"https:\/\/taniabonament.pl\/telewizory\/wp-json\/wp\/v2\/product_cat?post=4996"},{"taxonomy":"product_tag","embeddable":true,"href":"https:\/\/taniabonament.pl\/telewizory\/wp-json\/wp\/v2\/product_tag?post=4996"}],"curies":[{"name":"wp","href":"https:\/\/api.w.org\/{rel}","templated":true}]}}