{"id":4988,"date":"2022-03-17T10:05:53","date_gmt":"2022-03-17T10:05:53","guid":{"rendered":"https:\/\/taniabonament.pl\/telewizory\/produkt\/bez-kategorii\/gogen-telewizor-tvu-50w652-stweb\/"},"modified":"2022-03-17T10:06:06","modified_gmt":"2022-03-17T10:06:06","slug":"gogen-telewizor-tvu-50w652-stweb","status":"publish","type":"product","link":"https:\/\/taniabonament.pl\/telewizory\/produkt\/hevc\/gogen-telewizor-tvu-50w652-stweb\/","title":{"rendered":"GoGEN telewizor TVU 50W652 STWEB"},"content":{"rendered":"<p>Przejd\u017a teraz do sklepu internetowego gdzie <a style=\"color: red; text-decoration: underline;\" href=\"https:\/\/converti.se\/click\/34590059-c70e8160-5f3fd1b8\/?deep_link=https%3A%2F%2Fwww.mall.pl%2Ftelewizory%2Fgogen-telewizor-tvu-50w652-stweb&#038;sid=telewizory-hevc&#038;tag6=product&#038;tag8=0203783689535ca5b576044b1a76364b&#038;tag9=GoGEN+telewizor+TVU+50W652+STWEB\" rel=\"nofollow noopener\" target=\"_blank\">kupisz ten telewizor<\/a> zgodny ze standardem HEVC czyli DVB-T2. Model TV dost\u0119pny w promocyjnej tej cenie.<\/p>\n","protected":false},"excerpt":{"rendered":"<h4>Dobry <span style='color: #0286E7;'>telewizor<\/span> to gwarancja wy\u015bmienitego obrazu odbieranego w nowym standardzie nadawania DVB-T2 HEVC!<\/h4>\n<p style='padding-top: 10px;'>GoGEN telewizor TVU 50W652, cechy i zalety: <\/p>\n<ul style='padding-left: 45px; padding-bottom: 10px;'>\n<li style='padding-top: 10px;'> Telewizor Smart 4K Ultra HD (3840 \u00d7 2160) o przek\u0105tnej 127 cm (50&#8243;) oferuje panel VA, obs\u0142ug\u0119 HDR\/Dolby Vision, tuner DVB-T\/T2 (HEVC)\/C\/S2, Skylink FastScan, Skylink Live TV, Wi-Fi, LAN, Bluetooth, przegl\u0105dark\u0119 internetow\u0105, HbbTV, udost\u0119pnianie DLNA, Miracast, aplikacje internetowe, odtwarzanie z USB, tryb hotelowy<\/li>\n<li style='padding-top: 10px;'>0 (ARC), 2\u00d7 USB 2<\/li>\n<li style='padding-top: 10px;'>0, 1\u00d7 VGA (D-Sub), 1\u00d7 wej\u015bcie kompozytowe, 1\u00d7 optyczne wyj\u015bcie audio, 1\u00d7 wyj\u015bcie s\u0142uchawkowe<\/li>\n<li style='padding-top: 10px;'> Interfejs: 3\u00d7 HDMI 2<\/li>\n<li style='padding-top: 10px;'>GoGEN telewizor TVU 50W652.  Interfejs: 3\u00d7 HDMI 2<\/li>\n<\/ul>\n<p style='padding: 10px; font-weight: bold; background-color: aliceblue;'>Telewizor z HEVC w dobrej cenie:<\/p>\n<p><img src='https:\/\/taniabonament.pl\/telefony\/wp-content\/uploads\/sklepylogo\/mall-pl-logo.png' style='padding-top: 15px; padding-left: 48px; padding-bottom: 15px;' alt='Mall.pl sklep' \/><\/p>\n","protected":false},"featured_media":4989,"comment_status":"closed","ping_status":"open","template":"","meta":[],"product_cat":[489],"product_tag":[],"class_list":{"0":"post-4988","1":"product","2":"type-product","3":"status-publish","6":"product_cat-hevc","7":"pa_producent-gogen","8":"pa_sklep-mall-pl","9":"pa_typ-produktu-telewizor","11":"first","12":"instock","13":"product-type-external"},"_links":{"self":[{"href":"https:\/\/taniabonament.pl\/telewizory\/wp-json\/wp\/v2\/product\/4988","targetHints":{"allow":["GET"]}}],"collection":[{"href":"https:\/\/taniabonament.pl\/telewizory\/wp-json\/wp\/v2\/product"}],"about":[{"href":"https:\/\/taniabonament.pl\/telewizory\/wp-json\/wp\/v2\/types\/product"}],"replies":[{"embeddable":true,"href":"https:\/\/taniabonament.pl\/telewizory\/wp-json\/wp\/v2\/comments?post=4988"}],"wp:featuredmedia":[{"embeddable":true,"href":"https:\/\/taniabonament.pl\/telewizory\/wp-json\/wp\/v2\/media\/4989"}],"wp:attachment":[{"href":"https:\/\/taniabonament.pl\/telewizory\/wp-json\/wp\/v2\/media?parent=4988"}],"wp:term":[{"taxonomy":"product_cat","embeddable":true,"href":"https:\/\/taniabonament.pl\/telewizory\/wp-json\/wp\/v2\/product_cat?post=4988"},{"taxonomy":"product_tag","embeddable":true,"href":"https:\/\/taniabonament.pl\/telewizory\/wp-json\/wp\/v2\/product_tag?post=4988"}],"curies":[{"name":"wp","href":"https:\/\/api.w.org\/{rel}","templated":true}]}}