{"id":4986,"date":"2022-03-17T10:05:53","date_gmt":"2022-03-17T10:05:53","guid":{"rendered":"https:\/\/taniabonament.pl\/telewizory\/produkt\/bez-kategorii\/orava-telewizor-lt-1397\/"},"modified":"2022-03-17T10:06:05","modified_gmt":"2022-03-17T10:06:05","slug":"orava-telewizor-lt-1397","status":"publish","type":"product","link":"https:\/\/taniabonament.pl\/telewizory\/produkt\/hevc\/orava-telewizor-lt-1397\/","title":{"rendered":"Orava telewizor LT-1397"},"content":{"rendered":"<p>Przejd\u017a teraz do sklepu internetowego gdzie <a style=\"color: red; text-decoration: underline;\" href=\"https:\/\/converti.se\/click\/34590059-c70e8160-5f3fd1b8\/?deep_link=https%3A%2F%2Fwww.mall.pl%2Ftelewizory%2Forava-telewizor-lt-1397&#038;sid=telewizory-hevc&#038;tag6=product&#038;tag8=c55bce676b26692d901abfe6ab3e5405&#038;tag9=Orava+telewizor+LT-1397\" rel=\"nofollow noopener\" target=\"_blank\">kupisz ten telewizor<\/a> zgodny ze standardem HEVC czyli DVB-T2. Model TV dost\u0119pny w promocyjnej tej cenie.<\/p>\n","protected":false},"excerpt":{"rendered":"<h4>Dobry <span style='color: #0286E7;'>telewizor<\/span> to gwarancja wy\u015bmienitego obrazu odbieranego w nowym standardzie nadawania DVB-T2 HEVC!<\/h4>\n<p style='padding-top: 10px;'>Orava telewizor LT-1397, cechy i zalety: <\/p>\n<ul style='padding-left: 45px; padding-bottom: 10px;'>\n<li style='padding-top: 10px;'>  Posiada on \u0142\u0105czno\u015b\u0107 Wi-Fi, LAN, 3 z\u0142\u0105cza HDMI (ARC), 2 porty USB, cyfrowe wyj\u015bcie optyczne i oferuje tryb hotelowy<\/li>\n<li style='padding-top: 10px;'>Telewizor o rozdzielczo\u015bci 4K Ultra HD i przek\u0105tnej ekranu 50&#8243; (127 cm)<\/li>\n<li style='padding-top: 10px;'> Posiada tuner cyfrowy DVB-T\/T2 (HEVC)\/C\/S2 i udogodnienia takie jak Smart TV, przegl\u0105dark\u0119 internetow\u0105, DLNA, HbbTV, odtwarzacz USB, nagrywanie program\u00f3w, funkcj\u0119 Timeshift i przewodnik EPG<\/li>\n<li style='padding-top: 10px;'>Orava telewizor LT-1397.  Posiada tuner cyfrowy DVB-T\/T2 (HEVC)\/C\/S2 i udogodnienia takie jak Smart TV, przegl\u0105dark\u0119 internetow\u0105, DLNA, HbbTV, odtwarzacz USB, nagrywanie program\u00f3w, funkcj\u0119 Timeshift i przewodnik EPG<\/li>\n<\/ul>\n<p style='padding: 10px; font-weight: bold; background-color: aliceblue;'>Telewizor z HEVC w dobrej cenie:<\/p>\n<p><img src='https:\/\/taniabonament.pl\/telefony\/wp-content\/uploads\/sklepylogo\/mall-pl-logo.png' style='padding-top: 15px; padding-left: 48px; padding-bottom: 15px;' alt='Mall.pl sklep' \/><\/p>\n","protected":false},"featured_media":4987,"comment_status":"closed","ping_status":"open","template":"","meta":[],"product_cat":[489],"product_tag":[],"class_list":{"0":"post-4986","1":"product","2":"type-product","3":"status-publish","6":"product_cat-hevc","7":"pa_producent-orava","8":"pa_sklep-mall-pl","9":"pa_typ-produktu-telewizor","11":"first","12":"instock","13":"product-type-external"},"_links":{"self":[{"href":"https:\/\/taniabonament.pl\/telewizory\/wp-json\/wp\/v2\/product\/4986","targetHints":{"allow":["GET"]}}],"collection":[{"href":"https:\/\/taniabonament.pl\/telewizory\/wp-json\/wp\/v2\/product"}],"about":[{"href":"https:\/\/taniabonament.pl\/telewizory\/wp-json\/wp\/v2\/types\/product"}],"replies":[{"embeddable":true,"href":"https:\/\/taniabonament.pl\/telewizory\/wp-json\/wp\/v2\/comments?post=4986"}],"wp:featuredmedia":[{"embeddable":true,"href":"https:\/\/taniabonament.pl\/telewizory\/wp-json\/wp\/v2\/media\/4987"}],"wp:attachment":[{"href":"https:\/\/taniabonament.pl\/telewizory\/wp-json\/wp\/v2\/media?parent=4986"}],"wp:term":[{"taxonomy":"product_cat","embeddable":true,"href":"https:\/\/taniabonament.pl\/telewizory\/wp-json\/wp\/v2\/product_cat?post=4986"},{"taxonomy":"product_tag","embeddable":true,"href":"https:\/\/taniabonament.pl\/telewizory\/wp-json\/wp\/v2\/product_tag?post=4986"}],"curies":[{"name":"wp","href":"https:\/\/api.w.org\/{rel}","templated":true}]}}