{"id":4980,"date":"2022-03-17T10:05:53","date_gmt":"2022-03-17T10:05:53","guid":{"rendered":"https:\/\/taniabonament.pl\/telewizory\/produkt\/bez-kategorii\/samsung-telewizor-qe75qn85a\/"},"modified":"2022-03-17T10:06:03","modified_gmt":"2022-03-17T10:06:03","slug":"samsung-telewizor-qe75qn85a","status":"publish","type":"product","link":"https:\/\/taniabonament.pl\/telewizory\/produkt\/hevc\/samsung-telewizor-qe75qn85a\/","title":{"rendered":"Samsung telewizor QE75QN85A"},"content":{"rendered":"<p>Przejd\u017a teraz do sklepu internetowego gdzie <a style=\"color: red; text-decoration: underline;\" href=\"https:\/\/converti.se\/click\/34590059-c70e8160-5f3fd1b8\/?deep_link=https%3A%2F%2Fwww.mall.pl%2Ftelewizory%2Fsamsung-telewizor-qe75qn85a&#038;sid=telewizory-hevc&#038;tag6=product&#038;tag8=1555308a8ee175b64f006ed5fd9fad3a&#038;tag9=Samsung+telewizor+QE75QN85A\" rel=\"nofollow noopener\" target=\"_blank\">kupisz ten telewizor<\/a> zgodny ze standardem HEVC czyli DVB-T2. Model TV dost\u0119pny w promocyjnej tej cenie.<\/p>\n","protected":false},"excerpt":{"rendered":"<h4>Dobry <span style='color: #0286E7;'>telewizor<\/span> to gwarancja wy\u015bmienitego obrazu odbieranego w nowym standardzie nadawania DVB-T2 HEVC!<\/h4>\n<p style='padding-top: 10px;'>Samsung telewizor QE75QN85A, cechy i zalety: <\/p>\n<ul style='padding-left: 45px; padding-bottom: 10px;'>\n<li style='padding-top: 10px;'> 265)\/C\/S\/S2, OS Tizen, Wi-Fi, przegl\u0105darka internetowa, Bluetooth, Chromecast, DLNA, HbbTV, tryb gry, Steam Link, obraz w obrazie (PIP), odtwarzanie z USB, nagrywanie transmisji na USB, Timeshift, sterowanie g\u0142osowe, YouTube, Netflix, Apple TV, Skylink Live TV, HBO GO, Skylink Fastscan<\/li>\n<li style='padding-top: 10px;'> Interfejs: 4\u00d7 HDMI 2<\/li>\n<li style='padding-top: 10px;'>0 (eARC), 2\u00d7 USB 2<\/li>\n<li style='padding-top: 10px;'>Samsung telewizor QE75QN85A. 0 (eARC), 2\u00d7 USB 2<\/li>\n<li style='padding-top: 10px;'>1\/2<\/li>\n<li style='padding-top: 10px;'> HDR (HDR10+, HLG), tuner DVB-T\/T2 (HEVC\/H<\/li>\n<li style='padding-top: 10px;'>0, 1\u00d7 LAN, 2\u00d7 cyfrowe wyj\u015bcie koncentryczne, 1\u00d7 optyczne wyj\u015bcie audio, 1\u00d7 Cl+<\/li>\n<li style='padding-top: 10px;'>Telewizor Smart Neo QLED o rozdzielczo\u015bci 4K Ultra HD (3840 \u00d7 2160) o przek\u0105tnej 189 cm (75 &#8222;)<\/li>\n<\/ul>\n<p style='padding: 10px; font-weight: bold; background-color: aliceblue;'>Telewizor z HEVC w dobrej cenie:<\/p>\n<p><img src='https:\/\/taniabonament.pl\/telefony\/wp-content\/uploads\/sklepylogo\/mall-pl-logo.png' style='padding-top: 15px; padding-left: 48px; padding-bottom: 15px;' alt='Mall.pl sklep' \/><\/p>\n","protected":false},"featured_media":4981,"comment_status":"closed","ping_status":"open","template":"","meta":[],"product_cat":[489],"product_tag":[],"class_list":{"0":"post-4980","1":"product","2":"type-product","3":"status-publish","6":"product_cat-hevc","7":"pa_model-qe75qn85aatxxh","8":"pa_producent-samsung","9":"pa_sklep-mall-pl","10":"pa_typ-produktu-telewizor","12":"first","13":"instock","14":"sale","15":"product-type-external"},"_links":{"self":[{"href":"https:\/\/taniabonament.pl\/telewizory\/wp-json\/wp\/v2\/product\/4980","targetHints":{"allow":["GET"]}}],"collection":[{"href":"https:\/\/taniabonament.pl\/telewizory\/wp-json\/wp\/v2\/product"}],"about":[{"href":"https:\/\/taniabonament.pl\/telewizory\/wp-json\/wp\/v2\/types\/product"}],"replies":[{"embeddable":true,"href":"https:\/\/taniabonament.pl\/telewizory\/wp-json\/wp\/v2\/comments?post=4980"}],"wp:featuredmedia":[{"embeddable":true,"href":"https:\/\/taniabonament.pl\/telewizory\/wp-json\/wp\/v2\/media\/4981"}],"wp:attachment":[{"href":"https:\/\/taniabonament.pl\/telewizory\/wp-json\/wp\/v2\/media?parent=4980"}],"wp:term":[{"taxonomy":"product_cat","embeddable":true,"href":"https:\/\/taniabonament.pl\/telewizory\/wp-json\/wp\/v2\/product_cat?post=4980"},{"taxonomy":"product_tag","embeddable":true,"href":"https:\/\/taniabonament.pl\/telewizory\/wp-json\/wp\/v2\/product_tag?post=4980"}],"curies":[{"name":"wp","href":"https:\/\/api.w.org\/{rel}","templated":true}]}}