{"id":4938,"date":"2022-03-17T10:05:38","date_gmt":"2022-03-17T10:05:38","guid":{"rendered":"https:\/\/taniabonament.pl\/telewizory\/produkt\/bez-kategorii\/orava-telewizor-lt-1019\/"},"modified":"2022-03-17T10:05:49","modified_gmt":"2022-03-17T10:05:49","slug":"orava-telewizor-lt-1019","status":"publish","type":"product","link":"https:\/\/taniabonament.pl\/telewizory\/produkt\/hevc\/orava-telewizor-lt-1019\/","title":{"rendered":"Orava telewizor LT-1019"},"content":{"rendered":"<p>Przejd\u017a teraz do sklepu internetowego gdzie <a style=\"color: red; text-decoration: underline;\" href=\"https:\/\/converti.se\/click\/34590059-c70e8160-5f3fd1b8\/?deep_link=https%3A%2F%2Fwww.mall.pl%2Ftelewizory%2Forava-telewizor-lt-1019&#038;sid=telewizory-hevc&#038;tag6=product&#038;tag8=915a9c92f94481894d62e8e21640dd9a&#038;tag9=Orava+telewizor+LT-1019\" rel=\"nofollow noopener\" target=\"_blank\">kupisz ten telewizor<\/a> zgodny ze standardem HEVC czyli DVB-T2. Model TV dost\u0119pny w promocyjnej tej cenie.<\/p>\n","protected":false},"excerpt":{"rendered":"<h4>Dobry <span style='color: #0286E7;'>telewizor<\/span> to gwarancja wy\u015bmienitego obrazu odbieranego w nowym standardzie nadawania DVB-T2 HEVC!<\/h4>\n<p style='padding-top: 10px;'>Orava telewizor LT-1019, cechy i zalety: <\/p>\n<ul style='padding-left: 45px; padding-bottom: 10px;'>\n<li style='padding-top: 10px;'> Telewizor Smart z rozdzielczo\u015bci\u0105 HD ready (1366\u00d7768), o przek\u0105tnej 99 cm (39 &#8222;) , tunery DVB-T\/T2 (HEVC)\/C<\/li>\n<li style='padding-top: 10px;'>0 (ARC, CEC), 1\u00d7 USB 2<\/li>\n<li style='padding-top: 10px;'> System operacyjny Linux, Wi-Fi, przegl\u0105darka internetowa, Youtube, Netflix, HbbTV, LAN, DLNA, USB do nagrywania i odtwarzania, przewodnik po programach EPG, telegazeta, tryb hotelowy<\/li>\n<li style='padding-top: 10px;'>0, VGA, wej\u015bcie komponentowe, koaksjalne wyj\u015bcie audio, cyfrowe wyj\u015bcie optyczne, wyj\u015bcie s\u0142uchawkowe, slot CI+<\/li>\n<li style='padding-top: 10px;'>Orava telewizor LT-1019. 0, VGA, wej\u015bcie komponentowe, koaksjalne wyj\u015bcie audio, cyfrowe wyj\u015bcie optyczne, wyj\u015bcie s\u0142uchawkowe, slot CI+<\/li>\n<li style='padding-top: 10px;'> Po\u0142\u0105czenie: 2\u00d7 HDMI 2<\/li>\n<\/ul>\n<p style='padding: 10px; font-weight: bold; background-color: aliceblue;'>Telewizor z HEVC w dobrej cenie:<\/p>\n<p><img src='https:\/\/taniabonament.pl\/telefony\/wp-content\/uploads\/sklepylogo\/mall-pl-logo.png' style='padding-top: 15px; padding-left: 48px; padding-bottom: 15px;' alt='Mall.pl sklep' \/><\/p>\n","protected":false},"featured_media":4939,"comment_status":"closed","ping_status":"open","template":"","meta":[],"product_cat":[489],"product_tag":[],"class_list":{"0":"post-4938","1":"product","2":"type-product","3":"status-publish","6":"product_cat-hevc","7":"pa_producent-orava","8":"pa_sklep-mall-pl","9":"pa_typ-produktu-telewizor","11":"first","12":"instock","13":"product-type-external"},"_links":{"self":[{"href":"https:\/\/taniabonament.pl\/telewizory\/wp-json\/wp\/v2\/product\/4938","targetHints":{"allow":["GET"]}}],"collection":[{"href":"https:\/\/taniabonament.pl\/telewizory\/wp-json\/wp\/v2\/product"}],"about":[{"href":"https:\/\/taniabonament.pl\/telewizory\/wp-json\/wp\/v2\/types\/product"}],"replies":[{"embeddable":true,"href":"https:\/\/taniabonament.pl\/telewizory\/wp-json\/wp\/v2\/comments?post=4938"}],"wp:featuredmedia":[{"embeddable":true,"href":"https:\/\/taniabonament.pl\/telewizory\/wp-json\/wp\/v2\/media\/4939"}],"wp:attachment":[{"href":"https:\/\/taniabonament.pl\/telewizory\/wp-json\/wp\/v2\/media?parent=4938"}],"wp:term":[{"taxonomy":"product_cat","embeddable":true,"href":"https:\/\/taniabonament.pl\/telewizory\/wp-json\/wp\/v2\/product_cat?post=4938"},{"taxonomy":"product_tag","embeddable":true,"href":"https:\/\/taniabonament.pl\/telewizory\/wp-json\/wp\/v2\/product_tag?post=4938"}],"curies":[{"name":"wp","href":"https:\/\/api.w.org\/{rel}","templated":true}]}}