{"id":4928,"date":"2022-03-17T10:05:38","date_gmt":"2022-03-17T10:05:38","guid":{"rendered":"https:\/\/taniabonament.pl\/telewizory\/produkt\/bez-kategorii\/hitachi-telewizor-32he1300\/"},"modified":"2022-03-17T10:05:45","modified_gmt":"2022-03-17T10:05:45","slug":"hitachi-telewizor-32he1300","status":"publish","type":"product","link":"https:\/\/taniabonament.pl\/telewizory\/produkt\/hevc\/hitachi-telewizor-32he1300\/","title":{"rendered":"Hitachi telewizor 32HE1300"},"content":{"rendered":"<p>Przejd\u017a teraz do sklepu internetowego gdzie <a style=\"color: red; text-decoration: underline;\" href=\"https:\/\/converti.se\/click\/34590059-c70e8160-5f3fd1b8\/?deep_link=https%3A%2F%2Fwww.mall.pl%2Ftelewizory%2Fhitachi-telewizor-32he1300&#038;sid=telewizory-hevc&#038;tag6=product&#038;tag8=7cacff32ceea0b865347558896320b65&#038;tag9=Hitachi+telewizor+32HE1300\" rel=\"nofollow noopener\" target=\"_blank\">kupisz ten telewizor<\/a> zgodny ze standardem HEVC czyli DVB-T2. Model TV dost\u0119pny w promocyjnej tej cenie.<\/p>\n","protected":false},"excerpt":{"rendered":"<h4>Dobry <span style='color: #0286E7;'>telewizor<\/span> to gwarancja wy\u015bmienitego obrazu odbieranego w nowym standardzie nadawania DVB-T2 HEVC!<\/h4>\n<p style='padding-top: 10px;'>Hitachi telewizor 32HE1300, cechy i zalety: <\/p>\n<ul style='padding-left: 45px; padding-bottom: 10px;'>\n<li style='padding-top: 10px;'> Nicam Stereo, d\u017awi\u0119k przestrzenny, equalizer<\/li>\n<li style='padding-top: 10px;'>4, 1\u00d7 SCART, 1\u00d7 USB, 1\u00d7 VGA, 1\u00d7 optyczne wyj\u015bcie audio, 1\u00d7 wej\u015bcie kompozytowe, 1\u00d7 wyj\u015bcie s\u0142uchawkowe, slot CI+<\/li>\n<li style='padding-top: 10px;'>Telewizor LED o rozdzielczo\u015bci HD ready (1366\u00d7768) o przek\u0105tnej 81 cm (32\u201d), pod\u015bwietlenie Direct LED, wysoki zakres dynamiczny (HDR), tuner DVB-T\/T2 (HEVC)\/C\/S\/S2, nagrywanie transmisji na USB z funkcj\u0105 Timeshift, odtwarzanie z pami\u0119ci zewn\u0119trznej, przewodnik po programach EPG, telegazeta<\/li>\n<li style='padding-top: 10px;'>Hitachi telewizor 32HE1300. Telewizor LED o rozdzielczo\u015bci HD ready (1366\u00d7768) o przek\u0105tnej 81 cm (32\u201d), pod\u015bwietlenie Direct LED, wysoki zakres dynamiczny (HDR), tuner DVB-T\/T2 (HEVC)\/C\/S\/S2, nagrywanie transmisji na USB z funkcj\u0105 Timeshift, odtwarzanie z pami\u0119ci zewn\u0119trznej, przewodnik po programach EPG, telegazeta<\/li>\n<li style='padding-top: 10px;'> Interfejs: 2\u00d7 HDMI 1<\/li>\n<\/ul>\n<p style='padding: 10px; font-weight: bold; background-color: aliceblue;'>Telewizor z HEVC w dobrej cenie:<\/p>\n<p><img src='https:\/\/taniabonament.pl\/telefony\/wp-content\/uploads\/sklepylogo\/mall-pl-logo.png' style='padding-top: 15px; padding-left: 48px; padding-bottom: 15px;' alt='Mall.pl sklep' \/><\/p>\n","protected":false},"featured_media":4929,"comment_status":"closed","ping_status":"open","template":"","meta":[],"product_cat":[489],"product_tag":[],"class_list":{"0":"post-4928","1":"product","2":"type-product","3":"status-publish","6":"product_cat-hevc","7":"pa_producent-hitachi","8":"pa_sklep-mall-pl","9":"pa_typ-produktu-telewizor","11":"first","12":"instock","13":"product-type-external"},"_links":{"self":[{"href":"https:\/\/taniabonament.pl\/telewizory\/wp-json\/wp\/v2\/product\/4928","targetHints":{"allow":["GET"]}}],"collection":[{"href":"https:\/\/taniabonament.pl\/telewizory\/wp-json\/wp\/v2\/product"}],"about":[{"href":"https:\/\/taniabonament.pl\/telewizory\/wp-json\/wp\/v2\/types\/product"}],"replies":[{"embeddable":true,"href":"https:\/\/taniabonament.pl\/telewizory\/wp-json\/wp\/v2\/comments?post=4928"}],"wp:featuredmedia":[{"embeddable":true,"href":"https:\/\/taniabonament.pl\/telewizory\/wp-json\/wp\/v2\/media\/4929"}],"wp:attachment":[{"href":"https:\/\/taniabonament.pl\/telewizory\/wp-json\/wp\/v2\/media?parent=4928"}],"wp:term":[{"taxonomy":"product_cat","embeddable":true,"href":"https:\/\/taniabonament.pl\/telewizory\/wp-json\/wp\/v2\/product_cat?post=4928"},{"taxonomy":"product_tag","embeddable":true,"href":"https:\/\/taniabonament.pl\/telewizory\/wp-json\/wp\/v2\/product_tag?post=4928"}],"curies":[{"name":"wp","href":"https:\/\/api.w.org\/{rel}","templated":true}]}}