{"id":4864,"date":"2022-03-17T10:05:07","date_gmt":"2022-03-17T10:05:07","guid":{"rendered":"https:\/\/taniabonament.pl\/telewizory\/produkt\/bez-kategorii\/gogen-telewizor-tvf-43m552-stweb\/"},"modified":"2022-03-17T10:05:20","modified_gmt":"2022-03-17T10:05:20","slug":"gogen-telewizor-tvf-43m552-stweb","status":"publish","type":"product","link":"https:\/\/taniabonament.pl\/telewizory\/produkt\/hevc\/gogen-telewizor-tvf-43m552-stweb\/","title":{"rendered":"GoGEN telewizor TVF 43M552 STWEB"},"content":{"rendered":"<p>Przejd\u017a teraz do sklepu internetowego gdzie <a style=\"color: red; text-decoration: underline;\" href=\"https:\/\/converti.se\/click\/34590059-c70e8160-5f3fd1b8\/?deep_link=https%3A%2F%2Fwww.mall.pl%2Ftelewizory%2Fgogen-telewizor-tvf-43m552-stweb&#038;sid=telewizory-hevc&#038;tag6=product&#038;tag8=49f556c8c33679675306186a5c9d8fb1&#038;tag9=GoGEN+telewizor+TVF+43M552+STWEB\" rel=\"nofollow noopener\" target=\"_blank\">kupisz ten telewizor<\/a> zgodny ze standardem HEVC czyli DVB-T2. Model TV dost\u0119pny w promocyjnej tej cenie.<\/p>\n","protected":false},"excerpt":{"rendered":"<h4>Dobry <span style='color: #0286E7;'>telewizor<\/span> to gwarancja wy\u015bmienitego obrazu odbieranego w nowym standardzie nadawania DVB-T2 HEVC!<\/h4>\n<p style='padding-top: 10px;'>GoGEN telewizor TVF 43M552, cechy i zalety: <\/p>\n<ul style='padding-left: 45px; padding-bottom: 10px;'>\n<li style='padding-top: 10px;'> System operacyjny Linux, Wi-Fi, przegl\u0105darka internetowa, LAN, DLNA, HbbTV, odtwarzanie USB, Miracast, elektroniczny przewodnik po programach EPG, telegazeta, tryb hotelowy<\/li>\n<li style='padding-top: 10px;'> \u0141\u0105czno\u015b\u0107: 2\u00d7 HDMI (ARC), 1\u00d7 USB, wej\u015bcie kompozytowe, wyj\u015bcie s\u0142uchawkowe, cyfrowe wyj\u015bcie optyczne, slot CI+<\/li>\n<li style='padding-top: 10px;'>Telewizor Smart TV z rozdzielczo\u015bci\u0105 Full HD (1920\u00d71080), o przek\u0105tnej 108 cm (43 &#8222;), tuner DVB-T\/T2 (HEVC)\/C\/S2, Skylink FastScan, Skylink Live TV, wysoki zakres dynamiczny HDR10 i HLG<\/li>\n<li style='padding-top: 10px;'>GoGEN telewizor TVF 43M552. Telewizor Smart TV z rozdzielczo\u015bci\u0105 Full HD (1920\u00d71080), o przek\u0105tnej 108 cm (43 &#8222;), tuner DVB-T\/T2 (HEVC)\/C\/S2, Skylink FastScan, Skylink Live TV, wysoki zakres dynamiczny HDR10 i HLG<\/li>\n<\/ul>\n<p style='padding: 10px; font-weight: bold; background-color: aliceblue;'>Telewizor z HEVC w dobrej cenie:<\/p>\n<p><img src='https:\/\/taniabonament.pl\/telefony\/wp-content\/uploads\/sklepylogo\/mall-pl-logo.png' style='padding-top: 15px; padding-left: 48px; padding-bottom: 15px;' alt='Mall.pl sklep' \/><\/p>\n","protected":false},"featured_media":4865,"comment_status":"closed","ping_status":"open","template":"","meta":[],"product_cat":[489],"product_tag":[],"class_list":{"0":"post-4864","1":"product","2":"type-product","3":"status-publish","6":"product_cat-hevc","7":"pa_producent-gogen","8":"pa_sklep-mall-pl","9":"pa_typ-produktu-telewizor","11":"first","12":"instock","13":"product-type-external"},"_links":{"self":[{"href":"https:\/\/taniabonament.pl\/telewizory\/wp-json\/wp\/v2\/product\/4864","targetHints":{"allow":["GET"]}}],"collection":[{"href":"https:\/\/taniabonament.pl\/telewizory\/wp-json\/wp\/v2\/product"}],"about":[{"href":"https:\/\/taniabonament.pl\/telewizory\/wp-json\/wp\/v2\/types\/product"}],"replies":[{"embeddable":true,"href":"https:\/\/taniabonament.pl\/telewizory\/wp-json\/wp\/v2\/comments?post=4864"}],"wp:featuredmedia":[{"embeddable":true,"href":"https:\/\/taniabonament.pl\/telewizory\/wp-json\/wp\/v2\/media\/4865"}],"wp:attachment":[{"href":"https:\/\/taniabonament.pl\/telewizory\/wp-json\/wp\/v2\/media?parent=4864"}],"wp:term":[{"taxonomy":"product_cat","embeddable":true,"href":"https:\/\/taniabonament.pl\/telewizory\/wp-json\/wp\/v2\/product_cat?post=4864"},{"taxonomy":"product_tag","embeddable":true,"href":"https:\/\/taniabonament.pl\/telewizory\/wp-json\/wp\/v2\/product_tag?post=4864"}],"curies":[{"name":"wp","href":"https:\/\/api.w.org\/{rel}","templated":true}]}}