{"id":4854,"date":"2022-03-17T10:05:07","date_gmt":"2022-03-17T10:05:07","guid":{"rendered":"https:\/\/taniabonament.pl\/telewizory\/produkt\/bez-kategorii\/lg-telewizor-65up7800\/"},"modified":"2022-03-17T10:05:17","modified_gmt":"2022-03-17T10:05:17","slug":"lg-telewizor-65up7800","status":"publish","type":"product","link":"https:\/\/taniabonament.pl\/telewizory\/produkt\/hevc\/lg-telewizor-65up7800\/","title":{"rendered":"LG telewizor 65UP7800"},"content":{"rendered":"<p>Przejd\u017a teraz do sklepu internetowego gdzie <a style=\"color: red; text-decoration: underline;\" href=\"https:\/\/converti.se\/click\/34590059-c70e8160-5f3fd1b8\/?deep_link=https%3A%2F%2Fwww.mall.pl%2Ftelewizory%2Flg-telewizor-65up7800&#038;sid=telewizory-hevc&#038;tag6=product&#038;tag8=c4fe4a3b18f7d6dd6e0c848454566592&#038;tag9=LG+telewizor+65UP7800\" rel=\"nofollow noopener\" target=\"_blank\">kupisz ten telewizor<\/a> zgodny ze standardem HEVC czyli DVB-T2. Model TV dost\u0119pny w promocyjnej tej cenie.<\/p>\n","protected":false},"excerpt":{"rendered":"<h4>Dobry <span style='color: #0286E7;'>telewizor<\/span> to gwarancja wy\u015bmienitego obrazu odbieranego w nowym standardzie nadawania DVB-T2 HEVC!<\/h4>\n<p style='padding-top: 10px;'>LG telewizor 65UP7800, cechy i zalety: <\/p>\n<ul style='padding-left: 45px; padding-bottom: 10px;'>\n<li style='padding-top: 10px;'> 0, optyczne wyj\u015bcie audio, wyj\u015bcie s\u0142uchawkowe, slot CI+<\/li>\n<li style='padding-top: 10px;'>0, procesor 4K, 4K Upscaling, Wi-Fi przegl\u0105darka internetowa, Bluetooth, AirPlay 2, LAN, DLNA, HbbTV, sterowanie g\u0142osowe, Google Assistant, Amazon Alexa, ThinQ AI, tryb gry Game Optimizer, HGiG, Filmmaker Mode, Miracast, nagrywanie na pami\u0119\u0107 zewn\u0119trzn\u0105 USB, Timeshift, AI Sound, Bluetooth Surround Ready<\/li>\n<li style='padding-top: 10px;'>0b (eARC), 1\u00d7 USB 2<\/li>\n<li style='padding-top: 10px;'>Telewizor Smart TV o rozdzielczo\u015bci 4K Ultra HD (3840\u00d72160) i przek\u0105tnej 164 cm (65 &#8222;), tuner DVB-T\/T2 (HEVC)\/S2\/C, wysoki zakres dynamiczny Active HDR (HDR 10 Pro, HLG Pro)<\/li>\n<li style='padding-top: 10px;'>LG telewizor 65UP7800. Telewizor Smart TV o rozdzielczo\u015bci 4K Ultra HD (3840\u00d72160) i przek\u0105tnej 164 cm (65 &#8222;), tuner DVB-T\/T2 (HEVC)\/S2\/C, wysoki zakres dynamiczny Active HDR (HDR 10 Pro, HLG Pro)<\/li>\n<li style='padding-top: 10px;'> OS webOS 6<\/li>\n<li style='padding-top: 10px;'> Interfejs: 2\u00d7 HDMI 2<\/li>\n<\/ul>\n<p style='padding: 10px; font-weight: bold; background-color: aliceblue;'>Telewizor z HEVC w dobrej cenie:<\/p>\n<p><img src='https:\/\/taniabonament.pl\/telefony\/wp-content\/uploads\/sklepylogo\/mall-pl-logo.png' style='padding-top: 15px; padding-left: 48px; padding-bottom: 15px;' alt='Mall.pl sklep' \/><\/p>\n","protected":false},"featured_media":4855,"comment_status":"closed","ping_status":"open","template":"","meta":[],"product_cat":[489],"product_tag":[],"class_list":{"0":"post-4854","1":"product","2":"type-product","3":"status-publish","6":"product_cat-hevc","7":"pa_model-65up78003lb","8":"pa_producent-lg","9":"pa_sklep-mall-pl","10":"pa_typ-produktu-telewizor","12":"first","13":"instock","14":"sale","15":"product-type-external"},"_links":{"self":[{"href":"https:\/\/taniabonament.pl\/telewizory\/wp-json\/wp\/v2\/product\/4854","targetHints":{"allow":["GET"]}}],"collection":[{"href":"https:\/\/taniabonament.pl\/telewizory\/wp-json\/wp\/v2\/product"}],"about":[{"href":"https:\/\/taniabonament.pl\/telewizory\/wp-json\/wp\/v2\/types\/product"}],"replies":[{"embeddable":true,"href":"https:\/\/taniabonament.pl\/telewizory\/wp-json\/wp\/v2\/comments?post=4854"}],"wp:featuredmedia":[{"embeddable":true,"href":"https:\/\/taniabonament.pl\/telewizory\/wp-json\/wp\/v2\/media\/4855"}],"wp:attachment":[{"href":"https:\/\/taniabonament.pl\/telewizory\/wp-json\/wp\/v2\/media?parent=4854"}],"wp:term":[{"taxonomy":"product_cat","embeddable":true,"href":"https:\/\/taniabonament.pl\/telewizory\/wp-json\/wp\/v2\/product_cat?post=4854"},{"taxonomy":"product_tag","embeddable":true,"href":"https:\/\/taniabonament.pl\/telewizory\/wp-json\/wp\/v2\/product_tag?post=4854"}],"curies":[{"name":"wp","href":"https:\/\/api.w.org\/{rel}","templated":true}]}}