{"id":4842,"date":"2022-03-17T10:05:07","date_gmt":"2022-03-17T10:05:07","guid":{"rendered":"https:\/\/taniabonament.pl\/telewizory\/produkt\/bez-kategorii\/ecg-telewizor-32-h06t2s2\/"},"modified":"2022-03-17T10:05:13","modified_gmt":"2022-03-17T10:05:13","slug":"ecg-telewizor-32-h06t2s2","status":"publish","type":"product","link":"https:\/\/taniabonament.pl\/telewizory\/produkt\/hevc\/ecg-telewizor-32-h06t2s2\/","title":{"rendered":"ECG telewizor 32 H06T2S2"},"content":{"rendered":"<p>Przejd\u017a teraz do sklepu internetowego gdzie <a style=\"color: red; text-decoration: underline;\" href=\"https:\/\/converti.se\/click\/34590059-c70e8160-5f3fd1b8\/?deep_link=https%3A%2F%2Fwww.mall.pl%2Ftelewizory%2Fecg-telewizor-32-h06t2s2&#038;sid=telewizory-hevc&#038;tag6=product&#038;tag8=c49051d86ce07ee9666e9c7d15e753eb&#038;tag9=ECG+telewizor+32+H06T2S2\" rel=\"nofollow noopener\" target=\"_blank\">kupisz ten telewizor<\/a> zgodny ze standardem HEVC czyli DVB-T2. Model TV dost\u0119pny w promocyjnej tej cenie.<\/p>\n","protected":false},"excerpt":{"rendered":"<h4>Dobry <span style='color: #0286E7;'>telewizor<\/span> to gwarancja wy\u015bmienitego obrazu odbieranego w nowym standardzie nadawania DVB-T2 HEVC!<\/h4>\n<p style='padding-top: 10px;'>ECG telewizor 32 H06T2S2, cechy i zalety: <\/p>\n<ul style='padding-left: 45px; padding-bottom: 10px;'>\n<li style='padding-top: 10px;'>Telewizor HD Ready TV o przek\u0105tnej ekranu 81 cm (32\u2033) i rozdzielczo\u015bci 1366\u00d7768 jest wyposa\u017cony w tuner DVB-T\/T2 (HEVC)\/C\/S\/S2, odtwarzacz multimedialny USB, tryb hotelowy, elektroniczny przewodnik po programach EPG<\/li>\n<li style='padding-top: 10px;'>0, wej\u015bcie komponentowe, wej\u015bcie VGA, slot CI+, wej\u015bcie PC (audio jack), wyj\u015bcie s\u0142uchawkowe<\/li>\n<li style='padding-top: 10px;'> Interfejs: 3\u00d7 HDMI, 1\u00d7 USB 2<\/li>\n<li style='padding-top: 10px;'>ECG telewizor 32 H06T2S2.  Interfejs: 3\u00d7 HDMI, 1\u00d7 USB 2<\/li>\n<\/ul>\n<p style='padding: 10px; font-weight: bold; background-color: aliceblue;'>Telewizor z HEVC w dobrej cenie:<\/p>\n<p><img src='https:\/\/taniabonament.pl\/telefony\/wp-content\/uploads\/sklepylogo\/mall-pl-logo.png' style='padding-top: 15px; padding-left: 48px; padding-bottom: 15px;' alt='Mall.pl sklep' \/><\/p>\n","protected":false},"featured_media":4843,"comment_status":"closed","ping_status":"open","template":"","meta":[],"product_cat":[489],"product_tag":[],"class_list":{"0":"post-4842","1":"product","2":"type-product","3":"status-publish","6":"product_cat-hevc","7":"pa_producent-ecg","8":"pa_sklep-mall-pl","9":"pa_typ-produktu-telewizor","11":"first","12":"instock","13":"product-type-external"},"_links":{"self":[{"href":"https:\/\/taniabonament.pl\/telewizory\/wp-json\/wp\/v2\/product\/4842","targetHints":{"allow":["GET"]}}],"collection":[{"href":"https:\/\/taniabonament.pl\/telewizory\/wp-json\/wp\/v2\/product"}],"about":[{"href":"https:\/\/taniabonament.pl\/telewizory\/wp-json\/wp\/v2\/types\/product"}],"replies":[{"embeddable":true,"href":"https:\/\/taniabonament.pl\/telewizory\/wp-json\/wp\/v2\/comments?post=4842"}],"wp:featuredmedia":[{"embeddable":true,"href":"https:\/\/taniabonament.pl\/telewizory\/wp-json\/wp\/v2\/media\/4843"}],"wp:attachment":[{"href":"https:\/\/taniabonament.pl\/telewizory\/wp-json\/wp\/v2\/media?parent=4842"}],"wp:term":[{"taxonomy":"product_cat","embeddable":true,"href":"https:\/\/taniabonament.pl\/telewizory\/wp-json\/wp\/v2\/product_cat?post=4842"},{"taxonomy":"product_tag","embeddable":true,"href":"https:\/\/taniabonament.pl\/telewizory\/wp-json\/wp\/v2\/product_tag?post=4842"}],"curies":[{"name":"wp","href":"https:\/\/api.w.org\/{rel}","templated":true}]}}