{"id":4836,"date":"2022-03-17T10:05:07","date_gmt":"2022-03-17T10:05:07","guid":{"rendered":"https:\/\/taniabonament.pl\/telewizory\/produkt\/bez-kategorii\/chiq-telewizor-l32h7a\/"},"modified":"2022-03-17T10:05:10","modified_gmt":"2022-03-17T10:05:10","slug":"chiq-telewizor-l32h7a","status":"publish","type":"product","link":"https:\/\/taniabonament.pl\/telewizory\/produkt\/hevc\/chiq-telewizor-l32h7a\/","title":{"rendered":"CHiQ telewizor L32H7A"},"content":{"rendered":"<p>Przejd\u017a teraz do sklepu internetowego gdzie <a style=\"color: red; text-decoration: underline;\" href=\"https:\/\/converti.se\/click\/34590059-c70e8160-5f3fd1b8\/?deep_link=https%3A%2F%2Fwww.mall.pl%2Ftelewizory%2Fchiq-telewizor-l32h7a&#038;sid=telewizory-hevc&#038;tag6=product&#038;tag8=a116a17289225a9de18a18481c96c9a3&#038;tag9=CHiQ+telewizor+L32H7A\" rel=\"nofollow noopener\" target=\"_blank\">kupisz ten telewizor<\/a> zgodny ze standardem HEVC czyli DVB-T2. Model TV dost\u0119pny w promocyjnej tej cenie.<\/p>\n","protected":false},"excerpt":{"rendered":"<h4>Dobry <span style='color: #0286E7;'>telewizor<\/span> to gwarancja wy\u015bmienitego obrazu odbieranego w nowym standardzie nadawania DVB-T2 HEVC!<\/h4>\n<p style='padding-top: 10px;'>CHiQ telewizor L32H7A, cechy i zalety: <\/p>\n<ul style='padding-left: 45px; padding-bottom: 10px;'>\n<li style='padding-top: 10px;'>Telewizor Smart TV z rozdzielczo\u015bci\u0105 HD Ready (1366\u00d7768), o przek\u0105tnej 81 cm (32 &#8222;), tuner DVB-T\/T2 (HEVC)\/C\/S\/S2<\/li>\n<li style='padding-top: 10px;'> OS Android, Wi-Fi, LAN, Bluetooth (audio), przegl\u0105darka internetowa, Google Assistant, HbbTV, Chromecast, odtwarzanie z pami\u0119ci zewn\u0119trznej, EPG, telegazeta<\/li>\n<li style='padding-top: 10px;'> NICAM Stereo<\/li>\n<li style='padding-top: 10px;'>CHiQ telewizor L32H7A.  NICAM Stereo<\/li>\n<li style='padding-top: 10px;'>4 (ARC, CEC), 1\u00d7 USB 2<\/li>\n<li style='padding-top: 10px;'>0, optyczne wyj\u015bcie audio, koaksjalne wyj\u015bcie audio, slot CI+<\/li>\n<li style='padding-top: 10px;'> Interfejs: 2\u00d7 HDMI 1<\/li>\n<li style='padding-top: 10px;'> HDR10, HLG<\/li>\n<\/ul>\n<p style='padding: 10px; font-weight: bold; background-color: aliceblue;'>Telewizor z HEVC w dobrej cenie:<\/p>\n<p><img src='https:\/\/taniabonament.pl\/telefony\/wp-content\/uploads\/sklepylogo\/mall-pl-logo.png' style='padding-top: 15px; padding-left: 48px; padding-bottom: 15px;' alt='Mall.pl sklep' \/><\/p>\n","protected":false},"featured_media":4837,"comment_status":"closed","ping_status":"open","template":"","meta":[],"product_cat":[489],"product_tag":[],"class_list":{"0":"post-4836","1":"product","2":"type-product","3":"status-publish","6":"product_cat-hevc","7":"pa_producent-chiq","8":"pa_sklep-mall-pl","9":"pa_typ-produktu-telewizor","11":"first","12":"instock","13":"sale","14":"product-type-external"},"_links":{"self":[{"href":"https:\/\/taniabonament.pl\/telewizory\/wp-json\/wp\/v2\/product\/4836","targetHints":{"allow":["GET"]}}],"collection":[{"href":"https:\/\/taniabonament.pl\/telewizory\/wp-json\/wp\/v2\/product"}],"about":[{"href":"https:\/\/taniabonament.pl\/telewizory\/wp-json\/wp\/v2\/types\/product"}],"replies":[{"embeddable":true,"href":"https:\/\/taniabonament.pl\/telewizory\/wp-json\/wp\/v2\/comments?post=4836"}],"wp:featuredmedia":[{"embeddable":true,"href":"https:\/\/taniabonament.pl\/telewizory\/wp-json\/wp\/v2\/media\/4837"}],"wp:attachment":[{"href":"https:\/\/taniabonament.pl\/telewizory\/wp-json\/wp\/v2\/media?parent=4836"}],"wp:term":[{"taxonomy":"product_cat","embeddable":true,"href":"https:\/\/taniabonament.pl\/telewizory\/wp-json\/wp\/v2\/product_cat?post=4836"},{"taxonomy":"product_tag","embeddable":true,"href":"https:\/\/taniabonament.pl\/telewizory\/wp-json\/wp\/v2\/product_tag?post=4836"}],"curies":[{"name":"wp","href":"https:\/\/api.w.org\/{rel}","templated":true}]}}