{"id":4764,"date":"2022-03-17T10:04:40","date_gmt":"2022-03-17T10:04:40","guid":{"rendered":"https:\/\/taniabonament.pl\/telewizory\/produkt\/bez-kategorii\/philips-telewizor-65pml9506-12\/"},"modified":"2022-03-17T10:04:45","modified_gmt":"2022-03-17T10:04:45","slug":"philips-telewizor-65pml9506-12","status":"publish","type":"product","link":"https:\/\/taniabonament.pl\/telewizory\/produkt\/hevc\/philips-telewizor-65pml9506-12\/","title":{"rendered":"Philips telewizor 65PML9506\/12"},"content":{"rendered":"<p>Przejd\u017a teraz do sklepu internetowego gdzie <a style=\"color: red; text-decoration: underline;\" href=\"https:\/\/converti.se\/click\/34590059-c70e8160-5f3fd1b8\/?deep_link=https%3A%2F%2Fwww.mall.pl%2Ftelewizory%2Fphilips-telewizor-65pml9506-12&#038;sid=telewizory-hevc&#038;tag6=product&#038;tag8=0f479f2c65825145f9ca91c04f945050&#038;tag9=Philips+telewizor+65PML9506%2F12\" rel=\"nofollow noopener\" target=\"_blank\">kupisz ten telewizor<\/a> zgodny ze standardem HEVC czyli DVB-T2. Model TV dost\u0119pny w promocyjnej tej cenie.<\/p>\n","protected":false},"excerpt":{"rendered":"<h4>Dobry <span style='color: #0286E7;'>telewizor<\/span> to gwarancja wy\u015bmienitego obrazu odbieranego w nowym standardzie nadawania DVB-T2 HEVC!<\/h4>\n<p style='padding-top: 10px;'>Philips telewizor 65PML9506\/12, cechy i zalety: <\/p>\n<ul style='padding-left: 45px; padding-bottom: 10px;'>\n<li style='padding-top: 10px;'>  Inteligentny pilot zdalnego sterowania w zestawie<\/li>\n<li style='padding-top: 10px;'> D\u017awi\u0119k: Dolby Atmos, DTS Play-Fi<\/li>\n<li style='padding-top: 10px;'>0, HbbTV, sterowanie g\u0142osem, Google Assistant, kompatybilny z aplikacj\u0105 Amazon Alexa, tryb gry, SimplyShare (DLNA), odtwarzacz multimedialny USB<\/li>\n<li style='padding-top: 10px;'>Telewizor MiniLED Smart TV o przek\u0105tnej 164 cm (65 &#8222;) i rozdzielczo\u015bci 4K Ultra HD (3840\u00d72160), tuner DVB-T\/T2 (HEVC)\/C\/S2, czterostronny Ambilight, Dolby Vision, HDR10+, HLG, ulepszenie obrazu P5 AI Perfect Picture, OS AndroidTV 10, Wi-Fi, LAN, Bluetooth 5<\/li>\n<li style='padding-top: 10px;'>Philips telewizor 65PML9506\/12. Telewizor MiniLED Smart TV o przek\u0105tnej 164 cm (65 &#8222;) i rozdzielczo\u015bci 4K Ultra HD (3840\u00d72160), tuner DVB-T\/T2 (HEVC)\/C\/S2, czterostronny Ambilight, Dolby Vision, HDR10+, HLG, ulepszenie obrazu P5 AI Perfect Picture, OS AndroidTV 10, Wi-Fi, LAN, Bluetooth 5<\/li>\n<li style='padding-top: 10px;'> Interfejs: 4\u00d7 HDMI (eARC, CEC), 3\u00d7 USB, optyczne wyj\u015bcie audio, wyj\u015bcie s\u0142uchawkowe, slot CI+<\/li>\n<\/ul>\n<p style='padding: 10px; font-weight: bold; background-color: aliceblue;'>Telewizor z HEVC w dobrej cenie:<\/p>\n<p><img src='https:\/\/taniabonament.pl\/telefony\/wp-content\/uploads\/sklepylogo\/mall-pl-logo.png' style='padding-top: 15px; padding-left: 48px; padding-bottom: 15px;' alt='Mall.pl sklep' \/><\/p>\n","protected":false},"featured_media":4765,"comment_status":"closed","ping_status":"open","template":"","meta":[],"product_cat":[489],"product_tag":[],"class_list":{"0":"post-4764","1":"product","2":"type-product","3":"status-publish","6":"product_cat-hevc","7":"pa_producent-philips","8":"pa_sklep-mall-pl","9":"pa_typ-produktu-telewizor","11":"first","12":"instock","13":"sale","14":"product-type-external"},"_links":{"self":[{"href":"https:\/\/taniabonament.pl\/telewizory\/wp-json\/wp\/v2\/product\/4764","targetHints":{"allow":["GET"]}}],"collection":[{"href":"https:\/\/taniabonament.pl\/telewizory\/wp-json\/wp\/v2\/product"}],"about":[{"href":"https:\/\/taniabonament.pl\/telewizory\/wp-json\/wp\/v2\/types\/product"}],"replies":[{"embeddable":true,"href":"https:\/\/taniabonament.pl\/telewizory\/wp-json\/wp\/v2\/comments?post=4764"}],"wp:featuredmedia":[{"embeddable":true,"href":"https:\/\/taniabonament.pl\/telewizory\/wp-json\/wp\/v2\/media\/4765"}],"wp:attachment":[{"href":"https:\/\/taniabonament.pl\/telewizory\/wp-json\/wp\/v2\/media?parent=4764"}],"wp:term":[{"taxonomy":"product_cat","embeddable":true,"href":"https:\/\/taniabonament.pl\/telewizory\/wp-json\/wp\/v2\/product_cat?post=4764"},{"taxonomy":"product_tag","embeddable":true,"href":"https:\/\/taniabonament.pl\/telewizory\/wp-json\/wp\/v2\/product_tag?post=4764"}],"curies":[{"name":"wp","href":"https:\/\/api.w.org\/{rel}","templated":true}]}}