{"id":4720,"date":"2022-03-17T10:04:25","date_gmt":"2022-03-17T10:04:25","guid":{"rendered":"https:\/\/taniabonament.pl\/telewizory\/produkt\/bez-kategorii\/sharp-telewizor-50dn2ea\/"},"modified":"2022-03-17T10:04:29","modified_gmt":"2022-03-17T10:04:29","slug":"sharp-telewizor-50dn2ea","status":"publish","type":"product","link":"https:\/\/taniabonament.pl\/telewizory\/produkt\/hevc\/sharp-telewizor-50dn2ea\/","title":{"rendered":"Sharp telewizor 50DN2EA"},"content":{"rendered":"<p>Przejd\u017a teraz do sklepu internetowego gdzie <a style=\"color: red; text-decoration: underline;\" href=\"https:\/\/converti.se\/click\/34590059-c70e8160-5f3fd1b8\/?deep_link=https%3A%2F%2Fwww.mall.pl%2Ftelewizory%2Fsharp-telewizor-50dn2ea&#038;sid=telewizory-hevc&#038;tag6=product&#038;tag8=47fa9ba041fa32496c37b36e0678aad7&#038;tag9=Sharp+telewizor+50DN2EA\" rel=\"nofollow noopener\" target=\"_blank\">kupisz ten telewizor<\/a> zgodny ze standardem HEVC czyli DVB-T2. Model TV dost\u0119pny w promocyjnej tej cenie.<\/p>\n","protected":false},"excerpt":{"rendered":"<h4>Dobry <span style='color: #0286E7;'>telewizor<\/span> to gwarancja wy\u015bmienitego obrazu odbieranego w nowym standardzie nadawania DVB-T2 HEVC!<\/h4>\n<p style='padding-top: 10px;'>Sharp telewizor 50DN2EA, cechy i zalety: <\/p>\n<ul style='padding-left: 45px; padding-bottom: 10px;'>\n<li style='padding-top: 10px;'>  OS Android 9, Wi-Fi, przegl\u0105darka internetowa , Bluetooth, HbbTV 2<\/li>\n<li style='padding-top: 10px;'>0, LAN, DLNA, Chromecast, Miracast, sterowanie g\u0142osowe, Google Assistant, multimedialny odtwarzacz USB<\/li>\n<li style='padding-top: 10px;'>Telewizor Smart o przek\u0105tnej 126 cm (50&#8243;), rozdzielczo\u015b\u0107 4K Ultra HD (3840\u00d72160), Dolby Vision, HDR10+, HLG, tunery DVB-T\/T2 (HEVC)\/C\/S2<\/li>\n<li style='padding-top: 10px;'>Sharp telewizor 50DN2EA. Telewizor Smart o przek\u0105tnej 126 cm (50&#8243;), rozdzielczo\u015b\u0107 4K Ultra HD (3840\u00d72160), Dolby Vision, HDR10+, HLG, tunery DVB-T\/T2 (HEVC)\/C\/S2<\/li>\n<li style='padding-top: 10px;'> D\u017awi\u0119k od Harman \/ Kardon, technologie premium Dolby Atmos, DTS Virtual:X<\/li>\n<li style='padding-top: 10px;'>0 (ARC), 2\u00d7 USB 2<\/li>\n<li style='padding-top: 10px;'>0, wej\u015bcie komponentowe i kompozytowe, slot na karty SD, optyczne wyj\u015bcie audio, wyj\u015bcie s\u0142uchawkowe, slot CI+<\/li>\n<li style='padding-top: 10px;'> Z\u0142\u0105cza: 4\u00d7 HDMI 2<\/li>\n<\/ul>\n<p style='padding: 10px; font-weight: bold; background-color: aliceblue;'>Telewizor z HEVC w dobrej cenie:<\/p>\n<p><img src='https:\/\/taniabonament.pl\/telefony\/wp-content\/uploads\/sklepylogo\/mall-pl-logo.png' style='padding-top: 15px; padding-left: 48px; padding-bottom: 15px;' alt='Mall.pl sklep' \/><\/p>\n","protected":false},"featured_media":4721,"comment_status":"closed","ping_status":"open","template":"","meta":[],"product_cat":[489],"product_tag":[],"class_list":{"0":"post-4720","1":"product","2":"type-product","3":"status-publish","6":"product_cat-hevc","7":"pa_producent-sharp","8":"pa_sklep-mall-pl","9":"pa_typ-produktu-telewizor","11":"first","12":"instock","13":"product-type-external"},"_links":{"self":[{"href":"https:\/\/taniabonament.pl\/telewizory\/wp-json\/wp\/v2\/product\/4720","targetHints":{"allow":["GET"]}}],"collection":[{"href":"https:\/\/taniabonament.pl\/telewizory\/wp-json\/wp\/v2\/product"}],"about":[{"href":"https:\/\/taniabonament.pl\/telewizory\/wp-json\/wp\/v2\/types\/product"}],"replies":[{"embeddable":true,"href":"https:\/\/taniabonament.pl\/telewizory\/wp-json\/wp\/v2\/comments?post=4720"}],"wp:featuredmedia":[{"embeddable":true,"href":"https:\/\/taniabonament.pl\/telewizory\/wp-json\/wp\/v2\/media\/4721"}],"wp:attachment":[{"href":"https:\/\/taniabonament.pl\/telewizory\/wp-json\/wp\/v2\/media?parent=4720"}],"wp:term":[{"taxonomy":"product_cat","embeddable":true,"href":"https:\/\/taniabonament.pl\/telewizory\/wp-json\/wp\/v2\/product_cat?post=4720"},{"taxonomy":"product_tag","embeddable":true,"href":"https:\/\/taniabonament.pl\/telewizory\/wp-json\/wp\/v2\/product_tag?post=4720"}],"curies":[{"name":"wp","href":"https:\/\/api.w.org\/{rel}","templated":true}]}}