{"id":2436,"date":"2021-08-14T15:54:39","date_gmt":"2021-08-14T15:54:39","guid":{"rendered":"https:\/\/taniabonament.pl\/telewizory\/produkt\/soundbar-panasonic-corp-sc-htb400egk-160w-czarny\/"},"modified":"2021-08-14T15:54:42","modified_gmt":"2021-08-14T15:54:42","slug":"soundbar-panasonic-corp-sc-htb400egk-160w-czarny","status":"publish","type":"product","link":"https:\/\/taniabonament.pl\/telewizory\/produkt\/soundbar-do-tv\/soundbar-panasonic-corp-sc-htb400egk-160w-czarny\/","title":{"rendered":"Soundbar Panasonic Corp. SC-HTB400EGK 160W Czarny"},"content":{"rendered":"<p>Przejd\u017a teraz do sklepu internetowego gdzie <a style=\"color: red; text-decoration: underline;\" href=\"https:\/\/converti.se\/click\/34590059-c70e8160-5f3ad6bf\/?deep_link=http%3A%2F%2Femaga.online%2Fp%2F351%2F65826%2Fsoundbar-panasonic-corp-sc-htb400egk-160w-czarny-soundbar-elektronika-dzwiek-elektronika-informatyka.html&#038;sid=soundbary&#038;tag6=product&#038;tag8=62f9f1d766c3e39757a4e0c62f3f2297&#038;tag9=Soundbar+Panasonic+Corp.+SC-HTB400EGK+160W+Czarny\" rel=\"nofollow noopener\" target=\"_blank\">kupisz ten Soundbar marki panasonic corp.<\/a> w aktrakcyjnej cenie.<\/p>\n","protected":false},"excerpt":{"rendered":"<h4>Dobry <span style='color: #0286E7;'>Soundbar<\/span> to gwarancja wy\u015bmienitego d\u017awi\u0119ku!<\/h4>\n<p style='padding-top: 10px;'>Soundbar Panasonic Corp. SC-HTB400EGK, cechy i zalety: <\/p>\n<ul style='padding-left: 45px; padding-bottom: 10px;'>\n<li style='padding-top: 10px;'>Je\u015bli jeste\u015b mi\u0142o\u015bnikiem informatyki i elektroniki, lubisz by\u0107 na bie\u017c\u0105co z nowo\u015bciami technologicznymi i nie umyka Ci \u017caden szczeg\u00f3\u0142, kup Soundbar Panasonic Corp<\/li>\n<li style='padding-top: 10px;'> SC-HTB400EGK 160W po najlepszej cenie<\/li>\n<li style='padding-top: 10px;'>Soundbar Panasonic Corp. SC-HTB400EGK.  SC-HTB400EGK 160W po najlepszej cenie<\/li>\n<\/ul>\n<p style='padding: 10px; font-weight: bold; background-color: aliceblue;'>Ten TV SONY w dobrej cenie kupisz w:<\/p>\n","protected":false},"featured_media":3906,"comment_status":"closed","ping_status":"open","template":"","meta":[],"product_cat":[330],"product_tag":[],"class_list":{"0":"post-2436","1":"product","2":"type-product","3":"status-publish","6":"product_cat-soundbar-do-tv","7":"pa_producent-panasonic-corp","8":"pa_sklep-emaga","9":"pa_typ-produktu-soundbar","11":"first","12":"instock","13":"product-type-external"},"_links":{"self":[{"href":"https:\/\/taniabonament.pl\/telewizory\/wp-json\/wp\/v2\/product\/2436","targetHints":{"allow":["GET"]}}],"collection":[{"href":"https:\/\/taniabonament.pl\/telewizory\/wp-json\/wp\/v2\/product"}],"about":[{"href":"https:\/\/taniabonament.pl\/telewizory\/wp-json\/wp\/v2\/types\/product"}],"replies":[{"embeddable":true,"href":"https:\/\/taniabonament.pl\/telewizory\/wp-json\/wp\/v2\/comments?post=2436"}],"wp:featuredmedia":[{"embeddable":true,"href":"https:\/\/taniabonament.pl\/telewizory\/wp-json\/wp\/v2\/media\/3906"}],"wp:attachment":[{"href":"https:\/\/taniabonament.pl\/telewizory\/wp-json\/wp\/v2\/media?parent=2436"}],"wp:term":[{"taxonomy":"product_cat","embeddable":true,"href":"https:\/\/taniabonament.pl\/telewizory\/wp-json\/wp\/v2\/product_cat?post=2436"},{"taxonomy":"product_tag","embeddable":true,"href":"https:\/\/taniabonament.pl\/telewizory\/wp-json\/wp\/v2\/product_tag?post=2436"}],"curies":[{"name":"wp","href":"https:\/\/api.w.org\/{rel}","templated":true}]}}