{"id":2428,"date":"2021-08-14T15:54:39","date_gmt":"2021-08-14T15:54:39","guid":{"rendered":"https:\/\/taniabonament.pl\/telewizory\/produkt\/dell-pro-stereo-soundbar-ae515m\/"},"modified":"2021-08-14T15:54:46","modified_gmt":"2021-08-14T15:54:46","slug":"dell-pro-stereo-soundbar-ae515m","status":"publish","type":"product","link":"https:\/\/taniabonament.pl\/telewizory\/produkt\/soundbar-do-tv\/dell-pro-stereo-soundbar-ae515m\/","title":{"rendered":"Dell Pro Stereo Soundbar AE515M"},"content":{"rendered":"<p>Przejd\u017a teraz do sklepu internetowego gdzie <a style=\"color: red; text-decoration: underline;\" href=\"https:\/\/converti.se\/click\/34590059-c70e8160-5f3ad4bf\/?deep_link=https%3A%2F%2Fwww.komputronik.pl%2Fproduct%2F593341%2Fdell-pro-stereo-soundbar-ae515m-c0948297-.html&#038;sid=soundbary&#038;tag6=product&#038;tag8=e19ef78ef5d4677301ee534026c4eabb&#038;tag9=Dell+Pro+Stereo+Soundbar+AE515M\" rel=\"nofollow noopener\" target=\"_blank\">kupisz ten Soundbar marki Dell<\/a> w aktrakcyjnej cenie.<\/p>\n","protected":false},"excerpt":{"rendered":"<h4>Dobry <span style='color: #0286E7;'>Soundbar<\/span> to gwarancja wy\u015bmienitego d\u017awi\u0119ku!<\/h4>\n<p style='padding-top: 10px;'>Dell Pro Stereo Soundbar, cechy i zalety: <\/p>\n<ul style='padding-left: 45px; padding-bottom: 10px;'>\n<li style='padding-top: 10px;'> Dwa mikrofony i funkcja eliminacji echa zastosowane w listwie d\u017awi\u0119kowej minimalizuj\u0105 szumy w tle podczas po\u0142\u0105czenia<\/li>\n<li style='padding-top: 10px;'> z po\u0142\u0105czenia grupowego na ods\u0142uch prywatny ze s\u0142uchawkami<\/li>\n<li style='padding-top: 10px;'> Przez z\u0142\u0105cze wtykowe 3,5 mm b\u0142yskawicznie prze\u015blesz strumieniowo ze swojego smartfona muzyk\u0119, kt\u00f3ra dzi\u0119ki ekranowaniu transmisji GSM b\u0119dzie niemal pozbawiona zak\u0142\u00f3ce\u0144<\/li>\n<li style='padding-top: 10px;'>Dell Pro Stereo Soundbar.  Przez z\u0142\u0105cze wtykowe 3,5 mm b\u0142yskawicznie prze\u015blesz strumieniowo ze swojego smartfona muzyk\u0119, kt\u00f3ra dzi\u0119ki ekranowaniu transmisji GSM b\u0119dzie niemal pozbawiona zak\u0142\u00f3ce\u0144<\/li>\n<li style='padding-top: 10px;'> Ciesz si\u0119 pot\u0119\u017cnym i wyj\u0105tkowo czystym d\u017awi\u0119kiem<\/li>\n<li style='padding-top: 10px;'> Ciesz si\u0119 spokojem Listwa d\u017awi\u0119kowa ma certyfikat zgodno\u015bci z aplikacj\u0105 Microsoft\u00ae Skype\u00ae dla firm, masz wi\u0119c zawsze pewno\u015b\u0107, \u017ce spe\u0142nia najbardziej rygorystyczne wymagania bran\u017cowe<\/li>\n<li style='padding-top: 10px;'> Przycisk trybu audio pozwala z listwy d\u017awi\u0119kowej szybko prze\u0142\u0105cza\u0107 si\u0119 mi\u0119dzy dwoma r\u00f3\u017cnymi trybami, np<\/li>\n<li style='padding-top: 10px;'> Szybka konfiguracja i por\u0119czno\u015b\u0107 kompaktowego urz\u0105dzenia Do\u0142\u0105czony uchwyt umo\u017cliwia \u0142atwy monta\u017c listwy d\u017awi\u0119kowej, a przy tym nie ogranicza zakresu regulacji monitora<\/li>\n<li style='padding-top: 10px;'> Potem wystarczy j\u0105 pod\u0142\u0105czy\u0107 do dowolnego dost\u0119pnego portu USB w monitorze lub komputerze i gotowe \u2014 nie trzeba instalowa\u0107 \u017cadnego dodatkowego oprogramowania<\/li>\n<li style='padding-top: 10px;'> Dodatkowo jest chroniona 3-letni\u0105 ograniczon\u0105 gwarancj\u0105 na sprz\u0119t<\/li>\n<li style='padding-top: 10px;'> Rozbudowane funkcje po\u0142\u0105cze\u0144 na wyci\u0105gni\u0119cie r\u0119ki Przednie przyciski sterowania i kontrolki LED znakomicie u\u0142atwiaj\u0105 zarz\u0105dzanie po\u0142\u0105czeniami<\/li>\n<li style='padding-top: 10px;'> Promieniuj\u0105ce do przodu g\u0142o\u015bniki o mocy muzycznej 5 W zapewniaj\u0105 soczysty i mocny d\u017awi\u0119k, a szeroka charakterystyka cz\u0119stotliwo\u015bciowa od 90 do 20 kHz przek\u0142ada si\u0119 na g\u0142\u0119bokie basy i fantastyczn\u0105 wyrazisto\u015b\u0107<\/li>\n<li style='padding-top: 10px;'> Wspaniale czysty d\u017awi\u0119k Zoptymalizuj swoje po\u0142\u0105czenia konferencyjne i strumieniowe przesy\u0142anie multimedi\u00f3w dzi\u0119ki mocnemu i wyj\u0105tkowo wyrazistemu d\u017awi\u0119kowi emitowanemu przez stereofoniczn\u0105 listw\u0119 d\u017awi\u0119kow\u0105 Dell Pro AE515M z certyfikatem obs\u0142ugi aplikacji Microsoft\u00ae Skype\u00ae dla firm<\/li>\n<li style='padding-top: 10px;'>Stereofoniczna listwa d\u017awi\u0119kowa Dell Pro AE515M (z certyfikatem aplikacji Skype dla firm) Zoptymalizuj po\u0142\u0105czenia konferencyjne i strumieniowe transmisje multimedialne dzi\u0119ki tej listwie d\u017awi\u0119kowej o mocy 5 W z certyfikatem aplikacji Microsoft\u00ae Skype\u00ae dla firm<\/li>\n<\/ul>\n<p style='padding: 10px; font-weight: bold; background-color: aliceblue;'>Ten TV SONY w dobrej cenie kupisz w:<\/p>\n","protected":false},"featured_media":3917,"comment_status":"closed","ping_status":"open","template":"","meta":[],"product_cat":[330],"product_tag":[],"class_list":{"0":"post-2428","1":"product","2":"type-product","3":"status-publish","6":"product_cat-soundbar-do-tv","7":"pa_model-mon-a-del-027","8":"pa_producent-dell","9":"pa_sklep-komputronik-pl","10":"pa_typ-produktu-soundbar","12":"first","13":"instock","14":"product-type-external"},"_links":{"self":[{"href":"https:\/\/taniabonament.pl\/telewizory\/wp-json\/wp\/v2\/product\/2428","targetHints":{"allow":["GET"]}}],"collection":[{"href":"https:\/\/taniabonament.pl\/telewizory\/wp-json\/wp\/v2\/product"}],"about":[{"href":"https:\/\/taniabonament.pl\/telewizory\/wp-json\/wp\/v2\/types\/product"}],"replies":[{"embeddable":true,"href":"https:\/\/taniabonament.pl\/telewizory\/wp-json\/wp\/v2\/comments?post=2428"}],"wp:featuredmedia":[{"embeddable":true,"href":"https:\/\/taniabonament.pl\/telewizory\/wp-json\/wp\/v2\/media\/3917"}],"wp:attachment":[{"href":"https:\/\/taniabonament.pl\/telewizory\/wp-json\/wp\/v2\/media?parent=2428"}],"wp:term":[{"taxonomy":"product_cat","embeddable":true,"href":"https:\/\/taniabonament.pl\/telewizory\/wp-json\/wp\/v2\/product_cat?post=2428"},{"taxonomy":"product_tag","embeddable":true,"href":"https:\/\/taniabonament.pl\/telewizory\/wp-json\/wp\/v2\/product_tag?post=2428"}],"curies":[{"name":"wp","href":"https:\/\/api.w.org\/{rel}","templated":true}]}}