{"id":2382,"date":"2021-08-14T15:54:31","date_gmt":"2021-08-14T15:54:31","guid":{"rendered":"https:\/\/taniabonament.pl\/telewizory\/produkt\/tcl-2-1-ts6110-soundbar-240w-hdmi-dolby-audio\/"},"modified":"2021-08-14T15:54:33","modified_gmt":"2021-08-14T15:54:33","slug":"tcl-2-1-ts6110-soundbar-240w-hdmi-dolby-audio","status":"publish","type":"product","link":"https:\/\/taniabonament.pl\/telewizory\/produkt\/soundbar-do-tv\/tcl-2-1-ts6110-soundbar-240w-hdmi-dolby-audio\/","title":{"rendered":"TCL 2.1 TS6110 Soundbar 240W, HDMI, Dolby Audio"},"content":{"rendered":"<p>Przejd\u017a teraz do sklepu internetowego gdzie <a style=\"color: red; text-decoration: underline;\" href=\"https:\/\/converti.se\/click\/34590059-c70e8160-5f3ed1bd\/?deep_link=https%3A%2F%2Fwww.neo24.pl%2Ftcl-ts6110-soundbar-240w-hdmi-dolby-audio.html&#038;sid=soundbary&#038;tag6=product&#038;tag8=6cb5607241be5dedc9d2dea79578c0e5&#038;tag9=TCL+2.1+TS6110+Soundbar+240W%2C+HDMI%2C+Dolby+Audio\" rel=\"nofollow noopener\" target=\"_blank\">kupisz ten Soundbar marki TCL<\/a> w aktrakcyjnej cenie.<\/p>\n","protected":false},"excerpt":{"rendered":"<h4>Dobry <span style='color: #0286E7;'>Soundbar<\/span> to gwarancja wy\u015bmienitego d\u017awi\u0119ku!<\/h4>\n<p style='padding-top: 10px;'>TCL 2.1 TS6110 Soundbar, cechy i zalety: <\/p>\n<ul style='padding-left: 45px; padding-bottom: 10px;'>\n<li style='padding-top: 10px;'>  Pozwoli Ci to r\u00f3wnie\u017c na zmian\u0119 g\u0142o\u015bno\u015bci przy pomocy pilota do telewizora<\/li>\n<li style='padding-top: 10px;'>Zamie\u0144 sw\u00f3j telewizor w bardzo \u0142atwe w u\u017cyciu kino domowe<\/li>\n<li style='padding-top: 10px;'> Specjalnie wykonane przetworniki szerokopasmowe, pre[1]cyzyjnie zaprojektowana obudowia i mocny, bezprzewodowy subwoofer przenios\u0105 g\u0142\u0119boki, kinowy d\u017awi\u0119k wprost do twojego salonu<\/li>\n<li style='padding-top: 10px;'> Postaw soundbar pod telewizorem lub powie\u015b go na \u015bcianie, aby\u015b m\u00f3g\u0142 cieszy\u0107 si\u0119 lepszym d\u017awi\u0119kiem za ka\u017cdym razem, kiedy w\u0142\u0105czysz telewizor<\/li>\n<li style='padding-top: 10px;'>TCL 2.1 TS6110 Soundbar.  Postaw soundbar pod telewizorem lub powie\u015b go na \u015bcianie, aby\u015b m\u00f3g\u0142 cieszy\u0107 si\u0119 lepszym d\u017awi\u0119kiem za ka\u017cdym razem, kiedy w\u0142\u0105czysz telewizor<\/li>\n<li style='padding-top: 10px;'> Ten soundbar jest wyposa\u017cony w wej\u015bcie HDMI-ARC ze wspar[1]ciem HDMI-CEC, wi\u0119c potrzebujesz tylko jednego kabla, aby pod\u0142\u0105czy\u0107 go do swojego telewizora<\/li>\n<li style='padding-top: 10px;'>* To takie proste<\/li>\n<li style='padding-top: 10px;'> Od teraz soundbar b\u0119dzie w\u0142\u0105czany automatycznie, kiedy w\u0142\u0105czysz sw\u00f3j telewizor &#8211; jak i wy\u0142\u0105czany, kiedy telwizor wy\u0142\u0105czysz<\/li>\n<li style='padding-top: 10px;'> * Wymaga wsparcia HDMI-ARX oraz HDMI-CEC znanych komercyjnie r\u00f3wnie\u017c jako T-Link, Anynet+, BRAVIA Link, EasyLink lub VIERA Lin<\/li>\n<\/ul>\n<p style='padding: 10px; font-weight: bold; background-color: aliceblue;'>Ten TV SONY w dobrej cenie kupisz w:<\/p>\n<p><img src='https:\/\/taniabonament.pl\/telefony\/wp-content\/uploads\/sklepylogo\/neo24-logo.png' style='padding-top: 15px; padding-left: 48px; padding-bottom: 15px;' alt='Neo24 sklep' \/><\/p>\n","protected":false},"featured_media":3880,"comment_status":"closed","ping_status":"open","template":"","meta":[],"product_cat":[330],"product_tag":[],"class_list":{"0":"post-2382","1":"product","2":"type-product","3":"status-publish","6":"product_cat-soundbar-do-tv","7":"pa_producent-tcl","8":"pa_sklep-neo24","9":"pa_typ-produktu-soundbar","11":"first","12":"instock","13":"product-type-external"},"_links":{"self":[{"href":"https:\/\/taniabonament.pl\/telewizory\/wp-json\/wp\/v2\/product\/2382","targetHints":{"allow":["GET"]}}],"collection":[{"href":"https:\/\/taniabonament.pl\/telewizory\/wp-json\/wp\/v2\/product"}],"about":[{"href":"https:\/\/taniabonament.pl\/telewizory\/wp-json\/wp\/v2\/types\/product"}],"replies":[{"embeddable":true,"href":"https:\/\/taniabonament.pl\/telewizory\/wp-json\/wp\/v2\/comments?post=2382"}],"wp:featuredmedia":[{"embeddable":true,"href":"https:\/\/taniabonament.pl\/telewizory\/wp-json\/wp\/v2\/media\/3880"}],"wp:attachment":[{"href":"https:\/\/taniabonament.pl\/telewizory\/wp-json\/wp\/v2\/media?parent=2382"}],"wp:term":[{"taxonomy":"product_cat","embeddable":true,"href":"https:\/\/taniabonament.pl\/telewizory\/wp-json\/wp\/v2\/product_cat?post=2382"},{"taxonomy":"product_tag","embeddable":true,"href":"https:\/\/taniabonament.pl\/telewizory\/wp-json\/wp\/v2\/product_tag?post=2382"}],"curies":[{"name":"wp","href":"https:\/\/api.w.org\/{rel}","templated":true}]}}