{"id":2370,"date":"2021-08-14T15:54:31","date_gmt":"2021-08-14T15:54:31","guid":{"rendered":"https:\/\/taniabonament.pl\/telewizory\/produkt\/soundbar-samsung-hw-q800t-%e2%96%88%e2%96%ac%e2%96%88-%e2%96%88-%e2%96%80%e2%96%88%e2%96%80-raty-do-50x0-i-dodatkowy-rabat-w-koszyku-%e2%96%88%e2%96%ac%e2%96%88-%e2%96%88-%e2%96%80%e2%96%88\/"},"modified":"2021-08-14T15:54:37","modified_gmt":"2021-08-14T15:54:37","slug":"soundbar-samsung-hw-q800t-%e2%96%88%e2%96%ac%e2%96%88-%e2%96%88-%e2%96%80%e2%96%88%e2%96%80-raty-do-50x0-i-dodatkowy-rabat-w-koszyku-%e2%96%88%e2%96%ac%e2%96%88-%e2%96%88-%e2%96%80%e2%96%88","status":"publish","type":"product","link":"https:\/\/taniabonament.pl\/telewizory\/produkt\/soundbar-do-tv\/soundbar-samsung-hw-q800t-%e2%96%88%e2%96%ac%e2%96%88-%e2%96%88-%e2%96%80%e2%96%88%e2%96%80-raty-do-50x0-i-dodatkowy-rabat-w-koszyku-%e2%96%88%e2%96%ac%e2%96%88-%e2%96%88-%e2%96%80%e2%96%88\/","title":{"rendered":"Soundbar SAMSUNG HW-Q800T \u2588\u25ac\u2588 \u2588 \u2580\u2588\u2580 RATY DO 50&#215;0% i DODATKOWY RABAT W KOSZYKU !!! \u2588\u25ac\u2588 \u2588 \u2580\u2588\u2580"},"content":{"rendered":"<p>Przejd\u017a teraz do sklepu internetowego gdzie <a style=\"color: red; text-decoration: underline;\" href=\"https:\/\/converti.se\/click\/34590059-c70e8160-5f3ad4bc\/?deep_link=https%3A%2F%2Fmatrixmedia.pl%2Fsoundbar-samsung-hw-q800t.html&#038;sid=soundbary&#038;tag6=product&#038;tag8=a0eed88bd69f78e6004417482037c926&#038;tag9=Soundbar+SAMSUNG+HW-Q800T+%E2%96%88%E2%96%AC%E2%96%88+%E2%96%88+%E2%96%80%E2%96%88%E2%96%80+RATY+DO+50x0%25+i+DODATKOWY+RABAT+W+KOSZYKU+%21%21%21+%E2%96%88%E2%96%AC%E2%96%88+%E2%96%88+%E2%96%80%E2%96%88%E2%96%80\" rel=\"nofollow noopener\" target=\"_blank\">kupisz ten Soundbar marki Samsung<\/a> w aktrakcyjnej cenie.<\/p>\n","protected":false},"excerpt":{"rendered":"<h4>Dobry <span style='color: #0286E7;'>Soundbar<\/span> to gwarancja wy\u015bmienitego d\u017awi\u0119ku!<\/h4>\n<p style='padding-top: 10px;'>Soundbar SAMSUNG HW-Q800T \u2588\u25ac\u2588, cechy i zalety: <\/p>\n<ul style='padding-left: 45px; padding-bottom: 10px;'>\n<li style='padding-top: 10px;'>  * Tylko kompatybilne urz\u0105dzenia<\/li>\n<li style='padding-top: 10px;'>Wzmocnienie po\u0142\u0105czenia d\u017awi\u0119kowego HDMI eARC Dzi\u0119ki HDMI eARC mo\u017cesz s\u0142ysze\u0107 wysokiej jako\u015bci, bezstratny d\u017awi\u0119k nawet po pod\u0142\u0105czeniu do innych urz\u0105dze\u0144 za po\u015brednictwem telewizora, takich jak odtwarzacze DVD lub konsole do gier<\/li>\n<li style='padding-top: 10px;'> Poczuj jedno\u015b\u0107 z histori\u0105, gdy otacza Ci\u0119 pe\u0142ne \u015brodowisko audio z prawdziwym d\u017awi\u0119kiem 3<\/li>\n<li style='padding-top: 10px;'> Wraz z listw\u0105 d\u017awi\u0119kow\u0105 mo\u017cesz stworzy\u0107 system kana\u0142\u00f3w zapewniaj\u0105cy prawdziwe wra\u017cenia przestrzenne<\/li>\n<li style='padding-top: 10px;'>Soundbar SAMSUNG HW-Q800T \u2588\u25ac\u2588.  Wraz z listw\u0105 d\u017awi\u0119kow\u0105 mo\u017cesz stworzy\u0107 system kana\u0142\u00f3w zapewniaj\u0105cy prawdziwe wra\u017cenia przestrzenne<\/li>\n<li style='padding-top: 10px;'>Zanurz si\u0119 w urzekaj\u0105cym d\u017awi\u0119ku Prawdziwy d\u017awi\u0119k 3<\/li>\n<li style='padding-top: 10px;'> Sprawd\u017a specyfikacj\u0119 telewizora Samsung<\/li>\n<li style='padding-top: 10px;'>* Telewizory sprzedawane osobno<\/li>\n<li style='padding-top: 10px;'> * Sprawd\u017a, czy Tw\u00f3j telewizor jest zgodny z Bluetooth\u00ae<\/li>\n<li style='padding-top: 10px;'> Graj lepiej Game Mode Pro Przygotuj si\u0119 na pot\u0119\u017cne, wci\u0105gaj\u0105ce wra\u017cenia z gry dzi\u0119ki subwooferom, kt\u00f3re wzmacniaj\u0105 scen\u0119, oraz g\u0142o\u015bnikom, kt\u00f3re zapewniaj\u0105 niesamowity d\u017awi\u0119k przestrzenny<\/li>\n<li style='padding-top: 10px;'> D\u017awi\u0119k tak dobry jak obraz Bezproblemowa obs\u0142uga HDR 10+ Poczuj wra\u017cenie d\u017awi\u0119ku w tre\u015bci HDR 10+ tak, jak powiniene\u015b<\/li>\n<li style='padding-top: 10px;'>2ch za po\u015brednictwem Samsung Acoustic Beam<\/li>\n<li style='padding-top: 10px;'> * Funkcje i konstrukcja pilota mog\u0105 si\u0119 r\u00f3\u017cni\u0107 w zale\u017cno\u015bci od modelu telewizora i regionu<\/li>\n<li style='padding-top: 10px;'>2 Dzi\u0119ki 3 kana\u0142om, 1 kana\u0142owi subwoofera i 2 kana\u0142om zwi\u0119kszaj\u0105cym moc, otrzymasz d\u017awi\u0119k, kt\u00f3ry przeniesie Ci\u0119 w \u015bwiat zniewalaj\u0105cej rozrywki<\/li>\n<li style='padding-top: 10px;'>1<\/li>\n<li style='padding-top: 10px;'> Po pod\u0142\u0105czeniu tre\u015bci HDR 10+ do listwy d\u017awi\u0119kowej za po\u015brednictwem innych urz\u0105dze\u0144, otrzymujesz bezstratny, dopracowany d\u017awi\u0119k dopasowany do szczeg\u00f3\u0142owego obrazu<\/li>\n<li style='padding-top: 10px;'> Przyciski sterowania listw\u0105 d\u017awi\u0119kow\u0105, takie jak zasilanie, g\u0142o\u015bno\u015b\u0107, a nawet efekty d\u017awi\u0119kowe za pomoc\u0105 pilota telewizora Samsung &#8211; bezpo\u015brednio z telewizora<\/li>\n<li style='padding-top: 10px;'> Adaptive Sound pozwala na wyra\u017aniejszy d\u017awi\u0119k g\u0142os\u00f3w nawet przy niskim poziomie g\u0142o\u015bno\u015bci, dzi\u0119ki czemu s\u0142ycha\u0107 nawet ciche rozmowy<\/li>\n<li style='padding-top: 10px;'> * Kompatybilny z wybranymi telewizorami Samsung<\/li>\n<li style='padding-top: 10px;'> * Wyj\u015bcie HDR 10+ o jako\u015bci obrazu dost\u0119pne z r\u00f3wnowa\u017cnym wej\u015bciem<\/li>\n<li style='padding-top: 10px;'> (Model akcesori\u00f3w: SWA-9000S)<\/li>\n<li style='padding-top: 10px;'> * Tylko kompatybilne telewizory i konsole do gier<\/li>\n<li style='padding-top: 10px;'> (na Xbox One, PS4, Nintendo Switch) * Konsola do gier sprzedawana osobno<\/li>\n<li style='padding-top: 10px;'> * Dost\u0119pne funkcje mog\u0105 si\u0119 r\u00f3\u017cni\u0107 w zale\u017cno\u015bci od regionu, us<\/li>\n<li style='padding-top: 10px;'>1<\/li>\n<li style='padding-top: 10px;'> \u015awiat d\u017awi\u0119ku z jednym pilotem Jeden pilot Nie potrzebujesz kilku pilot\u00f3w<\/li>\n<li style='padding-top: 10px;'> Po\u0142\u0105cz si\u0119, s\u0142uchaj, ciesz si\u0119Po\u0142\u0105czenie Wi-Fi Chcesz cieszy\u0107 si\u0119 ulubionymi programami lub muzyk\u0105? Wystarczy pod\u0142\u0105czy\u0107 telewizor do listwy d\u017awi\u0119kowej za pomoc\u0105 Wi-Fi TV Connection i us\u0142ysze\u0107 wyra\u017any d\u017awi\u0119k listwy d\u017awi\u0119kowej w telewizorze<\/li>\n<li style='padding-top: 10px;'> \u00a0 Jedna aplikacja do inteligentnego s\u0142uchania Aplikacja SmartThings Przenie\u015b po\u0142\u0105czone \u017cycie na wy\u017cszy poziom<\/li>\n<li style='padding-top: 10px;'> Po\u0142\u0105czenie multi Bluetooth\u00ae U\u017cyj Bluetooth listwy d\u017awi\u0119kowej, aby po\u0142\u0105czy\u0107 dwa r\u00f3\u017cne urz\u0105dzenia mobilne w tym samym czasie, nawet gdy prze\u0142\u0105czasz si\u0119 mi\u0119dzy nimi<\/li>\n<li style='padding-top: 10px;'> * Funkcja dotyczy jedynie przewodowego po\u0142\u0105czenia z telewizorem, nie obejmuje po\u0142\u0105czenia bezprzewodowego<\/li>\n<li style='padding-top: 10px;'> * Nie gwarantuje si\u0119 zgodno\u015bci ze wszystkimi tre\u015bciami HDR<\/li>\n<li style='padding-top: 10px;'> * Zestaw g\u0142o\u015bnik\u00f3w bezprzewodowych tylnych Samsung sprzedawany osobno<\/li>\n<li style='padding-top: 10px;'> Aplikacja SmartThings pozwala dodawa\u0107 g\u0142o\u015bniki do sieci, zapewniaj\u0105c wi\u0119ksz\u0105 kontrol\u0119 nad d\u017awi\u0119kiem w ca\u0142ym inteligentnym domu<\/li>\n<li style='padding-top: 10px;'>D\u017awi\u0119k zoptymalizowany dla ka\u017cdej sceny D\u017awi\u0119k adaptacyjny Listwa d\u017awi\u0119kowa Samsung analizuje sygna\u0142 d\u017awi\u0119kowy, aby automatycznie dostarcza\u0107 zoptymalizowany d\u017awi\u0119k do ka\u017cdej sceny<\/li>\n<li style='padding-top: 10px;'> * Po\u0142\u0105czenie mobilne Soundbar nie jest dost\u0119pne po pod\u0142\u0105czeniu do telewizora<\/li>\n<li style='padding-top: 10px;'> Soundbar automatycznie prze\u0142\u0105cza si\u0119 w tryb gry po pod\u0142\u0105czeniu do telewizora Samsung, dzi\u0119ki czemu mo\u017cesz po\u015bwi\u0119ci\u0107 si\u0119 na graniu, a nie na konfigurowaniu<\/li>\n<li style='padding-top: 10px;'> \u0141\u0105czy i poprawia go przez g\u0142o\u015bniki listwy d\u017awi\u0119kowej, a tak\u017ce g\u0142o\u015bniki telewizora, zapewniaj\u0105c nowy poziom zanurzenia akustycznego, dzi\u0119ki czemu mo\u017cesz do\u015bwiadcza\u0107 tre\u015bci jak nigdy dot\u0105d<\/li>\n<li style='padding-top: 10px;'>Wi\u0119cej d\u017awi\u0119ku bez kabli Bezprzewodowy d\u017awi\u0119k przestrzenny Zestaw Wireless Surround Kit * pozwala \u0142atwo rozszerzy\u0107 soundbar do systemu d\u017awi\u0119ku przestrzennego bez ba\u0142aganu w przewodach **<\/li>\n<li style='padding-top: 10px;'>S\u0142ysz lepiej<\/li>\n<li style='padding-top: 10px;'> * Sprawd\u017a, czy Tw\u00f3j telewizor jest kompatybilny z po\u0142\u0105czeniem Wi-FiPo\u0142\u0105czenie TV Bluetooth\u00ae Wystarczy pod\u0142\u0105czy\u0107 Bluetooth do listwy d\u017awi\u0119kowej do telewizora Samsung, by od razu cieszy\u0107 si\u0119 ulubionymi tre\u015bciami<\/li>\n<li style='padding-top: 10px;'> Pozwalaj\u0105 one us\u0142ysze\u0107 ka\u017cdy odr\u0119bny d\u017awi\u0119k, kt\u00f3ry p\u0142ynie wok\u00f3\u0142 ciebie i nad tob\u0105, tak jak w rzeczywisto\u015bci<\/li>\n<li style='padding-top: 10px;'> Eksperci w zakresie innowacji Samsung Audio Lab Przetestowane i dostrojone w California Audio Lab, gdzie nasi \u015bwiatowej klasy in\u017cynierowie d\u017awi\u0119ku stosuj\u0105 zaawansowane technologie akustyczne i najnowocze\u015bniejsze modelowanie komputerowe, aby zapewni\u0107 idealnie zr\u00f3wnowa\u017cony, wype\u0142niaj\u0105cy pomieszczenie d\u017awi\u0119kPodwy\u017cszony d\u017awi\u0119k z ka\u017cdego kierunku Odkryj g\u0142\u0119bi\u0119 d\u017awi\u0119ku dzi\u0119ki Dolby Atmos i DTS: X<\/li>\n<li style='padding-top: 10px;'> ** Modu\u0142 bezprzewodowy wymaga przewodu zasilaj\u0105cego do dzia\u0142ania oraz kabli g\u0142o\u015bnikowych do pod\u0142\u0105czania g\u0142o\u015bnik\u00f3w tylnych<\/li>\n<li style='padding-top: 10px;'>Q Soundbar i telewizor &#8211; idealna harmonia Q-Symphony Soundbar Q800T synchronizuje si\u0119 z telewizorem Samsung, tworz\u0105c razem wci\u0105gaj\u0105cy d\u017awi\u0119k<\/li>\n<li style='padding-top: 10px;'> Idealnie pasuje do telewizora QLED<\/li>\n<li style='padding-top: 10px;'> * Kompatybilne urz\u0105dzenia mog\u0105 si\u0119 r\u00f3\u017cni\u0107<\/li>\n<\/ul>\n<p style='padding: 10px; font-weight: bold; background-color: aliceblue;'>Ten TV SONY w dobrej cenie kupisz w:<\/p>\n<p><img src='https:\/\/taniabonament.pl\/telefony\/wp-content\/uploads\/sklepylogo\/matrixmedia-pl-logo.png' style='padding-top: 15px; padding-left: 48px; padding-bottom: 15px;' alt='Matrixmedia.pl sklep' \/><\/p>\n","protected":false},"featured_media":3894,"comment_status":"closed","ping_status":"open","template":"","meta":[],"product_cat":[330],"product_tag":[],"class_list":{"0":"post-2370","1":"product","2":"type-product","3":"status-publish","6":"product_cat-soundbar-do-tv","7":"pa_producent-samsung","8":"pa_sklep-matrixmedia","9":"pa_typ-produktu-soundbar","11":"first","12":"instock","13":"product-type-external"},"_links":{"self":[{"href":"https:\/\/taniabonament.pl\/telewizory\/wp-json\/wp\/v2\/product\/2370","targetHints":{"allow":["GET"]}}],"collection":[{"href":"https:\/\/taniabonament.pl\/telewizory\/wp-json\/wp\/v2\/product"}],"about":[{"href":"https:\/\/taniabonament.pl\/telewizory\/wp-json\/wp\/v2\/types\/product"}],"replies":[{"embeddable":true,"href":"https:\/\/taniabonament.pl\/telewizory\/wp-json\/wp\/v2\/comments?post=2370"}],"wp:featuredmedia":[{"embeddable":true,"href":"https:\/\/taniabonament.pl\/telewizory\/wp-json\/wp\/v2\/media\/3894"}],"wp:attachment":[{"href":"https:\/\/taniabonament.pl\/telewizory\/wp-json\/wp\/v2\/media?parent=2370"}],"wp:term":[{"taxonomy":"product_cat","embeddable":true,"href":"https:\/\/taniabonament.pl\/telewizory\/wp-json\/wp\/v2\/product_cat?post=2370"},{"taxonomy":"product_tag","embeddable":true,"href":"https:\/\/taniabonament.pl\/telewizory\/wp-json\/wp\/v2\/product_tag?post=2370"}],"curies":[{"name":"wp","href":"https:\/\/api.w.org\/{rel}","templated":true}]}}