{"id":2368,"date":"2021-08-14T15:54:31","date_gmt":"2021-08-14T15:54:31","guid":{"rendered":"https:\/\/taniabonament.pl\/telewizory\/produkt\/soundbar-sony-ht-s350-%e2%96%88%e2%96%ac%e2%96%88-%e2%96%88-%e2%96%80%e2%96%88%e2%96%80-raty-do-50x0-sprawdz-%e2%96%88%e2%96%ac%e2%96%88-%e2%96%88-%e2%96%80%e2%96%88%e2%96%80\/"},"modified":"2021-08-14T15:54:36","modified_gmt":"2021-08-14T15:54:36","slug":"soundbar-sony-ht-s350-%e2%96%88%e2%96%ac%e2%96%88-%e2%96%88-%e2%96%80%e2%96%88%e2%96%80-raty-do-50x0-sprawdz-%e2%96%88%e2%96%ac%e2%96%88-%e2%96%88-%e2%96%80%e2%96%88%e2%96%80","status":"publish","type":"product","link":"https:\/\/taniabonament.pl\/telewizory\/produkt\/soundbar-do-tv\/soundbar-sony-ht-s350-%e2%96%88%e2%96%ac%e2%96%88-%e2%96%88-%e2%96%80%e2%96%88%e2%96%80-raty-do-50x0-sprawdz-%e2%96%88%e2%96%ac%e2%96%88-%e2%96%88-%e2%96%80%e2%96%88%e2%96%80\/","title":{"rendered":"Soundbar SONY HT-S350 \u2588\u25ac\u2588 \u2588 \u2580\u2588\u2580 RATY DO 50&#215;0% &#8211; SPRAWD\u0179 !!! \u2588\u25ac\u2588 \u2588 \u2580\u2588\u2580"},"content":{"rendered":"<p>Przejd\u017a teraz do sklepu internetowego gdzie <a style=\"color: red; text-decoration: underline;\" href=\"https:\/\/converti.se\/click\/34590059-c70e8160-5f3ad4bc\/?deep_link=https%3A%2F%2Fmatrixmedia.pl%2Fsoundbar-sony-ht-s350.html&#038;sid=soundbary&#038;tag6=product&#038;tag8=6ee2d7effabcea8a0ef8dfe4a048d937&#038;tag9=Soundbar+SONY+HT-S350+%E2%96%88%E2%96%AC%E2%96%88+%E2%96%88+%E2%96%80%E2%96%88%E2%96%80+RATY+DO+50x0%25+-+SPRAWD%C5%B9+%21%21%21+%E2%96%88%E2%96%AC%E2%96%88+%E2%96%88+%E2%96%80%E2%96%88%E2%96%80\" rel=\"nofollow noopener\" target=\"_blank\">kupisz ten Soundbar marki Sony<\/a> w aktrakcyjnej cenie.<\/p>\n","protected":false},"excerpt":{"rendered":"<h4>Dobry <span style='color: #0286E7;'>Soundbar<\/span> to gwarancja wy\u015bmienitego d\u017awi\u0119ku!<\/h4>\n<p style='padding-top: 10px;'>Soundbar SONY HT-S350 \u2588\u25ac\u2588, cechy i zalety: <\/p>\n<ul style='padding-left: 45px; padding-bottom: 10px;'>\n<li style='padding-top: 10px;'> Technologia S-Force PRO Front Surround sprawia, \u017ce masz wra\u017cenie, jak gdyby d\u017awi\u0119k dobiega\u0142 ze wszystkich stronDzi\u0119ki technologii wirtualnego d\u017awi\u0119ku przestrzennego o kinowej jako\u015bci znajdziesz si\u0119 w samym centrum wydarze\u0144 ulubionych film\u00f3w, nie potrzebuj\u0105c do tego dodatkowych tylnych g\u0142o\u015bnik\u00f3w<\/li>\n<li style='padding-top: 10px;'> Du\u017cy kana\u0142 subwoofera podkre\u015bla jego niesamowit\u0105 moc<\/li>\n<li style='padding-top: 10px;'>2<\/li>\n<li style='padding-top: 10px;'>Soundbar SONY HT-S350 \u2588\u25ac\u2588. 2<\/li>\n<li style='padding-top: 10px;'>\u0141atwe \u0142\u0105czenie z szerok\u0105 gam\u0105 telewizor\u00f3wPod\u0142\u0105cz telewizor jednym przewodem przez z\u0142\u0105cze HDMI ARC, a je\u015bli Tw\u00f3j telewizor nie obs\u0142uguje HDMI, mo\u017cesz pod\u0142\u0105czy\u0107 go za pomoc\u0105 wej\u015bcia optycznego<\/li>\n<li style='padding-top: 10px;'>Monta\u017c na \u015bcianie i \u0142atwa konfiguracjaKontury przymocowanej do \u015bciany listwy g\u0142o\u015bnikowej pasuj\u0105 wizualnie do telewizora<\/li>\n<li style='padding-top: 10px;'>Pi\u0119kne urz\u0105dzenie z materia\u0142\u00f3w wysokiej jako\u015bciElegancki, subtelny g\u0142o\u015bnik w formie listwy i subwoofer z metalicznymi panelami przednimi<\/li>\n<li style='padding-top: 10px;'> \u0141\u0105czenie urz\u0105dze\u0144 jest \u0142atwe i pozwala cieszy\u0107 si\u0119 filmami, muzyk\u0105 i innymi tre\u015bciami rozrywkowymi<\/li>\n<li style='padding-top: 10px;'>Bezprzewodowy subwoofer o du\u017cej mocyBezprzewodowy subwoofer o du\u017cej mocy o pojemno\u015bci 28 litr\u00f3w i z g\u0142o\u015bnikiem 16 cm generuje g\u0142\u0119bsze, bogatsze basy<\/li>\n<li style='padding-top: 10px;'>1-kana\u0142owy d\u017awi\u0119k przestrzenny z przoduListwa g\u0142o\u015bnikowa ma na obu ko\u0144cach przetworniki zapewniaj\u0105ce wyra\u017ane brzmienie \u015brednich i wysokich ton\u00f3w, a za mocne basy odpowiada bezprzewodowy subwoofer<\/li>\n<li style='padding-top: 10px;'>Jeden przew\u00f3d HDMI ARCHDMI ARC (Audio Return Channel) umo\u017cliwia pod\u0142\u0105czenie do telewizora jednym przewodem<\/li>\n<li style='padding-top: 10px;'>Ca\u0142kowita moc wyj\u015bciowa 320 WDzi\u0119ki \u0142\u0105cznej mocy wyj\u015bciowej 320 W piosenki, programy i filmy o\u017cyj\u0105 na nowo<\/li>\n<li style='padding-top: 10px;'>Bezprzewodowa transmisja strumieniowa przez Bluetooth\u00aeBezprzewodowe przesy\u0142anie strumieniowe ulubionej muzyki ze smartfonu za po\u015brednictwem technologii Bluetooth\u00ae<\/li>\n<\/ul>\n<p style='padding: 10px; font-weight: bold; background-color: aliceblue;'>Ten TV SONY w dobrej cenie kupisz w:<\/p>\n<p><img src='https:\/\/taniabonament.pl\/telefony\/wp-content\/uploads\/sklepylogo\/matrixmedia-pl-logo.png' style='padding-top: 15px; padding-left: 48px; padding-bottom: 15px;' alt='Matrixmedia.pl sklep' \/><\/p>\n","protected":false},"featured_media":3893,"comment_status":"closed","ping_status":"open","template":"","meta":[],"product_cat":[330],"product_tag":[],"class_list":{"0":"post-2368","1":"product","2":"type-product","3":"status-publish","6":"product_cat-soundbar-do-tv","7":"pa_producent-sony","8":"pa_sklep-matrixmedia","9":"pa_typ-produktu-soundbar","11":"first","12":"instock","13":"product-type-external"},"_links":{"self":[{"href":"https:\/\/taniabonament.pl\/telewizory\/wp-json\/wp\/v2\/product\/2368","targetHints":{"allow":["GET"]}}],"collection":[{"href":"https:\/\/taniabonament.pl\/telewizory\/wp-json\/wp\/v2\/product"}],"about":[{"href":"https:\/\/taniabonament.pl\/telewizory\/wp-json\/wp\/v2\/types\/product"}],"replies":[{"embeddable":true,"href":"https:\/\/taniabonament.pl\/telewizory\/wp-json\/wp\/v2\/comments?post=2368"}],"wp:featuredmedia":[{"embeddable":true,"href":"https:\/\/taniabonament.pl\/telewizory\/wp-json\/wp\/v2\/media\/3893"}],"wp:attachment":[{"href":"https:\/\/taniabonament.pl\/telewizory\/wp-json\/wp\/v2\/media?parent=2368"}],"wp:term":[{"taxonomy":"product_cat","embeddable":true,"href":"https:\/\/taniabonament.pl\/telewizory\/wp-json\/wp\/v2\/product_cat?post=2368"},{"taxonomy":"product_tag","embeddable":true,"href":"https:\/\/taniabonament.pl\/telewizory\/wp-json\/wp\/v2\/product_tag?post=2368"}],"curies":[{"name":"wp","href":"https:\/\/api.w.org\/{rel}","templated":true}]}}