{"id":2364,"date":"2021-08-14T15:54:39","date_gmt":"2021-08-14T15:54:39","guid":{"rendered":"https:\/\/taniabonament.pl\/telewizory\/produkt\/bezprzewodowy-soundbar-spc-4455\/"},"modified":"2021-08-14T15:54:41","modified_gmt":"2021-08-14T15:54:41","slug":"bezprzewodowy-soundbar-spc-4455","status":"publish","type":"product","link":"https:\/\/taniabonament.pl\/telewizory\/produkt\/soundbar-do-tv\/bezprzewodowy-soundbar-spc-4455\/","title":{"rendered":"Bezprzewodowy soundbar SPC 4455"},"content":{"rendered":"<p>Przejd\u017a teraz do sklepu internetowego gdzie <a style=\"color: red; text-decoration: underline;\" href=\"https:\/\/converti.se\/click\/34590059-c70e8160-5f3ad6bf\/?deep_link=http%3A%2F%2Femaga.online%2Fp%2F351%2F85965%2Fbezprzewodowy-soundbar-spc-4455-soundbar-elektronika-dzwiek-elektronika-informatyka.html&#038;sid=soundbary&#038;tag6=product&#038;tag8=bf00eefbdeba7128d0cdf4ef04ac7007&#038;tag9=Bezprzewodowy+soundbar+SPC+4455\" rel=\"nofollow noopener\" target=\"_blank\">kupisz ten Soundbar marki spc<\/a> w aktrakcyjnej cenie.<\/p>\n","protected":false},"excerpt":{"rendered":"<h4>Dobry <span style='color: #0286E7;'>Soundbar<\/span> to gwarancja wy\u015bmienitego d\u017awi\u0119ku!<\/h4>\n<p style='padding-top: 10px;'>Bezprzewodowy soundbar SPC 4455, cechy i zalety: <\/p>\n<ul style='padding-left: 45px; padding-bottom: 10px;'>\n<li style='padding-top: 10px;'> Rodzaj: G\u0142o\u015bnikBezprzewodowy\u0141\u0105czno\u015b\u0107: BluetoothBluetooth 5<\/li>\n<li style='padding-top: 10px;'>0W\u0142a\u015bciwo\u015bci: Stacja dokuj\u0105ca i laptopMaksymalna Moc: 100 W\u0141\u0105cza: USB x 1HDMI x 1Aux-in x 1Soundbar: 81 x 9,2 x 6,3 cmSubwoofer: 29,8 x 24 x 16,5 cmZawiera: Kabel zasilaj\u0105cyPilot do Zdalnego SterowaniaUchwyt \u015bcienny<\/li>\n<li style='padding-top: 10px;'>Je\u015bli jeste\u015b mi\u0142o\u015bnikiem informatyki i elektroniki, lubisz by\u0107 na bie\u017c\u0105co z nowo\u015bciami technologicznymi i nie umyka Ci \u017caden szczeg\u00f3\u0142, kup Bezprzewodowy soundbar SPC 4455 po najlepszej cenie<\/li>\n<\/ul>\n<p style='padding: 10px; font-weight: bold; background-color: aliceblue;'>Ten TV SONY w dobrej cenie kupisz w:<\/p>\n","protected":false},"featured_media":3904,"comment_status":"closed","ping_status":"open","template":"","meta":[],"product_cat":[330],"product_tag":[],"class_list":{"0":"post-2364","1":"product","2":"type-product","3":"status-publish","6":"product_cat-soundbar-do-tv","7":"pa_producent-spc","8":"pa_sklep-emaga","9":"pa_typ-produktu-soundbar","11":"first","12":"instock","13":"product-type-external"},"_links":{"self":[{"href":"https:\/\/taniabonament.pl\/telewizory\/wp-json\/wp\/v2\/product\/2364","targetHints":{"allow":["GET"]}}],"collection":[{"href":"https:\/\/taniabonament.pl\/telewizory\/wp-json\/wp\/v2\/product"}],"about":[{"href":"https:\/\/taniabonament.pl\/telewizory\/wp-json\/wp\/v2\/types\/product"}],"replies":[{"embeddable":true,"href":"https:\/\/taniabonament.pl\/telewizory\/wp-json\/wp\/v2\/comments?post=2364"}],"wp:featuredmedia":[{"embeddable":true,"href":"https:\/\/taniabonament.pl\/telewizory\/wp-json\/wp\/v2\/media\/3904"}],"wp:attachment":[{"href":"https:\/\/taniabonament.pl\/telewizory\/wp-json\/wp\/v2\/media?parent=2364"}],"wp:term":[{"taxonomy":"product_cat","embeddable":true,"href":"https:\/\/taniabonament.pl\/telewizory\/wp-json\/wp\/v2\/product_cat?post=2364"},{"taxonomy":"product_tag","embeddable":true,"href":"https:\/\/taniabonament.pl\/telewizory\/wp-json\/wp\/v2\/product_tag?post=2364"}],"curies":[{"name":"wp","href":"https:\/\/api.w.org\/{rel}","templated":true}]}}