{"id":2362,"date":"2021-08-14T15:54:39","date_gmt":"2021-08-14T15:54:39","guid":{"rendered":"https:\/\/taniabonament.pl\/telewizory\/produkt\/soundbar-samsung-hw-q70t-%e2%96%88%e2%96%ac%e2%96%88-%e2%96%88-%e2%96%80%e2%96%88%e2%96%80-raty-do-50x0-sprawdz-%e2%96%88%e2%96%ac%e2%96%88-%e2%96%88-%e2%96%80%e2%96%88%e2%96%80\/"},"modified":"2021-08-14T15:54:45","modified_gmt":"2021-08-14T15:54:45","slug":"soundbar-samsung-hw-q70t-%e2%96%88%e2%96%ac%e2%96%88-%e2%96%88-%e2%96%80%e2%96%88%e2%96%80-raty-do-50x0-sprawdz-%e2%96%88%e2%96%ac%e2%96%88-%e2%96%88-%e2%96%80%e2%96%88%e2%96%80","status":"publish","type":"product","link":"https:\/\/taniabonament.pl\/telewizory\/produkt\/soundbar-do-tv\/soundbar-samsung-hw-q70t-%e2%96%88%e2%96%ac%e2%96%88-%e2%96%88-%e2%96%80%e2%96%88%e2%96%80-raty-do-50x0-sprawdz-%e2%96%88%e2%96%ac%e2%96%88-%e2%96%88-%e2%96%80%e2%96%88%e2%96%80\/","title":{"rendered":"Soundbar SAMSUNG HW-Q70T \u2588\u25ac\u2588 \u2588 \u2580\u2588\u2580 RATY DO 50&#215;0% &#8211; SPRAWD\u0179 !!! \u2588\u25ac\u2588 \u2588 \u2580\u2588\u2580"},"content":{"rendered":"<p>Przejd\u017a teraz do sklepu internetowego gdzie <a style=\"color: red; text-decoration: underline;\" href=\"https:\/\/converti.se\/click\/34590059-c70e8160-5f3ad4bc\/?deep_link=https%3A%2F%2Fmatrixmedia.pl%2Fsoundbar-samsung-hw-q70t.html&#038;sid=soundbary&#038;tag6=product&#038;tag8=abb1a19c3c0b03c1e7d82b1e42c7ca1b&#038;tag9=Soundbar+SAMSUNG+HW-Q70T+%E2%96%88%E2%96%AC%E2%96%88+%E2%96%88+%E2%96%80%E2%96%88%E2%96%80+RATY+DO+50x0%25+-+SPRAWD%C5%B9+%21%21%21+%E2%96%88%E2%96%AC%E2%96%88+%E2%96%88+%E2%96%80%E2%96%88%E2%96%80\" rel=\"nofollow noopener\" target=\"_blank\">kupisz ten Soundbar marki Samsung<\/a> w aktrakcyjnej cenie.<\/p>\n","protected":false},"excerpt":{"rendered":"<h4>Dobry <span style='color: #0286E7;'>Soundbar<\/span> to gwarancja wy\u015bmienitego d\u017awi\u0119ku!<\/h4>\n<p style='padding-top: 10px;'>Soundbar SAMSUNG HW-Q70T \u2588\u25ac\u2588, cechy i zalety: <\/p>\n<ul style='padding-left: 45px; padding-bottom: 10px;'>\n<li style='padding-top: 10px;'>  Dedykowany kana\u0142 centralny Dedykowany kana\u0142 centralny pomaga prowadzi\u0107 wyra\u017any dialog<\/li>\n<li style='padding-top: 10px;'> Gdy konsola do gier jest pod\u0142\u0105czona do kompatybilnego telewizora Samsung, listwa d\u017awi\u0119kowa mo\u017ce wykry\u0107 podczas gry i automatycznie zoptymalizowa\u0107 d\u017awi\u0119k w czasie rzeczywistym<\/li>\n<li style='padding-top: 10px;'> Kompatybilny ze SmartThings System soundbar jest kompatybilny ze SmartThings, co umo\u017cliwia sterowanie nim za pomoc\u0105 aplikacji SmartThings na kompatybilnym urz\u0105dzeniu<\/li>\n<li style='padding-top: 10px;'>Technologia wi\u0105zki akustycznej Ta technologia zapewnia kierunkowy d\u017awi\u0119k, kt\u00f3ry sprawia, \u017ce ??czujesz si\u0119, jakby\u015b by\u0142 cz\u0119\u015bci\u0105 sceny<\/li>\n<li style='padding-top: 10px;'>Soundbar SAMSUNG HW-Q70T \u2588\u25ac\u2588. Technologia wi\u0105zki akustycznej Ta technologia zapewnia kierunkowy d\u017awi\u0119k, kt\u00f3ry sprawia, \u017ce ??czujesz si\u0119, jakby\u015b by\u0142 cz\u0119\u015bci\u0105 sceny<\/li>\n<li style='padding-top: 10px;'> Po\u0142\u0105czenie Bluetooth TV Pod\u0142\u0105cz sw\u00f3j kompatybilny telewizor do listwy d\u017awi\u0119kowej bezprzewodowo za pomoc\u0105 po\u0142\u0105czenia Bluetooth<\/li>\n<li style='padding-top: 10px;'> Wsp\u00f3\u0142pracuje z listw\u0105 d\u017awi\u0119kow\u0105, aby stworzy\u0107 prawdziwie przestrzenny d\u017awi\u0119k<\/li>\n<li style='padding-top: 10px;'>Przekazywanie sygna\u0142u 4K 60 Hz i HDR Dzi\u0119ki przepustowo\u015bci 4K i HDR przez HDMI mo\u017cesz cieszy\u0107 si\u0119 d\u017awi\u0119kiem bez utraty jako\u015bci wideo<\/li>\n<li style='padding-top: 10px;'> D\u017awi\u0119k adaptacyjny Listwa d\u017awi\u0119kowa zosta\u0142a zaprojektowana tak, aby automatycznie dostarcza\u0107 zoptymalizowany d\u017awi\u0119k na podstawie sceny i pozwala wyra\u017anie s\u0142ysze\u0107 g\u0142osy przy niskim poziomie g\u0142o\u015bno\u015bci<\/li>\n<li style='padding-top: 10px;'> Obs\u0142uga bezprzewodowego d\u017awi\u0119ku przestrzennego Opcjonalny bezprzewodowy zestaw przestrzenny umo\u017cliwia rozbudow\u0119 systemu d\u017awi\u0119kowego bez przewod\u00f3w sygna\u0142owych<\/li>\n<li style='padding-top: 10px;'> Q-Symphony Q-Symphony Ta technologia pozwala na synchronizacj\u0119 kompatybilnego telewizora Samsung i systemu soundbar, zapewniaj\u0105c bardziej wci\u0105gaj\u0105ce wra\u017cenia kinowe<\/li>\n<li style='padding-top: 10px;'> Tryb Game Pro D\u017awi\u0119k adaptacyjny D\u017awi\u0119k kierunkowy pomaga ustawi\u0107 si\u0119 w centrum akcji<\/li>\n<\/ul>\n<p style='padding: 10px; font-weight: bold; background-color: aliceblue;'>Ten TV SONY w dobrej cenie kupisz w:<\/p>\n<p><img src='https:\/\/taniabonament.pl\/telefony\/wp-content\/uploads\/sklepylogo\/matrixmedia-pl-logo.png' style='padding-top: 15px; padding-left: 48px; padding-bottom: 15px;' alt='Matrixmedia.pl sklep' \/><\/p>\n","protected":false},"featured_media":3915,"comment_status":"closed","ping_status":"open","template":"","meta":[],"product_cat":[330],"product_tag":[],"class_list":{"0":"post-2362","1":"product","2":"type-product","3":"status-publish","6":"product_cat-soundbar-do-tv","7":"pa_producent-samsung","8":"pa_sklep-matrixmedia","9":"pa_typ-produktu-soundbar","11":"first","12":"instock","13":"product-type-external"},"_links":{"self":[{"href":"https:\/\/taniabonament.pl\/telewizory\/wp-json\/wp\/v2\/product\/2362","targetHints":{"allow":["GET"]}}],"collection":[{"href":"https:\/\/taniabonament.pl\/telewizory\/wp-json\/wp\/v2\/product"}],"about":[{"href":"https:\/\/taniabonament.pl\/telewizory\/wp-json\/wp\/v2\/types\/product"}],"replies":[{"embeddable":true,"href":"https:\/\/taniabonament.pl\/telewizory\/wp-json\/wp\/v2\/comments?post=2362"}],"wp:featuredmedia":[{"embeddable":true,"href":"https:\/\/taniabonament.pl\/telewizory\/wp-json\/wp\/v2\/media\/3915"}],"wp:attachment":[{"href":"https:\/\/taniabonament.pl\/telewizory\/wp-json\/wp\/v2\/media?parent=2362"}],"wp:term":[{"taxonomy":"product_cat","embeddable":true,"href":"https:\/\/taniabonament.pl\/telewizory\/wp-json\/wp\/v2\/product_cat?post=2362"},{"taxonomy":"product_tag","embeddable":true,"href":"https:\/\/taniabonament.pl\/telewizory\/wp-json\/wp\/v2\/product_tag?post=2362"}],"curies":[{"name":"wp","href":"https:\/\/api.w.org\/{rel}","templated":true}]}}