{"id":2360,"date":"2021-08-14T15:54:39","date_gmt":"2021-08-14T15:54:39","guid":{"rendered":"https:\/\/taniabonament.pl\/telewizory\/produkt\/soundbar-samsung-hw-q60t-%e2%96%88%e2%96%ac%e2%96%88-%e2%96%88-%e2%96%80%e2%96%88%e2%96%80-raty-do-50x0-sprawdz-%e2%96%88%e2%96%ac%e2%96%88-%e2%96%88-%e2%96%80%e2%96%88%e2%96%80\/"},"modified":"2021-08-14T15:54:45","modified_gmt":"2021-08-14T15:54:45","slug":"soundbar-samsung-hw-q60t-%e2%96%88%e2%96%ac%e2%96%88-%e2%96%88-%e2%96%80%e2%96%88%e2%96%80-raty-do-50x0-sprawdz-%e2%96%88%e2%96%ac%e2%96%88-%e2%96%88-%e2%96%80%e2%96%88%e2%96%80","status":"publish","type":"product","link":"https:\/\/taniabonament.pl\/telewizory\/produkt\/soundbar-do-tv\/soundbar-samsung-hw-q60t-%e2%96%88%e2%96%ac%e2%96%88-%e2%96%88-%e2%96%80%e2%96%88%e2%96%80-raty-do-50x0-sprawdz-%e2%96%88%e2%96%ac%e2%96%88-%e2%96%88-%e2%96%80%e2%96%88%e2%96%80\/","title":{"rendered":"Soundbar SAMSUNG HW-Q60T \u2588\u25ac\u2588 \u2588 \u2580\u2588\u2580 RATY DO 50&#215;0% &#8211; SPRAWD\u0179 !!! \u2588\u25ac\u2588 \u2588 \u2580\u2588\u2580"},"content":{"rendered":"<p>Przejd\u017a teraz do sklepu internetowego gdzie <a style=\"color: red; text-decoration: underline;\" href=\"https:\/\/converti.se\/click\/34590059-c70e8160-5f3ad4bc\/?deep_link=https%3A%2F%2Fmatrixmedia.pl%2Fsoundbar-samsung-hw-q60t.html&#038;sid=soundbary&#038;tag6=product&#038;tag8=a8fb57179844087f4baf51c1ab6cf70c&#038;tag9=Soundbar+SAMSUNG+HW-Q60T+%E2%96%88%E2%96%AC%E2%96%88+%E2%96%88+%E2%96%80%E2%96%88%E2%96%80+RATY+DO+50x0%25+-+SPRAWD%C5%B9+%21%21%21+%E2%96%88%E2%96%AC%E2%96%88+%E2%96%88+%E2%96%80%E2%96%88%E2%96%80\" rel=\"nofollow noopener\" target=\"_blank\">kupisz ten Soundbar marki Samsung<\/a> w aktrakcyjnej cenie.<\/p>\n","protected":false},"excerpt":{"rendered":"<h4>Dobry <span style='color: #0286E7;'>Soundbar<\/span> to gwarancja wy\u015bmienitego d\u017awi\u0119ku!<\/h4>\n<p style='padding-top: 10px;'>Soundbar SAMSUNG HW-Q60T \u2588\u25ac\u2588, cechy i zalety: <\/p>\n<ul style='padding-left: 45px; padding-bottom: 10px;'>\n<li style='padding-top: 10px;'>  * Funkcja wymaga przewodowego po\u0142\u0105czenia z telewizorem &#8211; nie obejmuje po\u0142\u0105czenia bezprzewodowego<\/li>\n<li style='padding-top: 10px;'> Moc Samsung Soundbar Q60T sprawia, \u017ce d\u017awi\u0119k przestrzenny o\u017cywa dzi\u0119ki g\u0142o\u015bnikom, kt\u00f3re strzelaj\u0105 z przodu, z boku i z g\u00f3ry<\/li>\n<li style='padding-top: 10px;'>D\u017awi\u0119k 3D o jako\u015bci kinowej w domu Podnie\u015b poziom rozrywki dzi\u0119ki wci\u0105gaj\u0105cemu d\u017awi\u0119kowi 3D<\/li>\n<li style='padding-top: 10px;'> Zaprojektowany przez solidnych ekspert\u00f3w od innowacji Samsung Audio Lab Zaprojektowane, przetestowane i zestrojone w naszym najnowocze\u015bniejszym laboratorium California Audio Lab, w kt\u00f3rym \u015bwiatowej klasy in\u017cynierowie audio stosuj\u0105 zaawansowane technologie akustyczne i najnowocze\u015bniejsze modelowanie komputerowe, aby zapewni\u0107 idealnie zr\u00f3wnowa\u017cony, wype\u0142niaj\u0105cy pomieszczenie d\u017awi\u0119k<\/li>\n<li style='padding-top: 10px;'>Soundbar SAMSUNG HW-Q60T \u2588\u25ac\u2588.  Zaprojektowany przez solidnych ekspert\u00f3w od innowacji Samsung Audio Lab Zaprojektowane, przetestowane i zestrojone w naszym najnowocze\u015bniejszym laboratorium California Audio Lab, w kt\u00f3rym \u015bwiatowej klasy in\u017cynierowie audio stosuj\u0105 zaawansowane technologie akustyczne i najnowocze\u015bniejsze modelowanie komputerowe, aby zapewni\u0107 idealnie zr\u00f3wnowa\u017cony, wype\u0142niaj\u0105cy pomieszczenie d\u017awi\u0119k<\/li>\n<li style='padding-top: 10px;'> * Functions may vary by TV model<\/li>\n<li style='padding-top: 10px;'>* Kompatybilny z wybranymi telewizorami Samsung<\/li>\n<li style='padding-top: 10px;'> * Telewizory sprzedawane osobno<\/li>\n<li style='padding-top: 10px;'> D\u017awi\u0119k zoptymalizowany dla ka\u017cdej sceny D\u017awi\u0119k adaptacyjny Soundbar Q60T analizuje sygna\u0142 d\u017awi\u0119kowy, aby automatycznie dostarcza\u0107 zoptymalizowany d\u017awi\u0119k na podstawie ka\u017cdej sceny<\/li>\n<li style='padding-top: 10px;'> D\u017awi\u0119k, kt\u00f3ry ci\u0119 otacza 3D Surround Sound Wci\u0105gaj\u0105ce do\u015bwiadczenie DTS Virtual: X zmienia Tw\u00f3j salon w teatr<\/li>\n<li style='padding-top: 10px;'>** ** Tylko kompatybilne urz\u0105dzenia<\/li>\n<li style='padding-top: 10px;'> * Funkcje i konstrukcja pilota mog\u0105 si\u0119 r\u00f3\u017cni\u0107 w zale\u017cno\u015bci od modelu telewizora i regionu<\/li>\n<li style='padding-top: 10px;'> * Obrazy s\u0105 symulowane i wy\u0142\u0105cznie w celach ilustracyjnych<\/li>\n<li style='padding-top: 10px;'>* Kompatybilne urz\u0105dzenia mog\u0105 si\u0119 r\u00f3\u017cni\u0107<\/li>\n<li style='padding-top: 10px;'> \u015awiat d\u017awi\u0119ku z jednym pilotem Samsung OneRemote Potrzebujesz tylko jednego pilota<\/li>\n<li style='padding-top: 10px;'> Przyciski sterowania listw\u0105 d\u017awi\u0119kow\u0105, takie jak zasilanie, g\u0142o\u015bno\u015b\u0107, a nawet efekty d\u017awi\u0119kowe za pomoc\u0105 pilota do telewizora Samsung<\/li>\n<li style='padding-top: 10px;'> Wi\u0119cej d\u017awi\u0119ku bez przewod\u00f3w Gotowy na bezprzewodowy d\u017awi\u0119k przestrzenny Zestaw Wireless Surround Kit * pozwala \u0142atwo i bezproblemowo rozszerzy\u0107 zestaw g\u0142o\u015bnikowy do kompletnego systemu d\u017awi\u0119ku przestrzennego<\/li>\n<li style='padding-top: 10px;'> * Features may not be compatible with all Samsung TVs<\/li>\n<li style='padding-top: 10px;'> Aplikacja SmartThings pozwala dodawa\u0107 g\u0142o\u015bniki do sieci, zapewniaj\u0105c wi\u0119ksz\u0105 kontrol\u0119 nad d\u017awi\u0119kiem w ca\u0142ym inteligentnym domu<\/li>\n<li style='padding-top: 10px;'> Ponadto jest idealnie dopasowany do telewizor\u00f3w Samsung QLED z prostsz\u0105 konfiguracj\u0105, dopasowanym wygl\u0105dem i zintegrowanym d\u017awi\u0119kiem<\/li>\n<li style='padding-top: 10px;'> (Model akcesori\u00f3w: SWA-8500S)<\/li>\n<li style='padding-top: 10px;'> * Ka\u017cde urz\u0105dzenie musi by\u0107 pod\u0142\u0105czone do Wi-Fi lub innej sieci bezprzewodowej<\/li>\n<li style='padding-top: 10px;'> * Zestaw g\u0142o\u015bnik\u00f3w bezprzewodowych tylnych Samsung sprzedawany osobno<\/li>\n<li style='padding-top: 10px;'>** Modu\u0142 bezprzewodowy wymaga przewodu zasilaj\u0105cego do dzia\u0142ania oraz kabli g\u0142o\u015bnikowych do pod\u0142\u0105czania g\u0142o\u015bnik\u00f3w tylnych<\/li>\n<li style='padding-top: 10px;'> Q Soundbar i telewizor &#8211; idealna harmonia Q-Symphony Prze\u0142omowa technologia, kt\u00f3ra synchronizuje g\u0142o\u015bniki TV Samsung QLED z g\u0142o\u015bnikami soundbar serii Q, zapewniaj\u0105c pe\u0142niejszy, bardziej wci\u0105gaj\u0105cy, kinowy d\u017awi\u0119k<\/li>\n<li style='padding-top: 10px;'> Sprawd\u017a specyfikacj\u0119 telewizora Samsung Jedna aplikacja do inteligentnego s\u0142uchania SmartThings App Przenie\u015b po\u0142\u0105czone \u017cycie na wy\u017cszy poziom<\/li>\n<li style='padding-top: 10px;'> * Aby zapewni\u0107 interoperacyjno\u015b\u0107 poprzez SmartThings, wszystkie urz\u0105dzenia powinny by\u0107 zarejestrowane na jednym koncie Samsung<\/li>\n<li style='padding-top: 10px;'> * Dost\u0119pne funkcje mog\u0105 si\u0119 r\u00f3\u017cni\u0107 w zale\u017cno\u015bci od regionu, us\u0142ugodawcy, \u015brodowiska sieciowego lub urz\u0105dzenia mobilnego i mog\u0105 ulec zmianie bez powiadomienia<\/li>\n<li style='padding-top: 10px;'> Prawdziwy d\u017awi\u0119k 5<\/li>\n<li style='padding-top: 10px;'> Poczuj g\u0142\u0119bi\u0119 poruszaj\u0105cego si\u0119 d\u017awi\u0119ku Samsung Acoustic Beam Technologia Samsung Acoustic Beam miksuje i zapewnia d\u017awi\u0119k, kt\u00f3ry wydaje si\u0119 dok\u0142adnie w miejscu akcji na ekranie<\/li>\n<li style='padding-top: 10px;'> S\u0142yszysz lepiej<\/li>\n<li style='padding-top: 10px;'> Po\u0142\u0105cz si\u0119, s\u0142uchaj, ciesz si\u0119 Multi-Connection Po\u0142\u0105cz przez Bluetooth i ciesz si\u0119 ulubionymi tre\u015bciami bez nieestetycznych kabli<\/li>\n<li style='padding-top: 10px;'> * Tylko kompatybilne telewizory i konsole do gier<\/li>\n<li style='padding-top: 10px;'> D\u017awi\u0119k adaptacyjny pozwala wyra\u017anie s\u0142ysze\u0107 g\u0142osy przy najni\u017cszych poziomach g\u0142o\u015bno\u015bci, dzi\u0119ki czemu s\u0142ycha\u0107 nawet najcichsze rozmowy<\/li>\n<li style='padding-top: 10px;'> Pot\u0119\u017cny d\u017awi\u0119k przestrzenny 3D o\u017cywa, tworz\u0105c d\u017awi\u0119k, kt\u00f3ry sprawia, \u017ce czujesz si\u0119, jakby\u015b by\u0142 cz\u0119\u015bci\u0105 sceny<\/li>\n<li style='padding-top: 10px;'>* * Funkcje mog\u0105 nie by\u0107 zgodne ze wszystkimi telewizorami Samsunga<\/li>\n<li style='padding-top: 10px;'> Zoptymalizuj d\u017awi\u0119k, jednocze\u015bnie oferuj\u0105c czysty d\u017awi\u0119k kierunkowy, aby uzyska\u0107 przewag\u0119<\/li>\n<li style='padding-top: 10px;'> Grasz lepiej Game Pro Mode Pod\u0142\u0105cz konsol\u0119 do listwy d\u017awi\u0119kowej, aby zwi\u0119kszy\u0107 wra\u017cenia z gry<\/li>\n<li style='padding-top: 10px;'> * Nale\u017cy pobra\u0107 i zainstalowa\u0107 aplikacj\u0119 SmartThings<\/li>\n<li style='padding-top: 10px;'> (na Xbox One, PS4, Nintendo Switch) * Konsola do gier sprzedawana osobno<\/li>\n<li style='padding-top: 10px;'> Pod\u0142\u0105cz swoje urz\u0105dzenia przez HDMI, aby uzyska\u0107 bogaty d\u017awi\u0119k<\/li>\n<li style='padding-top: 10px;'> Wygl\u0105d, wygl\u0105d i specyfikacje GUI (graficzny interfejs u\u017cytkownika), kt\u00f3re nie wp\u0142ywaj\u0105 na wydajno\u015b\u0107 produktu, mog\u0105 ulec zmianie bez powiadomienia<\/li>\n<li style='padding-top: 10px;'>1-kana\u0142owy, kt\u00f3ry naprawd\u0119 Ci\u0119 poruszy<\/li>\n<\/ul>\n<p style='padding: 10px; font-weight: bold; background-color: aliceblue;'>Ten TV SONY w dobrej cenie kupisz w:<\/p>\n<p><img src='https:\/\/taniabonament.pl\/telefony\/wp-content\/uploads\/sklepylogo\/matrixmedia-pl-logo.png' style='padding-top: 15px; padding-left: 48px; padding-bottom: 15px;' alt='Matrixmedia.pl sklep' \/><\/p>\n","protected":false},"featured_media":3914,"comment_status":"closed","ping_status":"open","template":"","meta":[],"product_cat":[330],"product_tag":[],"class_list":{"0":"post-2360","1":"product","2":"type-product","3":"status-publish","6":"product_cat-soundbar-do-tv","7":"pa_producent-samsung","8":"pa_sklep-matrixmedia","9":"pa_typ-produktu-soundbar","11":"first","12":"instock","13":"product-type-external"},"_links":{"self":[{"href":"https:\/\/taniabonament.pl\/telewizory\/wp-json\/wp\/v2\/product\/2360","targetHints":{"allow":["GET"]}}],"collection":[{"href":"https:\/\/taniabonament.pl\/telewizory\/wp-json\/wp\/v2\/product"}],"about":[{"href":"https:\/\/taniabonament.pl\/telewizory\/wp-json\/wp\/v2\/types\/product"}],"replies":[{"embeddable":true,"href":"https:\/\/taniabonament.pl\/telewizory\/wp-json\/wp\/v2\/comments?post=2360"}],"wp:featuredmedia":[{"embeddable":true,"href":"https:\/\/taniabonament.pl\/telewizory\/wp-json\/wp\/v2\/media\/3914"}],"wp:attachment":[{"href":"https:\/\/taniabonament.pl\/telewizory\/wp-json\/wp\/v2\/media?parent=2360"}],"wp:term":[{"taxonomy":"product_cat","embeddable":true,"href":"https:\/\/taniabonament.pl\/telewizory\/wp-json\/wp\/v2\/product_cat?post=2360"},{"taxonomy":"product_tag","embeddable":true,"href":"https:\/\/taniabonament.pl\/telewizory\/wp-json\/wp\/v2\/product_tag?post=2360"}],"curies":[{"name":"wp","href":"https:\/\/api.w.org\/{rel}","templated":true}]}}