{"id":2358,"date":"2021-08-14T15:54:39","date_gmt":"2021-08-14T15:54:39","guid":{"rendered":"https:\/\/taniabonament.pl\/telewizory\/produkt\/bezprzewodowy-soundbar-philips-tapb400-10-30w-czarny\/"},"modified":"2021-08-14T15:54:45","modified_gmt":"2021-08-14T15:54:45","slug":"bezprzewodowy-soundbar-philips-tapb400-10-30w-czarny","status":"publish","type":"product","link":"https:\/\/taniabonament.pl\/telewizory\/produkt\/soundbar-do-tv\/bezprzewodowy-soundbar-philips-tapb400-10-30w-czarny\/","title":{"rendered":"Bezprzewodowy soundbar Philips TAPB400\/10 30W Czarny"},"content":{"rendered":"<p>Przejd\u017a teraz do sklepu internetowego gdzie <a style=\"color: red; text-decoration: underline;\" href=\"https:\/\/converti.se\/click\/34590059-c70e8160-5f3ad6bf\/?deep_link=http%3A%2F%2Femaga.online%2Fp%2F351%2F73308%2Fbezprzewodowy-soundbar-philips-tapb400-10-30w-czarny-soundbar-elektronika-dzwiek-elektronika-informatyka.html&#038;sid=soundbary&#038;tag6=product&#038;tag8=e25f6d3ddb04059dbec0ab3ab131653f&#038;tag9=Bezprzewodowy+soundbar+Philips+TAPB400%2F10+30W+Czarny\" rel=\"nofollow noopener\" target=\"_blank\">kupisz ten Soundbar marki philips<\/a> w aktrakcyjnej cenie.<\/p>\n","protected":false},"excerpt":{"rendered":"<h4>Dobry <span style='color: #0286E7;'>Soundbar<\/span> to gwarancja wy\u015bmienitego d\u017awi\u0119ku!<\/h4>\n<p style='padding-top: 10px;'>Bezprzewodowy soundbar Philips TAPB400\/10, cechy i zalety: <\/p>\n<ul style='padding-left: 45px; padding-bottom: 10px;'>\n<li style='padding-top: 10px;'> Je\u015bli jeste\u015b mi\u0142o\u015bnikiem informatyki i elektroniki, lubisz by\u0107 na bie\u017c\u0105co z nowo\u015bciami technologicznymi i nie umyka Ci \u017caden szczeg\u00f3\u0142, kup Bezprzewodowy soundbar Philips TAPB400\/10 30W Czarny po najlepszej cenie<\/li>\n<li style='padding-top: 10px;'>0\u0141\u0105czno\u015b\u0107: Bluetooth 4<\/li>\n<li style='padding-top: 10px;'>2W\u0142a\u015bciwo\u015bci: Monta\u017c \u015bciennyZasilanie: sie\u0107 elektrycznaWymiary ok<\/li>\n<li style='padding-top: 10px;'>: 58 x 67,5 x 10,7 cm<\/li>\n<li style='padding-top: 10px;'>Kolor: CzarnyRodzaj: BezprzewodowyMoc: 30 WKana\u0142y: 2<\/li>\n<\/ul>\n<p style='padding: 10px; font-weight: bold; background-color: aliceblue;'>Ten TV SONY w dobrej cenie kupisz w:<\/p>\n","protected":false},"featured_media":3913,"comment_status":"closed","ping_status":"open","template":"","meta":[],"product_cat":[330],"product_tag":[],"class_list":{"0":"post-2358","1":"product","2":"type-product","3":"status-publish","6":"product_cat-soundbar-do-tv","7":"pa_producent-philips","8":"pa_sklep-emaga","9":"pa_typ-produktu-soundbar","11":"first","12":"instock","13":"product-type-external"},"_links":{"self":[{"href":"https:\/\/taniabonament.pl\/telewizory\/wp-json\/wp\/v2\/product\/2358","targetHints":{"allow":["GET"]}}],"collection":[{"href":"https:\/\/taniabonament.pl\/telewizory\/wp-json\/wp\/v2\/product"}],"about":[{"href":"https:\/\/taniabonament.pl\/telewizory\/wp-json\/wp\/v2\/types\/product"}],"replies":[{"embeddable":true,"href":"https:\/\/taniabonament.pl\/telewizory\/wp-json\/wp\/v2\/comments?post=2358"}],"wp:featuredmedia":[{"embeddable":true,"href":"https:\/\/taniabonament.pl\/telewizory\/wp-json\/wp\/v2\/media\/3913"}],"wp:attachment":[{"href":"https:\/\/taniabonament.pl\/telewizory\/wp-json\/wp\/v2\/media?parent=2358"}],"wp:term":[{"taxonomy":"product_cat","embeddable":true,"href":"https:\/\/taniabonament.pl\/telewizory\/wp-json\/wp\/v2\/product_cat?post=2358"},{"taxonomy":"product_tag","embeddable":true,"href":"https:\/\/taniabonament.pl\/telewizory\/wp-json\/wp\/v2\/product_tag?post=2358"}],"curies":[{"name":"wp","href":"https:\/\/api.w.org\/{rel}","templated":true}]}}