{"id":2354,"date":"2021-08-14T15:54:39","date_gmt":"2021-08-14T15:54:39","guid":{"rendered":"https:\/\/taniabonament.pl\/telewizory\/produkt\/soundbar-sony-ht-st5000-%e2%96%88%e2%96%ac%e2%96%88-%e2%96%88-%e2%96%80%e2%96%88%e2%96%80-raty-do-50x0-sprawdz-%e2%96%88%e2%96%ac%e2%96%88-%e2%96%88-%e2%96%80%e2%96%88%e2%96%80\/"},"modified":"2021-08-14T15:54:43","modified_gmt":"2021-08-14T15:54:43","slug":"soundbar-sony-ht-st5000-%e2%96%88%e2%96%ac%e2%96%88-%e2%96%88-%e2%96%80%e2%96%88%e2%96%80-raty-do-50x0-sprawdz-%e2%96%88%e2%96%ac%e2%96%88-%e2%96%88-%e2%96%80%e2%96%88%e2%96%80","status":"publish","type":"product","link":"https:\/\/taniabonament.pl\/telewizory\/produkt\/soundbar-do-tv\/soundbar-sony-ht-st5000-%e2%96%88%e2%96%ac%e2%96%88-%e2%96%88-%e2%96%80%e2%96%88%e2%96%80-raty-do-50x0-sprawdz-%e2%96%88%e2%96%ac%e2%96%88-%e2%96%88-%e2%96%80%e2%96%88%e2%96%80\/","title":{"rendered":"Soundbar SONY HT-ST5000 \u2588\u25ac\u2588 \u2588 \u2580\u2588\u2580 RATY DO 50&#215;0% &#8211; SPRAWD\u0179 !!! \u2588\u25ac\u2588 \u2588 \u2580\u2588\u2580"},"content":{"rendered":"<p>Przejd\u017a teraz do sklepu internetowego gdzie <a style=\"color: red; text-decoration: underline;\" href=\"https:\/\/converti.se\/click\/34590059-c70e8160-5f3ad4bc\/?deep_link=https%3A%2F%2Fmatrixmedia.pl%2Fsoundbar-sony-ht-st5000.html&#038;sid=soundbary&#038;tag6=product&#038;tag8=f0c8ea9a25916582a5d13a931b70d9ab&#038;tag9=Soundbar+SONY+HT-ST5000+%E2%96%88%E2%96%AC%E2%96%88+%E2%96%88+%E2%96%80%E2%96%88%E2%96%80+RATY+DO+50x0%25+-+SPRAWD%C5%B9+%21%21%21+%E2%96%88%E2%96%AC%E2%96%88+%E2%96%88+%E2%96%80%E2%96%88%E2%96%80\" rel=\"nofollow noopener\" target=\"_blank\">kupisz ten Soundbar marki Sony<\/a> w aktrakcyjnej cenie.<\/p>\n","protected":false},"excerpt":{"rendered":"<h4>Dobry <span style='color: #0286E7;'>Soundbar<\/span> to gwarancja wy\u015bmienitego d\u017awi\u0119ku!<\/h4>\n<p style='padding-top: 10px;'>Soundbar SONY HT-ST5000 \u2588\u25ac\u2588, cechy i zalety: <\/p>\n<ul style='padding-left: 45px; padding-bottom: 10px;'>\n<li style='padding-top: 10px;'> Wyra\u017any obraz dzi\u0119ki HDRUs\u0142ysz i zobacz szczeg\u00f3\u0142y dzi\u0119ki d\u017awi\u0119kowi o wysokiej rozdzielczo\u015bci i technologii High Dynamic Range zapewniaj\u0105cym doskona\u0142e wra\u017cenia podczas ogl\u0105dania film\u00f3w i s\u0142uchania muzyki<\/li>\n<li style='padding-top: 10px;'> Imituje naturalne, tr\u00f3jwymiarowe pole akustyczne \u2014 cho\u0107 w rzeczywisto\u015bci d\u017awi\u0119k dobiega z jednej listwy g\u0142o\u015bnikowej i subwoofera<\/li>\n<li style='padding-top: 10px;'> Wszystkie elementy \u2014 od sygna\u0142u po g\u0142o\u015bniki \u2014 spaja pasja do muzyki, co sprawia wra\u017cenie, \u017ce artysta wyst\u0119puje tu\u017c przed Tob\u0105<\/li>\n<li style='padding-top: 10px;'>1<\/li>\n<li style='padding-top: 10px;'>Soundbar SONY HT-ST5000 \u2588\u25ac\u2588. 1<\/li>\n<li style='padding-top: 10px;'>Dolby AtmosTechnologia Dolby Atmos zapewnia 360\u00b0 d\u017awi\u0119k przestrzenny, dok\u0142adnie odwzorowuj\u0105c pozycj\u0119 \u017ar\u00f3d\u0142a d\u017awi\u0119ku w otoczeniu, pozwalaj\u0105c kana\u0142om g\u0142o\u015bnik\u00f3w w standardzie 7<\/li>\n<li style='padding-top: 10px;'>7<\/li>\n<li style='padding-top: 10px;'>2 otoczy\u0107 Ci\u0119 d\u017awi\u0119kiem nawet od g\u00f3ry<\/li>\n<li style='padding-top: 10px;'>1<\/li>\n<li style='padding-top: 10px;'>Soundbar SONY HT-ST5000 \u2588\u25ac\u2588. 1<\/li>\n<li style='padding-top: 10px;'>G\u0142o\u015bniki z obs\u0142ug\u0105 Dolby AtmosDwa wbudowane g\u0142o\u015bniki zoptymalizowane pod k\u0105tem technologii Dolby Atmos odbijaj\u0105 d\u017awi\u0119k od sufitu w celu wydobycia d\u017awi\u0119k\u00f3w nad g\u0142ow\u0105<\/li>\n<li style='padding-top: 10px;'>G\u0142o\u015bniki koncentryczneG\u0142o\u015bniki nisko- i wysokotonowy dzia\u0142aj\u0105 razem wewn\u0105trz jednej jednostki w celu zapewnienia odpowiednio dostosowanego d\u017awi\u0119ku w ca\u0142ym zakresie cz\u0119stotliwo\u015bci<\/li>\n<li style='padding-top: 10px;'>Prezentacja soundbara SONY HT ST5000 Tak, jak chcieli arty\u015bciS\u0142uchaj\u0105c d\u017awi\u0119ku o wysokiej rozdzielczo\u015bci w jako\u015bci lepszej ni\u017c na p\u0142ycie CD, poczujesz si\u0119 jak w studiu<\/li>\n<li style='padding-top: 10px;'>2-kana\u0142owy d\u017awi\u0119k dzi\u0119ki technologii S-Force PRO Front SurroundNasz system wirtualnego d\u017awi\u0119ku przestrzennego jest oparty na cyfrowym przetwarzaniu sygna\u0142u i technologii S-Force Pro z formowaniem czo\u0142a fali<\/li>\n<li style='padding-top: 10px;'>Strumieniowy d\u017awi\u0119k, r\u00f3\u017cne pomieszczeniaS\u0142uchaj d\u017awi\u0119k\u00f3w ulubionego utworu w ca\u0142ym domu, korzystaj\u0105c z funkcji odtwarzania w wielu pomieszczeniach, obs\u0142ugiwanej przy u\u017cyciu aplikacji SongPal<\/li>\n<\/ul>\n<p style='padding: 10px; font-weight: bold; background-color: aliceblue;'>Ten TV SONY w dobrej cenie kupisz w:<\/p>\n<p><img src='https:\/\/taniabonament.pl\/telefony\/wp-content\/uploads\/sklepylogo\/matrixmedia-pl-logo.png' style='padding-top: 15px; padding-left: 48px; padding-bottom: 15px;' alt='Matrixmedia.pl sklep' \/><\/p>\n","protected":false},"featured_media":3910,"comment_status":"closed","ping_status":"open","template":"","meta":[],"product_cat":[330],"product_tag":[],"class_list":{"0":"post-2354","1":"product","2":"type-product","3":"status-publish","6":"product_cat-soundbar-do-tv","7":"pa_producent-sony","8":"pa_sklep-matrixmedia","9":"pa_typ-produktu-soundbar","11":"first","12":"instock","13":"product-type-external"},"_links":{"self":[{"href":"https:\/\/taniabonament.pl\/telewizory\/wp-json\/wp\/v2\/product\/2354","targetHints":{"allow":["GET"]}}],"collection":[{"href":"https:\/\/taniabonament.pl\/telewizory\/wp-json\/wp\/v2\/product"}],"about":[{"href":"https:\/\/taniabonament.pl\/telewizory\/wp-json\/wp\/v2\/types\/product"}],"replies":[{"embeddable":true,"href":"https:\/\/taniabonament.pl\/telewizory\/wp-json\/wp\/v2\/comments?post=2354"}],"wp:featuredmedia":[{"embeddable":true,"href":"https:\/\/taniabonament.pl\/telewizory\/wp-json\/wp\/v2\/media\/3910"}],"wp:attachment":[{"href":"https:\/\/taniabonament.pl\/telewizory\/wp-json\/wp\/v2\/media?parent=2354"}],"wp:term":[{"taxonomy":"product_cat","embeddable":true,"href":"https:\/\/taniabonament.pl\/telewizory\/wp-json\/wp\/v2\/product_cat?post=2354"},{"taxonomy":"product_tag","embeddable":true,"href":"https:\/\/taniabonament.pl\/telewizory\/wp-json\/wp\/v2\/product_tag?post=2354"}],"curies":[{"name":"wp","href":"https:\/\/api.w.org\/{rel}","templated":true}]}}