{"id":2296,"date":"2021-08-14T15:54:39","date_gmt":"2021-08-14T15:54:39","guid":{"rendered":"https:\/\/taniabonament.pl\/telewizory\/produkt\/meliconi-ghost-cubes-soundbar-bialy\/"},"modified":"2021-08-14T15:54:44","modified_gmt":"2021-08-14T15:54:44","slug":"meliconi-ghost-cubes-soundbar-bialy","status":"publish","type":"product","link":"https:\/\/taniabonament.pl\/telewizory\/produkt\/soundbar-do-tv\/meliconi-ghost-cubes-soundbar-bialy\/","title":{"rendered":"Meliconi Ghost Cubes Soundbar bia\u0142y"},"content":{"rendered":"<p>Przejd\u017a teraz do sklepu internetowego gdzie <a style=\"color: red; text-decoration: underline;\" href=\"https:\/\/converti.se\/click\/34590059-c70e8160-5f3ad4bf\/?deep_link=https%3A%2F%2Fwww.komputronik.pl%2Fproduct%2F593892%2Fmeliconi-ghost-cubes-soundbar-bialy.html&#038;sid=soundbary&#038;tag6=product&#038;tag8=6241f1674208fd8504f25937069acef9&#038;tag9=Meliconi+Ghost+Cubes+Soundbar+bia%C5%82y\" rel=\"nofollow noopener\" target=\"_blank\">kupisz ten Soundbar marki Meliconi<\/a> w aktrakcyjnej cenie.<\/p>\n","protected":false},"excerpt":{"rendered":"<h4>Dobry <span style='color: #0286E7;'>Soundbar<\/span> to gwarancja wy\u015bmienitego d\u017awi\u0119ku!<\/h4>\n<p style='padding-top: 10px;'>Meliconi Ghost Cubes Soundbar, cechy i zalety: <\/p>\n<ul style='padding-left: 45px; padding-bottom: 10px;'>\n<li style='padding-top: 10px;'>  Ustaw na nich przedmioty, kt\u00f3re s\u0105 Ci szczeg\u00f3lnie bliskie, a zostan\u0105 one pi\u0119knie wyeksponowane! Praktyczne Maskownice Ghost Cubes Soundbar s\u0105 nie tylko pi\u0119kne, ale r\u00f3wnie\u017c bardzo praktyczne<\/li>\n<li style='padding-top: 10px;'> W maskownicy znajdziesz specjalne miejsce na rozga\u0142\u0119ziacz lub listw\u0119 antyprzepi\u0119ciow\u0105<\/li>\n<li style='padding-top: 10px;'> System zarz\u0105dzania kablami Zapomnij o nieestetycznych kablach! Ghost Cubes skutecznie ukryje gniazdka oraz przewody<\/li>\n<li style='padding-top: 10px;'> Zestaw zawiera: Dwie maskownice Ghost Cubes Dwie p\u00f3\u0142ki z hartowanego szk\u0142a Ramki do monta\u017cu na\u015bciennego Ko\u0142ki i \u015bruby monta\u017cowe Fischer Poziomice<\/li>\n<li style='padding-top: 10px;'>Meliconi Ghost Cubes Soundbar.  Zestaw zawiera: Dwie maskownice Ghost Cubes Dwie p\u00f3\u0142ki z hartowanego szk\u0142a Ramki do monta\u017cu na\u015bciennego Ko\u0142ki i \u015bruby monta\u017cowe Fischer Poziomice<\/li>\n<li style='padding-top: 10px;'>Zestaw 2 maskownic do kabli + 2 szklane p\u00f3\u0142ki Meliconi Ghost Cubes Soundbar Uporz\u0105dkuj sw\u00f3j k\u0105cik telewizyjny Ghost Cubes Soundbar to najnowszy produkt z serii Ghost Cubes od firmy Meliconi<\/li>\n<li style='padding-top: 10px;'> Nie tylko pod TV Dzi\u0119ki walorom estetycznym Ghost Cubes Soundbar doskonale sprawdzi si\u0119 r\u00f3wnie\u017c jako samodzielna ozdoba Twojej \u015bciany! P\u00f3\u0142ki mo\u017cesz \u0142\u0105czy\u0107 w dowolne konfiguracje<\/li>\n<li style='padding-top: 10px;'> Ka\u017cda z nich mo\u017ce ud\u017awign\u0105\u0107 ci\u0119\u017car do 3,5 kg co sprawia, \u017ce z powodzeniem umie\u015bcisz na nich g\u0142o\u015bniki Soundbar, ale tak\u017ce dekodery, odtwarzacze DVD, kwiaty czy ramki ze zdj\u0119ciami<\/li>\n<li style='padding-top: 10px;'> Jest to zestaw dw\u00f3ch maskownic, kt\u00f3re pozwol\u0105 w przejrzysty i estetyczny spos\u00f3b uporz\u0105dkowa\u0107 kable oraz dwie p\u00f3\u0142ki ze szk\u0142a hartowanego dedykowane pod g\u0142o\u015bniki typu Soundbar<\/li>\n<li style='padding-top: 10px;'> Dwie p\u00f3\u0142ki z hartowanego szk\u0142a Ghost Cubes Soundbar to wielofunkcyjna maskownica do kabli! W zestawie znajduj\u0105 si\u0119 r\u00f3wnie\u017c dwie szklane p\u00f3\u0142ki stworzone z wysokiej jako\u015bci hartowanego szk\u0142a<\/li>\n<li style='padding-top: 10px;'> Dzi\u0119ki temu zestawowi zyskasz jeszcze wi\u0119ksze mo\u017cliwo\u015bci udoskonalania swojego salonu czy k\u0105cika telewizyjnego zar\u00f3wno od strony praktycznej, jak i wizualnej<\/li>\n<li style='padding-top: 10px;'> Wiele mo\u017cliwo\u015bci aran\u017cacyjnych! Ghost Cubes to unikalny system p\u00f3\u0142ek i maskownic, kt\u00f3ry sprawdzi si\u0119 w ka\u017cdym salonie! Wiele mo\u017cliwo\u015bci konfiguracji pozwala regularnie zmienia\u0107 wygl\u0105d k\u0105cika telewizyjnego<\/li>\n<li style='padding-top: 10px;'> Ka\u017cdy produkt wyposa\u017cony jest w miejsce na listw\u0119 zasilaj\u0105c\u0105 co sprawia, \u017ce organizacja kabli jest \u0142atwiejsza ni\u017c kiedykolwiek wcze\u015bniej! Idealne do ka\u017cdego wn\u0119trza Maskownica Ghost Cubes sprawdzi si\u0119 w ka\u017cdym salonie! Dzi\u0119ki niej, wn\u0119trze b\u0119dzie wygl\u0105da\u0107 elegancko i nowocze\u015bnie, a nieestetyczne kable znikn\u0105 na zawsze! \u0141atwy monta\u017c Dzi\u0119ki przemy\u015blanej konstrukcji, monta\u017c Ghost Cubes jest prosty, wygodny i szybki<\/li>\n<li style='padding-top: 10px;'> To doskona\u0142e rozwi\u0105zanie dla os\u00f3b kreatywnych, kt\u00f3re uwielbiaj\u0105 otacza\u0107 si\u0119 pi\u0119knymi przedmiotami<\/li>\n<\/ul>\n<p style='padding: 10px; font-weight: bold; background-color: aliceblue;'>Ten TV SONY w dobrej cenie kupisz w:<\/p>\n","protected":false},"featured_media":3912,"comment_status":"closed","ping_status":"open","template":"","meta":[],"product_cat":[330],"product_tag":[],"class_list":{"0":"post-2296","1":"product","2":"type-product","3":"status-publish","6":"product_cat-soundbar-do-tv","7":"pa_model-uch-a-mlc-039","8":"pa_producent-meliconi","9":"pa_sklep-komputronik-pl","10":"pa_typ-produktu-soundbar","12":"first","13":"instock","14":"product-type-external"},"_links":{"self":[{"href":"https:\/\/taniabonament.pl\/telewizory\/wp-json\/wp\/v2\/product\/2296","targetHints":{"allow":["GET"]}}],"collection":[{"href":"https:\/\/taniabonament.pl\/telewizory\/wp-json\/wp\/v2\/product"}],"about":[{"href":"https:\/\/taniabonament.pl\/telewizory\/wp-json\/wp\/v2\/types\/product"}],"replies":[{"embeddable":true,"href":"https:\/\/taniabonament.pl\/telewizory\/wp-json\/wp\/v2\/comments?post=2296"}],"wp:featuredmedia":[{"embeddable":true,"href":"https:\/\/taniabonament.pl\/telewizory\/wp-json\/wp\/v2\/media\/3912"}],"wp:attachment":[{"href":"https:\/\/taniabonament.pl\/telewizory\/wp-json\/wp\/v2\/media?parent=2296"}],"wp:term":[{"taxonomy":"product_cat","embeddable":true,"href":"https:\/\/taniabonament.pl\/telewizory\/wp-json\/wp\/v2\/product_cat?post=2296"},{"taxonomy":"product_tag","embeddable":true,"href":"https:\/\/taniabonament.pl\/telewizory\/wp-json\/wp\/v2\/product_tag?post=2296"}],"curies":[{"name":"wp","href":"https:\/\/api.w.org\/{rel}","templated":true}]}}