{"id":2294,"date":"2021-08-14T15:54:48","date_gmt":"2021-08-14T15:54:48","guid":{"rendered":"https:\/\/taniabonament.pl\/telewizory\/produkt\/avtek-soundbar-2-1\/"},"modified":"2021-08-14T15:54:48","modified_gmt":"2021-08-14T15:54:48","slug":"avtek-soundbar-2-1","status":"publish","type":"product","link":"https:\/\/taniabonament.pl\/telewizory\/produkt\/soundbar-do-tv\/avtek-soundbar-2-1\/","title":{"rendered":"Avtek Soundbar 2.1"},"content":{"rendered":"<p>Przejd\u017a teraz do sklepu internetowego gdzie <a style=\"color: red; text-decoration: underline;\" href=\"https:\/\/converti.se\/click\/34590059-c70e8160-5f3ad4bf\/?deep_link=https%3A%2F%2Fwww.komputronik.pl%2Fproduct%2F715607%2Favtek-soundbar-2-1.html&#038;sid=soundbary&#038;tag6=product&#038;tag8=6d833f2ea598406f2148b577bd0c1f13&#038;tag9=Avtek+Soundbar+2.1\" rel=\"nofollow noopener\" target=\"_blank\">kupisz ten Soundbar marki AVTek<\/a> w aktrakcyjnej cenie.<\/p>\n","protected":false},"excerpt":{"rendered":"<h4>Dobry <span style='color: #0286E7;'>Soundbar<\/span> to gwarancja wy\u015bmienitego d\u017awi\u0119ku!<\/h4>\n<p style='padding-top: 10px;'>Avtek Soundbar 2.1, cechy i zalety: <\/p>\n<ul style='padding-left: 45px; padding-bottom: 10px;'>\n<li style='padding-top: 10px;'>  Uzyskane zosta\u0142o to poprzez zastosowanie 3 g\u0142o\u015bnik\u00f3w w systemie 2<\/li>\n<li style='padding-top: 10px;'>1 to nast\u0119pca popularnego g\u0142o\u015bnika Avtek Soundbar<\/li>\n<li style='padding-top: 10px;'> Dodatkowo, listwa g\u0142o\u015bnikowa ma dwie &#8222;n\u00f3\u017cki&#8221;, kt\u00f3re umo\u017cliwiaj\u0105 bezpieczne jej postawienie na dowolnej powierzchni bez obawy, \u017ce zostanie ona uszkodzona<\/li>\n<li style='padding-top: 10px;'>1 w konfiguracji: dwa g\u0142o\u015bniki szerokopasmowe o mocy 12W + g\u0142o\u015bnik do obs\u0142ugi ni\u017cszych ton\u00f3w o mocy 36W<\/li>\n<li style='padding-top: 10px;'>Avtek Soundbar 2.1. 1 w konfiguracji: dwa g\u0142o\u015bniki szerokopasmowe o mocy 12W + g\u0142o\u015bnik do obs\u0142ugi ni\u017cszych ton\u00f3w o mocy 36W<\/li>\n<li style='padding-top: 10px;'> Najwa\u017cniejsz\u0105 jednak zmian\u0105 jest poprawiona jako\u015b\u0107 d\u017awi\u0119ku emitowanego przez zestaw<\/li>\n<li style='padding-top: 10px;'> Model w stosunku do poprzednika uzupe\u0142niono kilkoma funkcjonalno\u015bciami jak np<\/li>\n<li style='padding-top: 10px;'> Szeroka gama po\u0142\u0105cze\u0144<\/li>\n<li style='padding-top: 10px;'> W zestawie znajduje si\u0119 r\u00f3wnie\u017c funkcjonalny pilot na podczerwie\u0144, kt\u00f3ry umo\u017cliwia regulacj\u0119 g\u0142o\u015bno\u015bci, zmian\u0119 \u017ar\u00f3d\u0142a, regulacj\u0119 ton\u00f3w niskich i wysokich (w trybie DEFAULT), wyb\u00f3r predefiniowanego profilu d\u017awi\u0119ku oraz parowanie urz\u0105dze\u0144 Bluetooth<\/li>\n<li style='padding-top: 10px;'>Avtek Soundbar 2<\/li>\n<li style='padding-top: 10px;'> wej\u015bcie cyfrowe HDMI (ARC) oraz port USB do odtwarzania plik\u00f3w muzycznych<\/li>\n<li style='padding-top: 10px;'> Przyciski umieszczone na boku obudowy g\u0142o\u015bnika pozwalaj\u0105 na szybk\u0105 zmian\u0119 \u017ar\u00f3d\u0142a d\u017awi\u0119ku, parowanie z urz\u0105dzeniem BT oraz na regulacj\u0119 g\u0142o\u015bno\u015bci<\/li>\n<li style='padding-top: 10px;'> \u0141atwy monta\u017c<\/li>\n<li style='padding-top: 10px;'>1 wyposa\u017cony jest w uchwyty monta\u017cowe, kt\u00f3re umo\u017cliwiaj\u0105 szybkie i bezproblemowe powieszenie g\u0142o\u015bnika pod telewizorem, monitorem lub tablic\u0105 interaktywn\u0105<\/li>\n<li style='padding-top: 10px;'> Avtek Soundbar 2<\/li>\n<li style='padding-top: 10px;'> Proste sterowanie<\/li>\n<li style='padding-top: 10px;'> Z ty\u0142u obudowy u\u017cytkownik znajdzie wej\u015bcia: HDMI (ARC), RCA (L\/R), optyczne, port USB, a z boku obudowy dost\u0119pne jeszcze jest wej\u015bcie liniowe w standardzie minijack 3,5 mm<\/li>\n<li style='padding-top: 10px;'> Wbudowany modu\u0142 Bluetooth pozwala na bezprzewodowe odtwarzanie audio z komputera, telefonu oraz innych urz\u0105dze\u0144 mobilnych wspieraj\u0105cych ten standard<\/li>\n<\/ul>\n<p style='padding: 10px; font-weight: bold; background-color: aliceblue;'>Ten TV SONY w dobrej cenie kupisz w:<\/p>\n","protected":false},"featured_media":3920,"comment_status":"closed","ping_status":"open","template":"","meta":[],"product_cat":[330],"product_tag":[],"class_list":{"0":"post-2294","1":"product","2":"type-product","3":"status-publish","6":"product_cat-soundbar-do-tv","7":"pa_model-pj-a-avt-029","8":"pa_producent-avtek","9":"pa_sklep-komputronik-pl","10":"pa_typ-produktu-soundbar","12":"first","13":"instock","14":"product-type-external"},"_links":{"self":[{"href":"https:\/\/taniabonament.pl\/telewizory\/wp-json\/wp\/v2\/product\/2294","targetHints":{"allow":["GET"]}}],"collection":[{"href":"https:\/\/taniabonament.pl\/telewizory\/wp-json\/wp\/v2\/product"}],"about":[{"href":"https:\/\/taniabonament.pl\/telewizory\/wp-json\/wp\/v2\/types\/product"}],"replies":[{"embeddable":true,"href":"https:\/\/taniabonament.pl\/telewizory\/wp-json\/wp\/v2\/comments?post=2294"}],"wp:featuredmedia":[{"embeddable":true,"href":"https:\/\/taniabonament.pl\/telewizory\/wp-json\/wp\/v2\/media\/3920"}],"wp:attachment":[{"href":"https:\/\/taniabonament.pl\/telewizory\/wp-json\/wp\/v2\/media?parent=2294"}],"wp:term":[{"taxonomy":"product_cat","embeddable":true,"href":"https:\/\/taniabonament.pl\/telewizory\/wp-json\/wp\/v2\/product_cat?post=2294"},{"taxonomy":"product_tag","embeddable":true,"href":"https:\/\/taniabonament.pl\/telewizory\/wp-json\/wp\/v2\/product_tag?post=2294"}],"curies":[{"name":"wp","href":"https:\/\/api.w.org\/{rel}","templated":true}]}}