{"id":84276,"date":"2025-09-22T07:11:13","date_gmt":"2025-09-22T07:11:13","guid":{"rendered":"https:\/\/taniabonament.pl\/telefony\/produkt\/smartfon-samsung-galaxy-s24-ultra-5g-12-1tb-zielony-sm-s928blgpeue\/"},"modified":"2025-09-22T07:11:13","modified_gmt":"2025-09-22T07:11:13","slug":"smartfon-samsung-galaxy-s24-ultra-5g-12-1tb-zielony-sm-s928blgpeue","status":"publish","type":"product","link":"https:\/\/taniabonament.pl\/telefony\/produkt\/smartfon-samsung-galaxy-s24-ultra-5g-12-1tb-zielony-sm-s928blgpeue\/","title":{"rendered":"Smartfon Samsung Galaxy S24 Ultra 5G 12\/1TB Zielony (SM-S928BLGPEUE)"},"content":{"rendered":"<h3><strong>Gdzie kupi\u0107 ten telefon marki Samsung?<\/strong><\/h3>\n<p>Ten smartfon &#8211; model , kt\u00f3ry jest ch\u0119tnie wybierany, kupisz w cenie 10447.76 PLN w sklepie <a href=\"https:\/\/converti.se\/click\/34590059-c70e8160-5f3fd1bb\/?tag6=product&#038;tag8=354320f33f196eae992e032754461c00&#038;tag9=Smartfon+Samsung+Galaxy+S24+Ultra+5G+12%2F1TB+Zielony+%28SM-S928BLGPEUE%29\" rel=\"noopener\">Morele.net<\/a> (sprawd\u017a na stronie naszego partnera czy na ten model obowi\u0105zuje dodatkowa promocja, bo prezentowana cena mo\u017ce by\u0107 jeszcze ni\u017csza!)<\/p>\n<h3><strong>Czy warto kupi\u0107 Smartfon Samsung Galaxy S24 Ultra 5G 12\/1TB Zielony (SM-S928BLGPEUE)?<\/strong><\/h3>\n<p>Tak, to sprawdzony smartfon. Telefony od Samsunga cechuj\u0105 si\u0119 dobr\u0105 wydajno\u015bci\u0105 oraz dopracowaniem, korzystaj\u0105 z najnowszych wersji systemu operacyjnego Android. To stabilne i wydajne urz\u0105dzenia z kt\u00f3rych korzystamy na co dzie\u0144. <strong>Bardzo du\u017co os\u00f3b jest wierna marce Samsung<\/strong> i ponownie <strong>decyduje si\u0119 na nowego smartfona tego producenta<\/strong>. Telefony te ciesz\u0105 si\u0119 bardzo dobr\u0105 opini\u0105.<\/p>\n<p style=\"text-align: center; margin: 25px 10px;\"><a style=\"background-color: red; padding: 10px 20px; border-radius: 7px; color: #fff;\" href=\"https:\/\/converti.se\/click\/34590059-c70e8160-5f3fd1bb\/?deep_link=https%3A%2F%2Fwww.morele.net%2Fsmartfon-samsung-galaxy-s24-ultra-5g-12-1tb-zielony-sm-s928blgpeue-14153066%2F&#038;tag6=product&#038;tag8=354320f33f196eae992e032754461c00&#038;tag9=Smartfon+Samsung+Galaxy+S24+Ultra+5G+12%2F1TB+Zielony+%28SM-S928BLGPEUE%29\" rel=\"nofollow\"><strong>Szczeg\u00f3\u0142owe Parametry<\/strong><\/a><\/p>\n<p>\u2605\u2605\u2605\u2605\u2605<\/p>\n<p>Poszukujesz <a href=\"https:\/\/taniabonament.pl\/telefony\/\">dobrego taniego smartfona<\/a>? Sprawd\u017a w\u015br\u00f3d pozosta\u0142ych producent\u00f3w telefon\u00f3w, kt\u00f3rych produkty przedstawiamy na naszym portalu (m.in. Apple, Xiaomi, MyPhone) . Telefon to urz\u0105dzenie kt\u00f3re u\u017cywamy codziennie. Ze smartfonem w dzisiejszych czasach praktycznie si\u0119 nie rozstajemy, dlatego warto zainwestowa\u0107 par\u0119 z\u0142otych w dobry sprz\u0119t. Wierzymy, \u017ce znajdziesz na naszym portalu <strong>odpowiedni model telefonu dla siebie<\/strong>!<\/p>\n","protected":false},"excerpt":{"rendered":"<p>Smartfon Samsung Galaxy S24. Szukasz <strong>telefonu Samsung<\/strong>? Dobrze trafi\u0142e\u015b! <\/p>\n","protected":false},"featured_media":85140,"comment_status":"closed","ping_status":"open","template":"","meta":[],"product_brand":[],"product_cat":[109],"product_tag":[],"class_list":{"0":"post-84276","1":"product","2":"type-product","3":"status-publish","6":"product_cat-samsung","7":"pa_producent-samsung","8":"pa_sklep-morele-net","10":"first","11":"instock","12":"product-type-external"},"_links":{"self":[{"href":"https:\/\/taniabonament.pl\/telefony\/wp-json\/wp\/v2\/product\/84276","targetHints":{"allow":["GET"]}}],"collection":[{"href":"https:\/\/taniabonament.pl\/telefony\/wp-json\/wp\/v2\/product"}],"about":[{"href":"https:\/\/taniabonament.pl\/telefony\/wp-json\/wp\/v2\/types\/product"}],"replies":[{"embeddable":true,"href":"https:\/\/taniabonament.pl\/telefony\/wp-json\/wp\/v2\/comments?post=84276"}],"wp:featuredmedia":[{"embeddable":true,"href":"https:\/\/taniabonament.pl\/telefony\/wp-json\/wp\/v2\/media\/85140"}],"wp:attachment":[{"href":"https:\/\/taniabonament.pl\/telefony\/wp-json\/wp\/v2\/media?parent=84276"}],"wp:term":[{"taxonomy":"product_brand","embeddable":true,"href":"https:\/\/taniabonament.pl\/telefony\/wp-json\/wp\/v2\/product_brand?post=84276"},{"taxonomy":"product_cat","embeddable":true,"href":"https:\/\/taniabonament.pl\/telefony\/wp-json\/wp\/v2\/product_cat?post=84276"},{"taxonomy":"product_tag","embeddable":true,"href":"https:\/\/taniabonament.pl\/telefony\/wp-json\/wp\/v2\/product_tag?post=84276"}],"curies":[{"name":"wp","href":"https:\/\/api.w.org\/{rel}","templated":true}]}}