{"id":83316,"date":"2025-04-05T06:02:50","date_gmt":"2025-04-05T06:02:50","guid":{"rendered":"https:\/\/taniabonament.pl\/telefony\/produkt\/smartfon-apple-iphone-14-pro-512gb-gold-mq233\/"},"modified":"2025-04-05T06:02:56","modified_gmt":"2025-04-05T06:02:56","slug":"smartfon-apple-iphone-14-pro-512gb-gold-mq233","status":"publish","type":"product","link":"https:\/\/taniabonament.pl\/telefony\/produkt\/smartfon-apple-iphone-14-pro-512gb-gold-mq233\/","title":{"rendered":"Smartfon Apple iPhone 14 Pro 512GB Gold (MQ233)"},"content":{"rendered":"<h3><strong>Gdzie kupi\u0107 ten model iPhone&#8217;a?<\/strong><\/h3>\n<p>Ten model kupisz w sklepie <a href=\"https:\/\/converti.se\/click\/34590059-c70e8160-5f3fd1bb\/?deep_link=https%3A%2F%2Fwww.morele.net%2Fsmartfon-apple-iphone-14-pro-512gb-gold-mq233-11732532%2F&#038;tag6=product&#038;tag8=1a046d1b11c6a1b2dbba3352c46ed929&#038;tag9=Smartfon+Apple+iPhone+14+Pro+512GB+Gold+%28MQ233%29\" rel=\"noopener\">Morele.net<\/a>, w niskiej cenie 11380.18 PLN.<\/p>\n<h3><strong>Czy warto kupi\u0107 Smartfon Apple iPhone 14 Pro 512GB Gold (MQ233)?<\/strong><\/h3>\n<p>Tak, to sprawdzony i dobrze wykonany smartfon. <a href=\"https:\/\/taniabonament.pl\/telefony\/kategoria-produktu\/apple\/\">Telefony od Apple<\/a> cechuj\u0105 si\u0119 bardzo dobr\u0105 wydajno\u015bci\u0105 oraz dopracowaniem. S\u0105 cenione przez wiele milion\u00f3w os\u00f3b na ca\u0142ym \u015bwiecie. System operacyjny iOS w najnowszym wydaniu zapewnia wy\u015bmienity komfort u\u017cytkowania oraz stabilno\u015b\u0107 dzia\u0142ania.<\/p>\n<p>Bardzo du\u017co os\u00f3b jest wierna tej marce, kt\u00f3ra w ostatnich latach mocno zainwestowa\u0142a w technologie zyskuj\u0105c ugruntowan\u0105 pozycj\u0119 lidera na rynku nowych telefon\u00f3w.<\/p>\n<p>Wielu klient\u00f3w ponownie decyduje si\u0119 na nowego iPhone&#8217;a. <strong>Smartfony te ciesz\u0105 si\u0119 bardzo dobr\u0105 opini\u0105<\/strong>.<\/p>\n<h3>Cena smartfona<\/h3>\n<p>Kliknij klawisz &#8217;<strong>Kup ..<\/strong>&#8217; i przejd\u017a do sklepu naszego partnera gdzie kupisz ten telefon (sprawd\u017a czy przypadkiem nie ma na niego promocji, bo <strong>cena mo\u017ce by\u0107 jeszcze ni\u017csza!<\/strong>)<\/p>\n<p style=\"text-align: center; margin: 25px 10px;\"><a style=\"background-color: red; padding: 10px 20px; border-radius: 7px; color: #fff;\" href=\"https:\/\/converti.se\/click\/34590059-c70e8160-5f3fd1bb\/?deep_link=https%3A%2F%2Fwww.morele.net%2Fsmartfon-apple-iphone-14-pro-512gb-gold-mq233-11732532%2F&#038;tag6=product&#038;tag8=1a046d1b11c6a1b2dbba3352c46ed929&#038;tag9=Smartfon+Apple+iPhone+14+Pro+512GB+Gold+%28MQ233%29\" rel=\"nofollow\"><strong>Kup w sklepie<\/strong><\/a><\/p>\n<p>&nbsp;<\/p>\n<p>\u2605\u2605\u2605\u2605\u2605<\/p>\n<p>Szukasz <a href=\"https:\/\/taniabonament.pl\/telefony\/\">taniego smartfona<\/a>? Sprawd\u017a w\u015br\u00f3d pozosta\u0142ych producent\u00f3w telefon\u00f3w, kt\u00f3rych produkty przedstawiamy na naszym portalu (m.in. Samsung, Xiaomi, Honor) . Telefon to urz\u0105dzenie kt\u00f3re u\u017cywamy codziennie. Ze smartfonem w dzisiejszych czasach praktycznie si\u0119 nie rozstajemy, dlatego warto zainwestowa\u0107 par\u0119 z\u0142otych w do\u015b\u0107 dobry sprz\u0119t. Wierzymy, \u017ce znajdziesz na naszym portalu odpowiedni model dla siebie!<\/p>\n<p><strong>Spraw sobie nowy Tani Abonament i zyskaj<\/strong><\/p>\n<p>Z pewno\u015bci\u0105 do nowego iPhone&#8217;a przyda Ci si\u0119 <a href=\"https:\/\/taniabonament.pl\">tani abonament kom\u00f3rkowy<\/a> czy to na kart\u0119 czy tradycyjny. Sprawd\u017a oferty na TaniAbonament.pl &#8211; szczeg\u00f3lnie polecamy bardzo atrakcyjny <a style=\"color: red;\" href=\"https:\/\/taniabonament.pl\/nju-mobile-w-parze-wszystko-bez-limitu-za-19-zl\/\">abonament w NJU MOBILE<\/a>! Zobacz dlaczego&#8230; i co mo\u017cesz mie\u0107 ju\u017c za 19z\u0142!<\/p>\n","protected":false},"excerpt":{"rendered":"<p>Smartfon Apple iPhone 14. Szukasz <strong>telefonu Apple<\/strong>? Dobrze trafi\u0142e\u015b! <\/p>\n","protected":false},"featured_media":83955,"comment_status":"closed","ping_status":"open","template":"","meta":[],"product_brand":[],"product_cat":[19],"product_tag":[],"class_list":{"0":"post-83316","1":"product","2":"type-product","3":"status-publish","6":"product_cat-apple","7":"pa_producent-apple","8":"pa_sklep-morele-net","10":"first","11":"instock","12":"product-type-external"},"_links":{"self":[{"href":"https:\/\/taniabonament.pl\/telefony\/wp-json\/wp\/v2\/product\/83316","targetHints":{"allow":["GET"]}}],"collection":[{"href":"https:\/\/taniabonament.pl\/telefony\/wp-json\/wp\/v2\/product"}],"about":[{"href":"https:\/\/taniabonament.pl\/telefony\/wp-json\/wp\/v2\/types\/product"}],"replies":[{"embeddable":true,"href":"https:\/\/taniabonament.pl\/telefony\/wp-json\/wp\/v2\/comments?post=83316"}],"wp:featuredmedia":[{"embeddable":true,"href":"https:\/\/taniabonament.pl\/telefony\/wp-json\/wp\/v2\/media\/83955"}],"wp:attachment":[{"href":"https:\/\/taniabonament.pl\/telefony\/wp-json\/wp\/v2\/media?parent=83316"}],"wp:term":[{"taxonomy":"product_brand","embeddable":true,"href":"https:\/\/taniabonament.pl\/telefony\/wp-json\/wp\/v2\/product_brand?post=83316"},{"taxonomy":"product_cat","embeddable":true,"href":"https:\/\/taniabonament.pl\/telefony\/wp-json\/wp\/v2\/product_cat?post=83316"},{"taxonomy":"product_tag","embeddable":true,"href":"https:\/\/taniabonament.pl\/telefony\/wp-json\/wp\/v2\/product_tag?post=83316"}],"curies":[{"name":"wp","href":"https:\/\/api.w.org\/{rel}","templated":true}]}}