{"id":82983,"date":"2025-01-06T12:16:42","date_gmt":"2025-01-06T12:16:42","guid":{"rendered":"https:\/\/taniabonament.pl\/telefony\/produkt\/honor-200-pro-5g-12-512gb-czarny\/"},"modified":"2025-01-06T12:16:50","modified_gmt":"2025-01-06T12:16:50","slug":"honor-200-pro-5g-12-512gb-czarny","status":"publish","type":"product","link":"https:\/\/taniabonament.pl\/telefony\/produkt\/honor-200-pro-5g-12-512gb-czarny\/","title":{"rendered":"HONOR 200 Pro 5G 12\/512GB Czarny"},"content":{"rendered":"<p><strong><span style=\"color: red;\">Gdzie mo\u017cna kupi\u0107<\/span> ten telefon HONOR?<\/strong><\/p>\n<p>Ten smartfon &#8211; czyli model GS-T-HNR-0173, jest ch\u0119tnie wybierany. Kupisz go dzisiaj w promocyjnej cenie 3499.0 PLN w sklepie <a href=\"https:\/\/converti.se\/click\/34590059-c70e8160-5f3ad4bf\/?tag6=product&#038;tag8=10b06b048b132f798e0b785d0429cb48&#038;tag9=HONOR+200+Pro+5G+12%2F512GB+Czarny\" rel=\"noopener\">Komputronik.pl<\/a><\/p>\n<p><strong><span style=\"color: red;\">Czy warto kupi\u0107<\/span> HONOR 200 Pro 5G 12\/512GB Czarny?<\/strong><\/p>\n<p>Tak, to sprawdzony smartfon. Telefony producenta\u00a0HONOR cechuj\u0105 si\u0119 dobr\u0105 wydajno\u015bci\u0105 oraz atrakcyjn\u0105 cen\u0105. Wykorzystuj\u0105 najnowsze wersje systemu operacyjnego Android. HONOR cieszy si\u0119 tak\u017ce bardzo dobrymi opiniami.<\/p>\n<p style=\"text-align: center; margin: 25px 10px;\"><a style=\"background-color: red; padding: 10px 20px; border-radius: 7px; color: #fff;\" href=\"https:\/\/converti.se\/click\/34590059-c70e8160-5f3ad4bf\/?deep_link=https%3A%2F%2Fwww.komputronik.pl%2Fproduct%2F931428%2Ftelefon-honor-200-pro-5g-12-512gb-czarny.html&#038;tag6=product&#038;tag8=10b06b048b132f798e0b785d0429cb48&#038;tag9=HONOR+200+Pro+5G+12%2F512GB+Czarny\" rel=\"nofollow\"><strong>Kup w Komputronik.pl<\/strong><\/a><\/p>\n","protected":false},"excerpt":{"rendered":"<h4>Smartfon <span style='color: #0286E7;'>dobry i godny zaufania<\/span> &#8211; <strong>Honor<\/strong>!<\/h4>\n<p style='padding: 17px 0px;'><span style='color: #fff; background-color: yellowgreen; padding: 2px 7px;border-left: 13px solid #000000;'> polecany <\/span><span style='margin-left: 10px; color: #fff; background-color: red; padding: 2px 7px;border-left: 13px solid #000000;'> dobra cena <\/span><\/p>\n<p style='padding-top: 10px;'>HONOR 200 Pro 5G, cechy i zalety: <\/p>\n<ul style='padding-left: 45px; padding-bottom: 10px;'>\n<li style='padding-top: 10px;'> 0 wykorzystuje bardzo du\u017cy biomimetyczny VC ze stali nierdzewnej, o powierzchni 5564 mm i ca\u0142kowitej powierzchni 36881 mm2, oferuj\u0105c wiod\u0105c\u0105 w bran\u017cy, bardzo wysok\u0105 przewodno\u015b\u0107 ciepln\u0105<\/li>\n<li style='padding-top: 10px;'> Do\u015bwiadcz prawdziwej wolno\u015bci dzi\u0119ki natychmiastowemu super\u0142adowaniu Szybko\u015b\u0107 \u0142adowania krzemowo-w\u0119glowej baterii HONOR osi\u0105gn\u0119\u0142a 100W po raz pierwszy w bran\u017cy \u0142aduj\u0105c si\u0119 do 49% w zaledwie 15 minut System ch\u0142odzenia All-range 2<\/li>\n<li style='padding-top: 10px;'> Potr\u00f3jny, studyjny aparat portretowy 50 MP G\u0142\u00f3wny aparat portretowy 50 MP &#8211; Ultradu\u017cy sensor 1\/1<\/li>\n<li style='padding-top: 10px;'><strong> Potr\u00f3jny, studyjny aparat portretowy 50 MP G\u0142\u00f3wny aparat portretowy 50 MP &#8211; Ultradu\u017cy sensor 1\/1<\/strong><\/li>\n<li style='padding-top: 10px;'> oferuj\u0105c wci\u0105gaj\u0105ce wra\u017cenia i uczt\u0119 dla uszu<\/li>\n<li style='padding-top: 10px;'>HONOR 200 Pro 5G.  oferuj\u0105c wci\u0105gaj\u0105ce wra\u017cenia i uczt\u0119 dla uszu<\/li>\n<li style='padding-top: 10px;'> Sztuka Portretowania Portretowanie na poziomie lustrzanki cyfrowej<\/li>\n<li style='padding-top: 10px;'> Ca\u0142kowicie nowy Snapdragon 8s Gen 3 zapewniaj\u0105cy wysok\u0105 wydajno\u015b\u0107<\/li>\n<li style='padding-top: 10px;'>9 Teleobiektyw 50 MP &#8211; Ultraszerokok\u0105tna matryca Sony IMX856 typu HONOR 2,5-krotny zoom optyczny | do 50-krotnego zoomu cyfrowego Aparat ultraszerokok\u0105tny i makro 12 MP &#8211; 2w1 z obiektywem szerokok\u0105tnym i makro ultraszerokok\u0105tny 112\u00b01 50-megapikselowy aparat do portret\u00f3w selfie &#8211; przys\u0142ona f\/2,1 zoptymalizowany algorytm o\u015bwietlenia do selfie Mechanizm portretowy HONOR AI Fotograficzna precyzja oparta na sztucznej inteligencji<\/li>\n<li style='padding-top: 10px;'>3&#8242; H9000 | OIS 4-w-1 z ekwiwalentem 2<\/li>\n<li style='padding-top: 10px;'> Sztuczna inteligencja uczy si\u0119 rys\u00f3w twarzy, aby uchwyci\u0107 wszystkie jej cechy, rozr\u00f3\u017cniaj\u0105c opcje portret\u00f3w, t\u0142a i o\u015bwietlenia w celu uzyskania idealnie zr\u00f3wnowa\u017conych obraz\u00f3w<\/li>\n<li style='padding-top: 10px;'> Dzi\u0119ki flagowej technologii procesowej TSMC 4 nm i tej samej architekturze ze Snapdragonem 8 Gen 3, sztuczna inteligencja jest uwalniana z pe\u0142n\u0105 moc\u0105<\/li>\n<li style='padding-top: 10px;'> Zaledwie 8,2 mm grubo\u015bci, ultrasmuk\u0142a dobrze wygl\u0105daj\u0105ca i przyjemna w dotyku konstrukcja Gdy Sztuka spotyka si\u0119 z Designem Zainspirowany architektur\u0105 &#8222;Casa Mila&#8221; Gaudiego, gdzie symetria spotyka si\u0119 ze zmys\u0142owymi krzywiznami, tworz\u0105c now\u0105 wizj\u0119 artystyczn\u0105<\/li>\n<li style='padding-top: 10px;'>4 \u03bcm du\u017cych pikseli12 Silnik 2-w-1 z 8-przewodowym SMA AF + OIS Przys\u0142ona f\/1<\/li>\n<li style='padding-top: 10px;'> Oznacza to nowy rozdzia\u0142 w rozmiarach urz\u0105dzenia, o grubo\u015bci 0,3 mm, w por\u00f3wnaniu do miedzianego VC o tej samej architekturze Do\u015bwiadcz bogactwa d\u017awi\u0119ku na nowym poziomie dzi\u0119ki dw\u00f3m g\u0142o\u015bnikom stereo Podw\u00f3jne g\u0142o\u015bniki stereo pozwalaj\u0105 cieszy\u0107 si\u0119 wci\u0105gaj\u0105cymi efektami d\u017awi\u0119kowymi z maksymaln\u0105 g\u0142o\u015bno\u015bci\u0105 do 200%, a kontrolowanie g\u0142o\u015bno\u015bci dostosowuje j\u0105 do r\u00f3\u017cnych warunk\u00f3w<\/li>\n<li style='padding-top: 10px;'>0 Zawsze wydajny i ch\u0142odny<\/li>\n<li style='padding-top: 10px;'> Potr\u00f3jne kamery g\u0142\u00f3wne, wsp\u00f3\u0142pracuj\u0105ce ze sztuczn\u0105 inteligencj\u0105, zapewniaj\u0105 niezr\u00f3wnane obrazy, rejestruj\u0105c w ka\u017cdym uj\u0119ciu \u015bwiat\u0142o i cienie w jako\u015bci lustrzanki cyfrowej<\/li>\n<li style='padding-top: 10px;'> System ch\u0142odzenia All-range 2<\/li>\n<li style='padding-top: 10px;'>HONOR 200 Pro Aparat portretowy na poziomie studyjnym | Wy\u015bwietlacz HONOR Eye Comfort | Bateria krzemowo-w\u0119glowa o pojemno\u015bci 5200 mAh Ultrasmuk\u0142y design, kt\u00f3ry wpasowuje si\u0119 do Twojej d\u0142oni<\/li>\n<li style='padding-top: 10px;'> Wiod\u0105ca w bran\u017cy technologia procesowa 4 nm<\/li>\n<\/ul>\n<p style='padding: 10px; font-weight: bold; background-color: aliceblue;'>Dost\u0119pno\u015b\u0107:<\/p>\n","protected":false},"featured_media":82987,"comment_status":"closed","ping_status":"open","template":"","meta":[],"product_brand":[],"product_cat":[198],"product_tag":[],"class_list":{"0":"post-82983","1":"product","2":"type-product","3":"status-publish","6":"product_cat-honor","7":"pa_model-gs-t-hnr-0173","8":"pa_producent-honor","9":"pa_sklep-komputronik-pl","11":"first","12":"instock","13":"product-type-external"},"_links":{"self":[{"href":"https:\/\/taniabonament.pl\/telefony\/wp-json\/wp\/v2\/product\/82983","targetHints":{"allow":["GET"]}}],"collection":[{"href":"https:\/\/taniabonament.pl\/telefony\/wp-json\/wp\/v2\/product"}],"about":[{"href":"https:\/\/taniabonament.pl\/telefony\/wp-json\/wp\/v2\/types\/product"}],"replies":[{"embeddable":true,"href":"https:\/\/taniabonament.pl\/telefony\/wp-json\/wp\/v2\/comments?post=82983"}],"wp:featuredmedia":[{"embeddable":true,"href":"https:\/\/taniabonament.pl\/telefony\/wp-json\/wp\/v2\/media\/82987"}],"wp:attachment":[{"href":"https:\/\/taniabonament.pl\/telefony\/wp-json\/wp\/v2\/media?parent=82983"}],"wp:term":[{"taxonomy":"product_brand","embeddable":true,"href":"https:\/\/taniabonament.pl\/telefony\/wp-json\/wp\/v2\/product_brand?post=82983"},{"taxonomy":"product_cat","embeddable":true,"href":"https:\/\/taniabonament.pl\/telefony\/wp-json\/wp\/v2\/product_cat?post=82983"},{"taxonomy":"product_tag","embeddable":true,"href":"https:\/\/taniabonament.pl\/telefony\/wp-json\/wp\/v2\/product_tag?post=82983"}],"curies":[{"name":"wp","href":"https:\/\/api.w.org\/{rel}","templated":true}]}}