{"id":82948,"date":"2025-01-06T12:16:20","date_gmt":"2025-01-06T12:16:20","guid":{"rendered":"https:\/\/taniabonament.pl\/telefony\/produkt\/honor-magic-v3-12-512gb-czarny\/"},"modified":"2025-01-06T12:16:35","modified_gmt":"2025-01-06T12:16:35","slug":"honor-magic-v3-12-512gb-czarny","status":"publish","type":"product","link":"https:\/\/taniabonament.pl\/telefony\/produkt\/honor-magic-v3-12-512gb-czarny\/","title":{"rendered":"HONOR Magic V3 12\/512GB Czarny"},"content":{"rendered":"<p><strong><span style=\"color: red;\">Gdzie mo\u017cna kupi\u0107<\/span> ten telefon HONOR?<\/strong><\/p>\n<p>Ten smartfon &#8211; czyli model GS-T-HNR-0170, jest ch\u0119tnie wybierany. Kupisz go dzisiaj w promocyjnej cenie 7999.0 PLN w sklepie <a href=\"https:\/\/converti.se\/click\/34590059-c70e8160-5f3ad4bf\/?tag6=product&#038;tag8=9fd87d48b23d6929628ee13e744190f1&#038;tag9=HONOR+Magic+V3+12%2F512GB+Czarny\" rel=\"noopener\">Komputronik.pl<\/a><\/p>\n<p><strong><span style=\"color: red;\">Czy warto kupi\u0107<\/span> HONOR Magic V3 12\/512GB Czarny?<\/strong><\/p>\n<p>Tak, to sprawdzony smartfon. Telefony producenta\u00a0HONOR cechuj\u0105 si\u0119 dobr\u0105 wydajno\u015bci\u0105 oraz atrakcyjn\u0105 cen\u0105. Wykorzystuj\u0105 najnowsze wersje systemu operacyjnego Android. HONOR cieszy si\u0119 tak\u017ce bardzo dobrymi opiniami.<\/p>\n<p style=\"text-align: center; margin: 25px 10px;\"><a style=\"background-color: red; padding: 10px 20px; border-radius: 7px; color: #fff;\" href=\"https:\/\/converti.se\/click\/34590059-c70e8160-5f3ad4bf\/?deep_link=https%3A%2F%2Fwww.komputronik.pl%2Fproduct%2F931424%2Ftelefon-honor-magic-v3-12-512gb-czarny.html&#038;tag6=product&#038;tag8=9fd87d48b23d6929628ee13e744190f1&#038;tag9=HONOR+Magic+V3+12%2F512GB+Czarny\" rel=\"nofollow\"><strong>Kup w Komputronik.pl<\/strong><\/a><\/p>\n","protected":false},"excerpt":{"rendered":"<h4>Smartfon <span style='color: #0286E7;'>dobry i godny zaufania<\/span> &#8211; <strong>Honor<\/strong>!<\/h4>\n<p style='padding: 17px 0px;'><span style='color: #fff; background-color: yellowgreen; padding: 2px 7px;border-left: 13px solid #000000;'> godny uwagi <\/span><\/p>\n<p style='padding: 17px 0px;'><span style='color: #fff; background-color: yellowgreen; padding: 2px 7px;border-left: 13px solid #000000;'> dobra cena <\/span><\/p>\n<p style='padding-top: 10px;'>HONOR Magic V3 12\/512GB, cechy i zalety: <\/p>\n<ul style='padding-left: 45px; padding-bottom: 10px;'>\n<li style='padding-top: 10px;'>  HONOR Magic V3 to pierwszy telefon kom\u00f3rkowy wzmocniony w\u0142\u00f3knami lotniczymi, kt\u00f3re 40-krotnie zwi\u0119kszaj\u0105 odporno\u015b\u0107 na uderzenia, a urz\u0105dzenie jest lekkie i solidnie le\u017cy w d\u0142oni<\/li>\n<li style='padding-top: 10px;'> Dzi\u0119ki wbudowanemu uk\u0142adowi procesora Power Enhanced HONOR E1 i systemowi zarz\u0105dzania energi\u0105 HONOR, HONOR Magic V3 zrobi wszystko, co w jego mocy, aby zapewni\u0107 Ci ci\u0105g\u0142o\u015b\u0107 dzia\u0142ania<\/li>\n<li style='padding-top: 10px;'> Ultrasmuk\u0142a obudowa o grubo\u015bci 9,2 mm zapewnia wodoodporno\u015b\u0107 na poziomie IPX8<\/li>\n<li style='padding-top: 10px;'><strong> Ultrasmuk\u0142a obudowa o grubo\u015bci 9,2 mm zapewnia wodoodporno\u015b\u0107 na poziomie IPX8<\/strong><\/li>\n<li style='padding-top: 10px;'> Podw\u00f3jny widok, dwa razy wi\u0119cej wra\u017ce\u0144 Aparat g\u0142\u00f3wny HONOR Falcon 50 MP, czu\u0142a przys\u0142ona f\/1<\/li>\n<li style='padding-top: 10px;'>HONOR Magic V3 12\/512GB.  Podw\u00f3jny widok, dwa razy wi\u0119cej wra\u017ce\u0144 Aparat g\u0142\u00f3wny HONOR Falcon 50 MP, czu\u0142a przys\u0142ona f\/1<\/li>\n<li style='padding-top: 10px;'> Prywatne po\u0142\u0105czenia wspierane AI, wyra\u017aniejsze ni\u017c kiedykolwiek<\/li>\n<li style='padding-top: 10px;'> Dzi\u0119ki wytrzyma\u0142o\u015bci przekraczaj\u0105cej 2100 MPa, ca\u0142kowicie nowy zawias HONOR z ultrawytrzyma\u0142ej stali tworzy lekk\u0105 i mocniejsz\u0105 jednocz\u0119\u015bciow\u0105 konstrukcj\u0119 mostu \u0142ukowego<\/li>\n<li style='padding-top: 10px;'> Funkcja posiada r\u00f3wnie\u017c dwukierunkow\u0105 redukcj\u0119 szum\u00f3w AI i filtrowanie dla wyra\u017anego dialogu<\/li>\n<li style='padding-top: 10px;'> Prywatne po\u0142\u0105czenia wspierane AI 3<\/li>\n<li style='padding-top: 10px;'> Dzi\u0119ki zawarto\u015bci krzemu do 10% w elektrodzie ujemnej, bateria krzemowo-w\u0119glowa poczyni\u0142a wielki krok naprz\u00f3d, b\u0119d\u0105c liderem w bran\u017cy dzi\u0119ki swojej lekko\u015bci, smuk\u0142o\u015bci i wysokiej zawarto\u015bci krzemu<\/li>\n<li style='padding-top: 10px;'> Zawieszenie w trakcie pracy, czyli wstrzymaj zadanie w dowolnym momencie<\/li>\n<li style='padding-top: 10px;'> Funkcja wykrywania ruchu HONOR AI<\/li>\n<li style='padding-top: 10px;'>0 mog\u0105 inteligentnie rozpoznawa\u0107 g\u0142o\u015bno\u015b\u0107 i optymalizowa\u0107 d\u017awi\u0119ki przeznaczone tylko dla Twoich uszu<\/li>\n<li style='padding-top: 10px;'> Swoboda dostosowana do Twoich potrzeb<\/li>\n<li style='padding-top: 10px;'> Tryby portretowe Harcourt wspierane AI, czyli zdj\u0119cia wykonane z artystyczn\u0105 nut\u0105<\/li>\n<li style='padding-top: 10px;'> HONOR Magic V3 obs\u0142uguje gesty palcami do wyszukiwania obraz\u00f3w, oraz dost\u0119p do Google Image Search i innych aplikacji jednym klikni\u0119ciem<\/li>\n<li style='padding-top: 10px;'> Super du\u017ca przys\u0142ona dla jeszcze pi\u0119kniejszych zdj\u0119\u0107 nocnych; 8-gwintowy nap\u0119d pami\u0119ci dla natychmiastowego ustawiania ostro\u015bci<\/li>\n<li style='padding-top: 10px;'> Magiczny Portal na sk\u0142adanym smartfonie<\/li>\n<li style='padding-top: 10px;'> IPX8, woda mu niestraszna<\/li>\n<li style='padding-top: 10px;'> Idealny do pracy Aplikacje biurowe, takie jak DingTalk, s\u0105 kompatybilne wy\u0142\u0105cznie z HONOR Magic V3, kt\u00f3ry obs\u0142uguje podzielony ekran dla spotka\u0144 i dokument\u00f3w, umo\u017cliwiaj\u0105c \u0142atwe prze\u0142\u0105czanie i wielozadaniowo\u015b\u0107<\/li>\n<li style='padding-top: 10px;'> Przeci\u0105gnij, aby przej\u015b\u0107 dalej<\/li>\n<li style='padding-top: 10px;'> Nowy zawias HONOR z ultrawytrzyma\u0142ej stali<\/li>\n<li style='padding-top: 10px;'> Funkcja wykrywania ruchu HONOR AI inteligentnie rejestruje najwa\u017cniejsze momenty, skupiaj\u0105c si\u0119 na ukochanej osobie<\/li>\n<li style='padding-top: 10px;'>Elastyczne Zawieszenie obs\u0142uguje szerok\u0105 gam\u0119 aplikacji \u2013 korzystaj z niego kiedy chcesz<\/li>\n<li style='padding-top: 10px;'> Magia telefonu HONOR Magic V3 to jeden telefon o dw\u00f3ch osobowo\u015bciach; jest klasycznym telefonem po z\u0142o\u017ceniu, i zarazem tabletem, a nawet komputerem po roz\u0142o\u017ceniu<\/li>\n<li style='padding-top: 10px;'> Specjalne w\u0142\u00f3kno lotnicze, niezwyk\u0142a wytrzyma\u0142o\u015b\u0107<\/li>\n<li style='padding-top: 10px;'> Niepokonany w wodzie do 2,5 metr\u00f3w g\u0142\u0119boko\u015bci, niestraszna mu obs\u0142uga mokrymi r\u0119kami<\/li>\n<li style='padding-top: 10px;'>Du\u017ca bateria o pojemno\u015bci 5150 mAh zapewnia prac\u0119 przez ca\u0142y dzie\u0144<\/li>\n<li style='padding-top: 10px;'> Szybciej i wyra\u017aniej<\/li>\n<li style='padding-top: 10px;'>6<\/li>\n<li style='padding-top: 10px;'> Obs\u0142ugiwane trzy tryby portretowe Harcourt wspierane AI z \u0142atwo\u015bci\u0105 sprawi\u0105, \u017ce portrety b\u0119d\u0105 jeszcze bardziej eleganckie i artystyczne<\/li>\n<li style='padding-top: 10px;'> Flagowy procesor, czyli wszechstronny rdze\u0144 dla Twojego urz\u0105dzenia Flagowy Snapdragon 8 Gen 3 jest \u015bwietnym pomocnikiem w erze AI, w pe\u0142ni uwalniaj\u0105c swoj\u0105 moc, aby zbada\u0107 granic\u0119 inteligencji<\/li>\n<\/ul>\n<p style='padding: 10px; font-weight: bold; background-color: aliceblue;'>Dost\u0119pno\u015b\u0107:<\/p>\n","protected":false},"featured_media":82952,"comment_status":"closed","ping_status":"open","template":"","meta":[],"product_brand":[],"product_cat":[198],"product_tag":[],"class_list":{"0":"post-82948","1":"product","2":"type-product","3":"status-publish","6":"product_cat-honor","7":"pa_model-gs-t-hnr-0170","8":"pa_producent-honor","9":"pa_sklep-komputronik-pl","11":"first","12":"instock","13":"product-type-external"},"_links":{"self":[{"href":"https:\/\/taniabonament.pl\/telefony\/wp-json\/wp\/v2\/product\/82948","targetHints":{"allow":["GET"]}}],"collection":[{"href":"https:\/\/taniabonament.pl\/telefony\/wp-json\/wp\/v2\/product"}],"about":[{"href":"https:\/\/taniabonament.pl\/telefony\/wp-json\/wp\/v2\/types\/product"}],"replies":[{"embeddable":true,"href":"https:\/\/taniabonament.pl\/telefony\/wp-json\/wp\/v2\/comments?post=82948"}],"wp:featuredmedia":[{"embeddable":true,"href":"https:\/\/taniabonament.pl\/telefony\/wp-json\/wp\/v2\/media\/82952"}],"wp:attachment":[{"href":"https:\/\/taniabonament.pl\/telefony\/wp-json\/wp\/v2\/media?parent=82948"}],"wp:term":[{"taxonomy":"product_brand","embeddable":true,"href":"https:\/\/taniabonament.pl\/telefony\/wp-json\/wp\/v2\/product_brand?post=82948"},{"taxonomy":"product_cat","embeddable":true,"href":"https:\/\/taniabonament.pl\/telefony\/wp-json\/wp\/v2\/product_cat?post=82948"},{"taxonomy":"product_tag","embeddable":true,"href":"https:\/\/taniabonament.pl\/telefony\/wp-json\/wp\/v2\/product_tag?post=82948"}],"curies":[{"name":"wp","href":"https:\/\/api.w.org\/{rel}","templated":true}]}}