{"id":82936,"date":"2025-01-06T12:16:20","date_gmt":"2025-01-06T12:16:20","guid":{"rendered":"https:\/\/taniabonament.pl\/telefony\/produkt\/smartfon-honor-honor-200-5g-dual-sim-12gb-ram-512gb-ocean-cyan\/"},"modified":"2025-01-06T12:16:32","modified_gmt":"2025-01-06T12:16:32","slug":"smartfon-honor-honor-200-5g-dual-sim-12gb-ram-512gb-ocean-cyan","status":"publish","type":"product","link":"https:\/\/taniabonament.pl\/telefony\/produkt\/smartfon-honor-honor-200-5g-dual-sim-12gb-ram-512gb-ocean-cyan\/","title":{"rendered":"Smartfon Honor Honor 200 5G Dual Sim 12GB RAM 512GB &#8211; Ocean Cyan"},"content":{"rendered":"<p><strong><span style=\"color: red;\">Gdzie mo\u017cna kupi\u0107<\/span> ten telefon Honor?<\/strong><\/p>\n<p>Ten smartfon &#8211; czyli model , jest ch\u0119tnie wybierany. Kupisz go dzisiaj w promocyjnej cenie 1791.75 PLN w sklepie <a href=\"https:\/\/converti.se\/click\/34590059-c70e8160-5f3fd1bb\/?tag6=product&#038;tag8=c756803665a8c99b8c506e569522a7b3&#038;tag9=Smartfon+Honor+Honor+200+5G+Dual+Sim+12GB+RAM+512GB+-+Ocean+Cyan\" rel=\"noopener\">Morele.net<\/a><\/p>\n<p><strong><span style=\"color: red;\">Czy warto kupi\u0107<\/span> Smartfon Honor Honor 200 5G Dual Sim 12GB RAM 512GB &#8211; Ocean Cyan?<\/strong><\/p>\n<p>Tak, to sprawdzony smartfon. Telefony producenta\u00a0Honor cechuj\u0105 si\u0119 dobr\u0105 wydajno\u015bci\u0105 oraz atrakcyjn\u0105 cen\u0105. Wykorzystuj\u0105 najnowsze wersje systemu operacyjnego Android. Honor cieszy si\u0119 tak\u017ce bardzo dobrymi opiniami.<\/p>\n<p style=\"text-align: center; margin: 25px 10px;\"><a style=\"background-color: red; padding: 10px 20px; border-radius: 7px; color: #fff;\" href=\"https:\/\/converti.se\/click\/34590059-c70e8160-5f3fd1bb\/?deep_link=https%3A%2F%2Fwww.morele.net%2Fsmartfon-honor-honor-200-5g-dual-sim-12gb-ram-512gb-ocean-cyan-13767612%2F&#038;tag6=product&#038;tag8=c756803665a8c99b8c506e569522a7b3&#038;tag9=Smartfon+Honor+Honor+200+5G+Dual+Sim+12GB+RAM+512GB+-+Ocean+Cyan\" rel=\"nofollow\"><strong>Kup w Morele.net<\/strong><\/a><\/p>\n","protected":false},"excerpt":{"rendered":"<p>Smartfon Honor Honor 200. Szukasz <strong>telefonu Honor<\/strong>? Dobrze trafi\u0142e\u015b! <\/p>\n","protected":false},"featured_media":82938,"comment_status":"closed","ping_status":"open","template":"","meta":[],"product_brand":[],"product_cat":[198],"product_tag":[],"class_list":{"0":"post-82936","1":"product","2":"type-product","3":"status-publish","6":"product_cat-honor","7":"pa_producent-honor","8":"pa_sklep-morele-net","10":"first","11":"instock","12":"product-type-external"},"_links":{"self":[{"href":"https:\/\/taniabonament.pl\/telefony\/wp-json\/wp\/v2\/product\/82936","targetHints":{"allow":["GET"]}}],"collection":[{"href":"https:\/\/taniabonament.pl\/telefony\/wp-json\/wp\/v2\/product"}],"about":[{"href":"https:\/\/taniabonament.pl\/telefony\/wp-json\/wp\/v2\/types\/product"}],"replies":[{"embeddable":true,"href":"https:\/\/taniabonament.pl\/telefony\/wp-json\/wp\/v2\/comments?post=82936"}],"wp:featuredmedia":[{"embeddable":true,"href":"https:\/\/taniabonament.pl\/telefony\/wp-json\/wp\/v2\/media\/82938"}],"wp:attachment":[{"href":"https:\/\/taniabonament.pl\/telefony\/wp-json\/wp\/v2\/media?parent=82936"}],"wp:term":[{"taxonomy":"product_brand","embeddable":true,"href":"https:\/\/taniabonament.pl\/telefony\/wp-json\/wp\/v2\/product_brand?post=82936"},{"taxonomy":"product_cat","embeddable":true,"href":"https:\/\/taniabonament.pl\/telefony\/wp-json\/wp\/v2\/product_cat?post=82936"},{"taxonomy":"product_tag","embeddable":true,"href":"https:\/\/taniabonament.pl\/telefony\/wp-json\/wp\/v2\/product_tag?post=82936"}],"curies":[{"name":"wp","href":"https:\/\/api.w.org\/{rel}","templated":true}]}}