{"id":82930,"date":"2025-01-06T12:16:20","date_gmt":"2025-01-06T12:16:20","guid":{"rendered":"https:\/\/taniabonament.pl\/telefony\/produkt\/smartfon-honor-x7b-6-128gb-zielony-clark-l31b1-gn\/"},"modified":"2025-01-06T12:16:30","modified_gmt":"2025-01-06T12:16:30","slug":"smartfon-honor-x7b-6-128gb-zielony-clark-l31b1-gn","status":"publish","type":"product","link":"https:\/\/taniabonament.pl\/telefony\/produkt\/smartfon-honor-x7b-6-128gb-zielony-clark-l31b1-gn\/","title":{"rendered":"Smartfon Honor X7B 6\/128GB Zielony (Clark-L31B1-GN)"},"content":{"rendered":"<p><strong><span style=\"color: red;\">Gdzie mo\u017cna kupi\u0107<\/span> ten telefon Honor?<\/strong><\/p>\n<p>Ten smartfon &#8211; czyli model , jest ch\u0119tnie wybierany. Kupisz go dzisiaj w promocyjnej cenie 1188.66 PLN w sklepie <a href=\"https:\/\/converti.se\/click\/34590059-c70e8160-5f3fd1bb\/?tag6=product&#038;tag8=6b6a006731c6fc06cae64889f84bf89c&#038;tag9=Smartfon+Honor+X7B+6%2F128GB+Zielony+%28Clark-L31B1-GN%29\" rel=\"noopener\">Morele.net<\/a><\/p>\n<p><strong><span style=\"color: red;\">Czy warto kupi\u0107<\/span> Smartfon Honor X7B 6\/128GB Zielony (Clark-L31B1-GN)?<\/strong><\/p>\n<p>Tak, to sprawdzony smartfon. Telefony producenta\u00a0Honor cechuj\u0105 si\u0119 dobr\u0105 wydajno\u015bci\u0105 oraz atrakcyjn\u0105 cen\u0105. Wykorzystuj\u0105 najnowsze wersje systemu operacyjnego Android. Honor cieszy si\u0119 tak\u017ce bardzo dobrymi opiniami.<\/p>\n<p style=\"text-align: center; margin: 25px 10px;\"><a style=\"background-color: red; padding: 10px 20px; border-radius: 7px; color: #fff;\" href=\"https:\/\/converti.se\/click\/34590059-c70e8160-5f3fd1bb\/?deep_link=https%3A%2F%2Fwww.morele.net%2Fsmartfon-honor-x7b-6-128gb-zielony-clark-l31b1-gn-13246260%2F&#038;tag6=product&#038;tag8=6b6a006731c6fc06cae64889f84bf89c&#038;tag9=Smartfon+Honor+X7B+6%2F128GB+Zielony+%28Clark-L31B1-GN%29\" rel=\"nofollow\"><strong>Kup w Morele.net<\/strong><\/a><\/p>\n","protected":false},"excerpt":{"rendered":"<p>Smartfon Honor X7B 6\/128GB. Szukasz <strong>telefonu Honor<\/strong>? Dobrze trafi\u0142e\u015b! <\/p>\n","protected":false},"featured_media":82932,"comment_status":"closed","ping_status":"open","template":"","meta":[],"product_brand":[],"product_cat":[198],"product_tag":[],"class_list":{"0":"post-82930","1":"product","2":"type-product","3":"status-publish","6":"product_cat-honor","7":"pa_producent-honor","8":"pa_sklep-morele-net","10":"first","11":"instock","12":"product-type-external"},"_links":{"self":[{"href":"https:\/\/taniabonament.pl\/telefony\/wp-json\/wp\/v2\/product\/82930","targetHints":{"allow":["GET"]}}],"collection":[{"href":"https:\/\/taniabonament.pl\/telefony\/wp-json\/wp\/v2\/product"}],"about":[{"href":"https:\/\/taniabonament.pl\/telefony\/wp-json\/wp\/v2\/types\/product"}],"replies":[{"embeddable":true,"href":"https:\/\/taniabonament.pl\/telefony\/wp-json\/wp\/v2\/comments?post=82930"}],"wp:featuredmedia":[{"embeddable":true,"href":"https:\/\/taniabonament.pl\/telefony\/wp-json\/wp\/v2\/media\/82932"}],"wp:attachment":[{"href":"https:\/\/taniabonament.pl\/telefony\/wp-json\/wp\/v2\/media?parent=82930"}],"wp:term":[{"taxonomy":"product_brand","embeddable":true,"href":"https:\/\/taniabonament.pl\/telefony\/wp-json\/wp\/v2\/product_brand?post=82930"},{"taxonomy":"product_cat","embeddable":true,"href":"https:\/\/taniabonament.pl\/telefony\/wp-json\/wp\/v2\/product_cat?post=82930"},{"taxonomy":"product_tag","embeddable":true,"href":"https:\/\/taniabonament.pl\/telefony\/wp-json\/wp\/v2\/product_tag?post=82930"}],"curies":[{"name":"wp","href":"https:\/\/api.w.org\/{rel}","templated":true}]}}