{"id":82900,"date":"2025-01-06T12:16:20","date_gmt":"2025-01-06T12:16:20","guid":{"rendered":"https:\/\/taniabonament.pl\/telefony\/produkt\/honor-200-smart-5g-dual-sim-4gb-ram-256gb-forest-green\/"},"modified":"2025-01-06T12:16:21","modified_gmt":"2025-01-06T12:16:21","slug":"honor-200-smart-5g-dual-sim-4gb-ram-256gb-forest-green","status":"publish","type":"product","link":"https:\/\/taniabonament.pl\/telefony\/produkt\/honor-200-smart-5g-dual-sim-4gb-ram-256gb-forest-green\/","title":{"rendered":"Honor 200 Smart 5G Dual Sim 4GB RAM 256GB &#8211; Forest Green"},"content":{"rendered":"<p><strong><span style=\"color: red;\">Gdzie mo\u017cna kupi\u0107<\/span> ten telefon Honor?<\/strong><\/p>\n<p>Ten smartfon &#8211; czyli model , jest ch\u0119tnie wybierany. Kupisz go dzisiaj w promocyjnej cenie 891.84 PLN w sklepie <a href=\"https:\/\/converti.se\/click\/34590059-c70e8160-5f3fd1bb\/?tag6=product&#038;tag8=30042e51bf0caf9df884a88c7f3386f9&#038;tag9=Honor+200+Smart+5G+Dual+Sim+4GB+RAM+256GB+-+Forest+Green\" rel=\"noopener\">Morele.net<\/a><\/p>\n<p><strong><span style=\"color: red;\">Czy warto kupi\u0107<\/span> Honor 200 Smart 5G Dual Sim 4GB RAM 256GB &#8211; Forest Green?<\/strong><\/p>\n<p>Tak, to sprawdzony smartfon. Telefony producenta\u00a0Honor cechuj\u0105 si\u0119 dobr\u0105 wydajno\u015bci\u0105 oraz atrakcyjn\u0105 cen\u0105. Wykorzystuj\u0105 najnowsze wersje systemu operacyjnego Android. Honor cieszy si\u0119 tak\u017ce bardzo dobrymi opiniami.<\/p>\n<p style=\"text-align: center; margin: 25px 10px;\"><a style=\"background-color: red; padding: 10px 20px; border-radius: 7px; color: #fff;\" href=\"https:\/\/converti.se\/click\/34590059-c70e8160-5f3fd1bb\/?deep_link=https%3A%2F%2Fwww.morele.net%2Fhonor-200-smart-5g-dual-sim-4gb-ram-256gb-forest-green-14452003%2F&#038;tag6=product&#038;tag8=30042e51bf0caf9df884a88c7f3386f9&#038;tag9=Honor+200+Smart+5G+Dual+Sim+4GB+RAM+256GB+-+Forest+Green\" rel=\"nofollow\"><strong>Kup w Morele.net<\/strong><\/a><\/p>\n","protected":false},"excerpt":{"rendered":"<p>Honor 200 Smart 5G. Szukasz <strong>telefonu Honor<\/strong>? Dobrze trafi\u0142e\u015b! <\/p>\n","protected":false},"featured_media":82902,"comment_status":"closed","ping_status":"open","template":"","meta":[],"product_brand":[],"product_cat":[198],"product_tag":[],"class_list":{"0":"post-82900","1":"product","2":"type-product","3":"status-publish","6":"product_cat-honor","7":"pa_producent-honor","8":"pa_sklep-morele-net","10":"first","11":"instock","12":"product-type-external"},"_links":{"self":[{"href":"https:\/\/taniabonament.pl\/telefony\/wp-json\/wp\/v2\/product\/82900","targetHints":{"allow":["GET"]}}],"collection":[{"href":"https:\/\/taniabonament.pl\/telefony\/wp-json\/wp\/v2\/product"}],"about":[{"href":"https:\/\/taniabonament.pl\/telefony\/wp-json\/wp\/v2\/types\/product"}],"replies":[{"embeddable":true,"href":"https:\/\/taniabonament.pl\/telefony\/wp-json\/wp\/v2\/comments?post=82900"}],"wp:featuredmedia":[{"embeddable":true,"href":"https:\/\/taniabonament.pl\/telefony\/wp-json\/wp\/v2\/media\/82902"}],"wp:attachment":[{"href":"https:\/\/taniabonament.pl\/telefony\/wp-json\/wp\/v2\/media?parent=82900"}],"wp:term":[{"taxonomy":"product_brand","embeddable":true,"href":"https:\/\/taniabonament.pl\/telefony\/wp-json\/wp\/v2\/product_brand?post=82900"},{"taxonomy":"product_cat","embeddable":true,"href":"https:\/\/taniabonament.pl\/telefony\/wp-json\/wp\/v2\/product_cat?post=82900"},{"taxonomy":"product_tag","embeddable":true,"href":"https:\/\/taniabonament.pl\/telefony\/wp-json\/wp\/v2\/product_tag?post=82900"}],"curies":[{"name":"wp","href":"https:\/\/api.w.org\/{rel}","templated":true}]}}