{"id":82876,"date":"2025-01-06T12:16:00","date_gmt":"2025-01-06T12:16:00","guid":{"rendered":"https:\/\/taniabonament.pl\/telefony\/produkt\/smartfon-honor-magic6-pro-5g-12-512gb-czarny-bvl-n49\/"},"modified":"2025-01-06T12:16:11","modified_gmt":"2025-01-06T12:16:11","slug":"smartfon-honor-magic6-pro-5g-12-512gb-czarny-bvl-n49","status":"publish","type":"product","link":"https:\/\/taniabonament.pl\/telefony\/produkt\/smartfon-honor-magic6-pro-5g-12-512gb-czarny-bvl-n49\/","title":{"rendered":"Smartfon Honor Magic6 Pro 5G 12\/512GB Czarny (BVL-N49)"},"content":{"rendered":"<p><strong><span style=\"color: red;\">Gdzie mo\u017cna kupi\u0107<\/span> ten telefon Honor?<\/strong><\/p>\n<p>Ten smartfon &#8211; czyli model , jest ch\u0119tnie wybierany. Kupisz go dzisiaj w promocyjnej cenie 3993.99 PLN w sklepie <a href=\"https:\/\/converti.se\/click\/34590059-c70e8160-5f3fd1bb\/?tag6=product&#038;tag8=a39c830f26555b02743e1b19834c006e&#038;tag9=Smartfon+Honor+Magic6+Pro+5G+12%2F512GB+Czarny+%28BVL-N49%29\" rel=\"noopener\">Morele.net<\/a><\/p>\n<p><strong><span style=\"color: red;\">Czy warto kupi\u0107<\/span> Smartfon Honor Magic6 Pro 5G 12\/512GB Czarny (BVL-N49)?<\/strong><\/p>\n<p>Tak, to sprawdzony smartfon. Telefony producenta\u00a0Honor cechuj\u0105 si\u0119 dobr\u0105 wydajno\u015bci\u0105 oraz atrakcyjn\u0105 cen\u0105. Wykorzystuj\u0105 najnowsze wersje systemu operacyjnego Android. Honor cieszy si\u0119 tak\u017ce bardzo dobrymi opiniami.<\/p>\n<p style=\"text-align: center; margin: 25px 10px;\"><a style=\"background-color: red; padding: 10px 20px; border-radius: 7px; color: #fff;\" href=\"https:\/\/converti.se\/click\/34590059-c70e8160-5f3fd1bb\/?deep_link=https%3A%2F%2Fwww.morele.net%2Fsmartfon-honor-magic6-pro-5g-12-512gb-czarny-bvl-n49-13204550%2F&#038;tag6=product&#038;tag8=a39c830f26555b02743e1b19834c006e&#038;tag9=Smartfon+Honor+Magic6+Pro+5G+12%2F512GB+Czarny+%28BVL-N49%29\" rel=\"nofollow\"><strong>Kup w Morele.net<\/strong><\/a><\/p>\n","protected":false},"excerpt":{"rendered":"<p>Smartfon Honor Magic6 Pro. Szukasz <strong>telefonu Honor<\/strong>? Dobrze trafi\u0142e\u015b! <\/p>\n","protected":false},"featured_media":82878,"comment_status":"closed","ping_status":"open","template":"","meta":[],"product_brand":[],"product_cat":[198],"product_tag":[],"class_list":{"0":"post-82876","1":"product","2":"type-product","3":"status-publish","6":"product_cat-honor","7":"pa_producent-honor","8":"pa_sklep-morele-net","10":"first","11":"instock","12":"product-type-external"},"_links":{"self":[{"href":"https:\/\/taniabonament.pl\/telefony\/wp-json\/wp\/v2\/product\/82876","targetHints":{"allow":["GET"]}}],"collection":[{"href":"https:\/\/taniabonament.pl\/telefony\/wp-json\/wp\/v2\/product"}],"about":[{"href":"https:\/\/taniabonament.pl\/telefony\/wp-json\/wp\/v2\/types\/product"}],"replies":[{"embeddable":true,"href":"https:\/\/taniabonament.pl\/telefony\/wp-json\/wp\/v2\/comments?post=82876"}],"wp:featuredmedia":[{"embeddable":true,"href":"https:\/\/taniabonament.pl\/telefony\/wp-json\/wp\/v2\/media\/82878"}],"wp:attachment":[{"href":"https:\/\/taniabonament.pl\/telefony\/wp-json\/wp\/v2\/media?parent=82876"}],"wp:term":[{"taxonomy":"product_brand","embeddable":true,"href":"https:\/\/taniabonament.pl\/telefony\/wp-json\/wp\/v2\/product_brand?post=82876"},{"taxonomy":"product_cat","embeddable":true,"href":"https:\/\/taniabonament.pl\/telefony\/wp-json\/wp\/v2\/product_cat?post=82876"},{"taxonomy":"product_tag","embeddable":true,"href":"https:\/\/taniabonament.pl\/telefony\/wp-json\/wp\/v2\/product_tag?post=82876"}],"curies":[{"name":"wp","href":"https:\/\/api.w.org\/{rel}","templated":true}]}}