{"id":82845,"date":"2025-01-06T12:16:00","date_gmt":"2025-01-06T12:16:00","guid":{"rendered":"https:\/\/taniabonament.pl\/telefony\/produkt\/smartfon-honor-magic-v2-5g-16-512gb-czarny-5109aygy\/"},"modified":"2025-01-06T12:16:03","modified_gmt":"2025-01-06T12:16:03","slug":"smartfon-honor-magic-v2-5g-16-512gb-czarny-5109aygy","status":"publish","type":"product","link":"https:\/\/taniabonament.pl\/telefony\/produkt\/smartfon-honor-magic-v2-5g-16-512gb-czarny-5109aygy\/","title":{"rendered":"Smartfon Honor Magic V2 5G 16\/512GB Czarny (5109AYGY)"},"content":{"rendered":"<p><strong><span style=\"color: red;\">Gdzie mo\u017cna kupi\u0107<\/span> ten telefon Honor?<\/strong><\/p>\n<p>Ten smartfon &#8211; czyli model , jest ch\u0119tnie wybierany. Kupisz go dzisiaj w promocyjnej cenie 6601.51 PLN w sklepie <a href=\"https:\/\/converti.se\/click\/34590059-c70e8160-5f3fd1bb\/?tag6=product&#038;tag8=86af0757f360947b835a9355701c51da&#038;tag9=Smartfon+Honor+Magic+V2+5G+16%2F512GB+Czarny+%285109AYGY%29\" rel=\"noopener\">Morele.net<\/a><\/p>\n<p><strong><span style=\"color: red;\">Czy warto kupi\u0107<\/span> Smartfon Honor Magic V2 5G 16\/512GB Czarny (5109AYGY)?<\/strong><\/p>\n<p>Tak, to sprawdzony smartfon. Telefony producenta\u00a0Honor cechuj\u0105 si\u0119 dobr\u0105 wydajno\u015bci\u0105 oraz atrakcyjn\u0105 cen\u0105. Wykorzystuj\u0105 najnowsze wersje systemu operacyjnego Android. Honor cieszy si\u0119 tak\u017ce bardzo dobrymi opiniami.<\/p>\n<p style=\"text-align: center; margin: 25px 10px;\"><a style=\"background-color: red; padding: 10px 20px; border-radius: 7px; color: #fff;\" href=\"https:\/\/converti.se\/click\/34590059-c70e8160-5f3fd1bb\/?deep_link=https%3A%2F%2Fwww.morele.net%2Fsmartfon-honor-magic-v2-5g-16-512gb-czarny-5109aygy-13232865%2F&#038;tag6=product&#038;tag8=86af0757f360947b835a9355701c51da&#038;tag9=Smartfon+Honor+Magic+V2+5G+16%2F512GB+Czarny+%285109AYGY%29\" rel=\"nofollow\"><strong>Kup w Morele.net<\/strong><\/a><\/p>\n","protected":false},"excerpt":{"rendered":"<p>Smartfon Honor Magic V2. Szukasz <strong>telefonu Honor<\/strong>? Dobrze trafi\u0142e\u015b! <\/p>\n","protected":false},"featured_media":82847,"comment_status":"closed","ping_status":"open","template":"","meta":[],"product_brand":[],"product_cat":[198],"product_tag":[],"class_list":{"0":"post-82845","1":"product","2":"type-product","3":"status-publish","6":"product_cat-honor","7":"pa_producent-honor","8":"pa_sklep-morele-net","10":"first","11":"instock","12":"product-type-external"},"_links":{"self":[{"href":"https:\/\/taniabonament.pl\/telefony\/wp-json\/wp\/v2\/product\/82845","targetHints":{"allow":["GET"]}}],"collection":[{"href":"https:\/\/taniabonament.pl\/telefony\/wp-json\/wp\/v2\/product"}],"about":[{"href":"https:\/\/taniabonament.pl\/telefony\/wp-json\/wp\/v2\/types\/product"}],"replies":[{"embeddable":true,"href":"https:\/\/taniabonament.pl\/telefony\/wp-json\/wp\/v2\/comments?post=82845"}],"wp:featuredmedia":[{"embeddable":true,"href":"https:\/\/taniabonament.pl\/telefony\/wp-json\/wp\/v2\/media\/82847"}],"wp:attachment":[{"href":"https:\/\/taniabonament.pl\/telefony\/wp-json\/wp\/v2\/media?parent=82845"}],"wp:term":[{"taxonomy":"product_brand","embeddable":true,"href":"https:\/\/taniabonament.pl\/telefony\/wp-json\/wp\/v2\/product_brand?post=82845"},{"taxonomy":"product_cat","embeddable":true,"href":"https:\/\/taniabonament.pl\/telefony\/wp-json\/wp\/v2\/product_cat?post=82845"},{"taxonomy":"product_tag","embeddable":true,"href":"https:\/\/taniabonament.pl\/telefony\/wp-json\/wp\/v2\/product_tag?post=82845"}],"curies":[{"name":"wp","href":"https:\/\/api.w.org\/{rel}","templated":true}]}}