{"id":82290,"date":"2024-07-11T05:22:10","date_gmt":"2024-07-11T05:22:10","guid":{"rendered":"https:\/\/taniabonament.pl\/telefony\/produkt\/smartfon-huawei-p60-pro-8-256gb-bialy\/"},"modified":"2024-07-11T05:22:12","modified_gmt":"2024-07-11T05:22:12","slug":"smartfon-huawei-p60-pro-8-256gb-bialy","status":"publish","type":"product","link":"https:\/\/taniabonament.pl\/telefony\/produkt\/smartfon-huawei-p60-pro-8-256gb-bialy\/","title":{"rendered":"Smartfon Huawei P60 Pro 8\/256GB Bia\u0142y"},"content":{"rendered":"<p>Ten smartfon GS-T-HUA-1174 producenta Huawei kupisz w wyj\u0105tkowej, atrakcyjnej cenie w sklepie <a href=\"https:\/\/converti.se\/click\/34590059-c70e8160-5f3ad4bf\/?deep_link=https%3A%2F%2Fwww.komputronik.pl%2Fproduct%2F826596%2Fhuawei-p60-pro-8-256gb-bialy.html&#038;tag6=product&#038;tag8=16452ce2ff1fb1814b841e2c5def0c83&#038;tag9=Smartfon+Huawei+P60+Pro+8%2F256GB+Bia%C5%82y\" rel=\"nofollow\">Komputronik.pl<\/a><\/p>\n<p><strong>Jak wypada Smartfon Huawei P60 Pro 8\/256GB Bia\u0142y?<\/strong><\/p>\n<p style=\"padding-left: 40px;\">To bardzo udany model telefonu. Smartfon dzi\u0119ki kt\u00f3remu poczujesz si\u0119 swobodnie. Jest szybki, posiada przyzwoit\u0105 bateri\u0119, a dzi\u0119ki szybkiemu systemowi Android codzienna obs\u0142uga b\u0119dzie mi\u0142a i przyjemna. Z pewno\u015bci\u0105 jest to telefon kt\u00f3ry spe\u0142ni wiele oczekiwa\u0144.<\/p>\n<p>\u2605\u2605\u2605\u2605\u2605<\/p>\n<p style=\"padding-left: 40px;\">A mo\u017ce tak si\u0119 sk\u0142ada \u017ce poszukujesz innego <a href=\"https:\/\/taniabonament.pl\/telefony\/\">nowego taniego telefonu<\/a>? Mo\u017cesz sprawdzi\u0107 w\u015br\u00f3d pozosta\u0142ych dobrych marek smartfon\u00f3w, kt\u00f3re prezentujemy na naszym portalu. Zainteresuje Ci\u0119 Xiaomi, Apple lub Samsung? Je\u017celi tak &#8211; to zapraszamy, rozejrzyj si\u0119!<\/p>\n","protected":false},"excerpt":{"rendered":"<h4>Smartfon <span style='color: #0286E7;'>dobry i godny zaufania<\/span> &#8211; <strong>Huawei<\/strong>!<\/h4>\n<p style='padding: 17px 0px;'><span style='color: #fff; background-color: yellowgreen; padding: 2px 7px;border-left: 13px solid #000000;'> polecany <\/span><span style='margin-left: 10px; color: #fff; background-color: red; padding: 2px 7px;border-left: 13px solid #000000;'> dobra cena <\/span><\/p>\n<p style='padding-top: 10px;'>Smartfon Huawei P60 Pro, cechy i zalety: <\/p>\n<ul style='padding-left: 45px; padding-bottom: 10px;'>\n<li style='padding-top: 10px;'>  Realistyczne uchwycenie otaczaj\u0105cego Ci\u0119 pi\u0119kna zapewni ultrajasny potr\u00f3jny aparat XMAGE z obiektywem z regulowan\u0105 przes\u0142on\u0105 f\/1,4 &#8211; f4,0, superjasnym peryskopowym teleobiektywem i aparatem ultraszerokok\u0105tnym<\/li>\n<li style='padding-top: 10px;'> Nawet z\u0142o\u017cone i delikatne tekstury, takie jak tkaniny, sk\u00f3ra i obrazy olejne, dzi\u0119ki algorytmom AI mog\u0105 by\u0107 w pe\u0142ni odtworzone<\/li>\n<li style='padding-top: 10px;'> Po\u0142\u0105czenie tych cech z hybrydowym zbli\u017ceniem a\u017c do 200\u00d7 i innowacyjnym czujnikiem stabilizuj\u0105cym obraz oznaczaj\u0105, \u017ce Twoje uj\u0119cia nocne od teraz b\u0119d\u0105 doskona\u0142e i r\u00f3wnie\u017c po zmroku uwiecznisz nawet odleg\u0142e szczeg\u00f3\u0142y<\/li>\n<li style='padding-top: 10px;'><strong> Po\u0142\u0105czenie tych cech z hybrydowym zbli\u017ceniem a\u017c do 200\u00d7 i innowacyjnym czujnikiem stabilizuj\u0105cym obraz oznaczaj\u0105, \u017ce Twoje uj\u0119cia nocne od teraz b\u0119d\u0105 doskona\u0142e i r\u00f3wnie\u017c po zmroku uwiecznisz nawet odleg\u0142e szczeg\u00f3\u0142y<\/strong><\/li>\n<li style='padding-top: 10px;'> Dzi\u0119ki niezwyk\u0142ej czu\u0142o\u015bci na \u015bwiat\u0142o i zdolno\u015bci do przywracania szczeg\u00f3\u0142\u00f3w w zaciemnionych miejscach, uzyskasz fotografie o wysokiej rozdzielczo\u015bci z ultrawysokim zakresem dynamicznym<\/li>\n<li style='padding-top: 10px;'>Smartfon Huawei P60 Pro.  Dzi\u0119ki niezwyk\u0142ej czu\u0142o\u015bci na \u015bwiat\u0142o i zdolno\u015bci do przywracania szczeg\u00f3\u0142\u00f3w w zaciemnionych miejscach, uzyskasz fotografie o wysokiej rozdzielczo\u015bci z ultrawysokim zakresem dynamicznym<\/li>\n<li style='padding-top: 10px;'> Poniewa\u017c powierzchnia ka\u017cdego kawa\u0142ka masy per\u0142owej jest inna, obudowa ka\u017cdego egzemplarza jest unikalna<\/li>\n<li style='padding-top: 10px;'> Wyposa\u017cony jest w bateri\u0119 4815 mAh o wyd\u0142u\u017conej \u017cywotno\u015bci, kt\u00f3r\u0105 mo\u017cna w 10 minut na\u0142adowa\u0107 do 50% oraz 6,67 calowy ekran LTPO, chroniony przez 10-krotnie bardziej wytrzyma\u0142e na upadki szk\u0142o Kunlun Glass<\/li>\n<li style='padding-top: 10px;'> Ulepszone algorytmy HDR sprawi\u0105, \u017ce nawet w sytuacjach z wyj\u0105tkowo trudnym o\u015bwietleniem, Twoje zdj\u0119cia zachowaj\u0105 szczeg\u00f3\u0142owo\u015b\u0107 na ka\u017cdym planie<\/li>\n<li style='padding-top: 10px;'>0) pozwoli Ci wykreowa\u0107 profesjonalne rozmycie t\u0142a i wyeksponowa\u0107 bohatera zdj\u0119cia lub wr\u0119cz przeciwnie \u2013 ustawi\u0107 ostro\u015b\u0107 na wi\u0119cej szczeg\u00f3\u0142\u00f3w w otoczeniu<\/li>\n<li style='padding-top: 10px;'> Podczas fotografowania bi\u017cuterii, szklanych naczy\u0144 oraz innych przedmiot\u00f3w codziennego u\u017cytku o r\u00f3\u017cnych teksturach, nowy kana\u0142 obrazowania HUAWEI XD Fusion Pro Texture Engine wydobywa ich wielowymiarowe cechy i sprawia, \u017ce na zdj\u0119ciu wygl\u0105daj\u0105 tak jak na \u017cywo<\/li>\n<li style='padding-top: 10px;'> Pozytywnie zaskoczy Ci\u0119 tak\u017ce precyzyjne i realistyczne odwzorowanie barw<\/li>\n<li style='padding-top: 10px;'> Ekran ma wysok\u0105 dynamiczn\u0105 cz\u0119stotliwo\u015b\u0107 od\u015bwie\u017cania w zakresi<\/li>\n<li style='padding-top: 10px;'> Drugi aparat to wyj\u0105tkowo czu\u0142y na \u015bwiat\u0142o peryskopowy teleobiektyw f\/2<\/li>\n<li style='padding-top: 10px;'> Podobnie zreszt\u0105 jak stale rozwijane specjalistyczne oprogramowanie<\/li>\n<li style='padding-top: 10px;'> Nowy flagowiec wyr\u00f3\u017cnia si\u0119 tak\u017ce wygl\u0105dem \u2013 obudowa ka\u017cdego HUAWEI P60 Pro w kolorze per\u0142owym jest niepowtarzalna<\/li>\n<li style='padding-top: 10px;'> Pokochasz te\u017c wygodniejszy interfejs \u2013 teraz ustawienia mo\u017cesz \u0142atwo dostosowa\u0107 jedn\u0105 r\u0119k\u0105! WYGODNIE OGL\u0104DAJ, GRAJ, EDYTUJ Zarejestrowane zdj\u0119cia i filmy mo\u017cesz edytowa\u0107 oraz ogl\u0105da\u0107 na doskona\u0142ym 6,67-calowym wy\u015bwietlaczu OLED LTPO, o rozdzielczo\u015bci 2700 x 1220 (444 ppi)<\/li>\n<li style='padding-top: 10px;'>4 \u2013 f<\/li>\n<li style='padding-top: 10px;'> Do jej stworzenia wykorzystano naturalny, mineralny proszek per\u0142owy, uzyskuj\u0105c faktur\u0119 masy per\u0142owej<\/li>\n<li style='padding-top: 10px;'> Pierwszy z nich to ultrajasny aparat ze zmienn\u0105, mechaniczn\u0105 przys\u0142on\u0105 oraz optyczn\u0105 stabilizacj\u0105 obrazu<\/li>\n<li style='padding-top: 10px;'>Huawei P60 Pro Seria smartfon\u00f3w HUAWEI P narodzi\u0142a si\u0119 z pi\u0119kna i nieustannie d\u0105\u017cy do odzwierciedlenia naturalnego pi\u0119kna<\/li>\n<li style='padding-top: 10px;'> Przede wszystkim za spraw\u0105 dw\u00f3ch obiektyw\u00f3w XMAGE z matrycami 48 MP<\/li>\n<li style='padding-top: 10px;'> A te s\u0105 naprawd\u0119 przepot\u0119\u017cne<\/li>\n<li style='padding-top: 10px;'> Ale na tym nie koniec, bowiem masz jeszcze do dyspozycji ultraszerokok\u0105tny aparat 13 MP, f\/2<\/li>\n<li style='padding-top: 10px;'> Tak te\u017c jest w przypadku nowego smartfonu HUAWEI P60 Pro, kt\u00f3ry wnosi fotografi\u0119 mobiln\u0105 i design na nieosi\u0105galny dot\u0105d poziom<\/li>\n<li style='padding-top: 10px;'> UCHWY\u0106 NATURALNE PI\u0118KNO Ci\u0105g\u0142a modernizacja uk\u0142adu optycznego jest jednym ze znak\u00f3w rozpoznawczych smartfon\u00f3w HUAWEI z serii P<\/li>\n<li style='padding-top: 10px;'> Natomiast 10 stopniowa przys\u0142ona (f\/1<\/li>\n<li style='padding-top: 10px;'> A co znajdziesz z przodu? Aparat 13 MP (f\/2<\/li>\n<li style='padding-top: 10px;'> ODKRYJ PI\u0118KNO UNIKALNO\u015aCI Obudowy HUAWEI P60 Pro prezentuj\u0105 nowoczesn\u0105 interpretacj\u0119 dw\u00f3ch klasycznych kolor\u00f3w: eleganckiej czerni, kt\u00f3rej matowa powierzchnia z piaskowanego szk\u0142a nie gromadzi \u015blad\u00f3w palc\u00f3w, a tak\u017ce niekonwencjonalnych odcieni bieli w postaci per\u0142owego wzoru<\/li>\n<li style='padding-top: 10px;'> W procesie wytwarzania po\u0142\u0105czono r\u0119czne metody rzemie\u015blnicze z nowoczesnymi technikami produkcji<\/li>\n<li style='padding-top: 10px;'>4<\/li>\n<li style='padding-top: 10px;'> HUAWEI P60 Pro domy\u015blnie wykorzystuje tryb kolor\u00f3w XMAGE Original (Pierwotny), rejestruj\u0105c obraz tak, jak widz\u0105 to Twoje oczy<\/li>\n<li style='padding-top: 10px;'> Tw\u00f3j telefon b\u0119dzie wi\u0119c r\u00f3wnie wyj\u0105tkowy, jak Ty! DOSTRZE\u017bESZ TO, CO UKRYTE W CIEMNO\u015aCI LUB W ODDALI W HUAWEI P60 Pro r\u00f3wnie\u017c wygl\u0105d tylnej wyspy aparat\u00f3w jest nietuzinkowy i nawi\u0105zuje do konstrukcji klasycznych lustrzanek cyfrowych, co jeszcze mocniej podkre\u015bla jego mo\u017cliwo\u015bci fotograficzne<\/li>\n<li style='padding-top: 10px;'> Ka\u017cda generacja tych telefon\u00f3w s\u0142ynie z wyj\u0105tkowej dba\u0142o\u015bci o jako\u015b\u0107 wykonania, stylu oraz mo\u017cliwo\u015bci fotograficznych<\/li>\n<li style='padding-top: 10px;'>1<\/li>\n<li style='padding-top: 10px;'> Skorzystanie z opcji Vivid (Jaskrawy) pozwali Ci na tworzenie bardziej kolorowych zdj\u0119\u0107, soczystych scenerii lub apetycznych potraw, natomiast opcja Bright (Jasny) jest idealna do \u017cywych portret\u00f3w lub kontrastowych scenerii<\/li>\n<li style='padding-top: 10px;'>4) z szerokim k\u0105tem<\/li>\n<li style='padding-top: 10px;'>2 o k\u0105cie widzenia 120\u00b0, kt\u00f3ry pozwoli Ci zarejestrowa\u0107 pi\u0119kne krajobrazy lub \u0142atwo wykona\u0107 zdj\u0119cia grupowe ze znajomymi<\/li>\n<li style='padding-top: 10px;'> Dzi\u0119ki zmiennej cz\u0119stotliwo\u015bci od\u015bwie\u017cania ekranu w zakresie 1-120 Hz, mo\u017cesz jeszcze d\u0142u\u017cej cieszy\u0107 si\u0119 niezak\u0142\u00f3conym, p\u0142ynnym obrazem<\/li>\n<li style='padding-top: 10px;'> Jest to pierwsza tego typu tekstura zastosowana w bran\u017cy<\/li>\n<li style='padding-top: 10px;'> Zamarzy\u0142y Ci si\u0119 zdj\u0119cia niewielkich obiekt\u00f3w? Tryb super makro Ci to umo\u017cliwi<\/li>\n<li style='padding-top: 10px;'> Z\u0142apiesz wszystkie wa\u017cne dla Ciebie chwile, nastr\u00f3j i emocje niezale\u017cnie od tego czy na zdj\u0119ciu b\u0119dziesz tylko Ty czy te\u017c grono bliskich Ci os\u00f3b \u2013 wszyscy zmieszcz\u0105 si\u0119 na tym selfie<\/li>\n<\/ul>\n<p style='padding: 10px; font-weight: bold; background-color: aliceblue;'>Dost\u0119pno\u015b\u0107:<\/p>\n","protected":false},"featured_media":82291,"comment_status":"closed","ping_status":"open","template":"","meta":[],"product_brand":[],"product_cat":[195],"product_tag":[],"class_list":{"0":"post-82290","1":"product","2":"type-product","3":"status-publish","6":"product_cat-huawei","7":"pa_model-gs-t-hua-1174","8":"pa_producent-huawei","9":"pa_sklep-komputronik-pl","11":"first","12":"instock","13":"product-type-external"},"_links":{"self":[{"href":"https:\/\/taniabonament.pl\/telefony\/wp-json\/wp\/v2\/product\/82290","targetHints":{"allow":["GET"]}}],"collection":[{"href":"https:\/\/taniabonament.pl\/telefony\/wp-json\/wp\/v2\/product"}],"about":[{"href":"https:\/\/taniabonament.pl\/telefony\/wp-json\/wp\/v2\/types\/product"}],"replies":[{"embeddable":true,"href":"https:\/\/taniabonament.pl\/telefony\/wp-json\/wp\/v2\/comments?post=82290"}],"wp:featuredmedia":[{"embeddable":true,"href":"https:\/\/taniabonament.pl\/telefony\/wp-json\/wp\/v2\/media\/82291"}],"wp:attachment":[{"href":"https:\/\/taniabonament.pl\/telefony\/wp-json\/wp\/v2\/media?parent=82290"}],"wp:term":[{"taxonomy":"product_brand","embeddable":true,"href":"https:\/\/taniabonament.pl\/telefony\/wp-json\/wp\/v2\/product_brand?post=82290"},{"taxonomy":"product_cat","embeddable":true,"href":"https:\/\/taniabonament.pl\/telefony\/wp-json\/wp\/v2\/product_cat?post=82290"},{"taxonomy":"product_tag","embeddable":true,"href":"https:\/\/taniabonament.pl\/telefony\/wp-json\/wp\/v2\/product_tag?post=82290"}],"curies":[{"name":"wp","href":"https:\/\/api.w.org\/{rel}","templated":true}]}}