{"id":82286,"date":"2024-07-11T05:22:10","date_gmt":"2024-07-11T05:22:10","guid":{"rendered":"https:\/\/taniabonament.pl\/telefony\/produkt\/smartfon-huawei-nova-12i-8-128gb-czarny\/"},"modified":"2024-07-11T05:22:10","modified_gmt":"2024-07-11T05:22:10","slug":"smartfon-huawei-nova-12i-8-128gb-czarny","status":"publish","type":"product","link":"https:\/\/taniabonament.pl\/telefony\/produkt\/smartfon-huawei-nova-12i-8-128gb-czarny\/","title":{"rendered":"Smartfon Huawei nova 12i 8\/128GB czarny"},"content":{"rendered":"<p>Ten smartfon GS-T-HUA-1179 producenta Huawei kupisz w wyj\u0105tkowej, atrakcyjnej cenie w sklepie <a href=\"https:\/\/converti.se\/click\/34590059-c70e8160-5f3ad4bf\/?deep_link=https%3A%2F%2Fwww.komputronik.pl%2Fproduct%2F907195%2Ftelefon-huawei-nova-12i-8-128gb-czarny.html&#038;tag6=product&#038;tag8=e7009dbef32e6bbacb0fadd852072853&#038;tag9=Smartfon+Huawei+nova+12i+8%2F128GB+czarny\" rel=\"nofollow\">Komputronik.pl<\/a><\/p>\n<p><strong>Jak wypada Smartfon Huawei nova 12i 8\/128GB czarny?<\/strong><\/p>\n<p style=\"padding-left: 40px;\">To bardzo udany model telefonu. Smartfon dzi\u0119ki kt\u00f3remu poczujesz si\u0119 swobodnie. Jest szybki, posiada przyzwoit\u0105 bateri\u0119, a dzi\u0119ki szybkiemu systemowi Android codzienna obs\u0142uga b\u0119dzie mi\u0142a i przyjemna. Z pewno\u015bci\u0105 jest to telefon kt\u00f3ry spe\u0142ni wiele oczekiwa\u0144.<\/p>\n<p>\u2605\u2605\u2605\u2605\u2605<\/p>\n<p style=\"padding-left: 40px;\">A mo\u017ce tak si\u0119 sk\u0142ada \u017ce poszukujesz innego <a href=\"https:\/\/taniabonament.pl\/telefony\/\">nowego taniego telefonu<\/a>? Mo\u017cesz sprawdzi\u0107 w\u015br\u00f3d pozosta\u0142ych dobrych marek smartfon\u00f3w, kt\u00f3re prezentujemy na naszym portalu. Zainteresuje Ci\u0119 Xiaomi, Apple lub Samsung? Je\u017celi tak &#8211; to zapraszamy, rozejrzyj si\u0119!<\/p>\n","protected":false},"excerpt":{"rendered":"<h4>Smartfon <span style='color: #0286E7;'>dobry i godny zaufania<\/span> &#8211; <strong>Huawei<\/strong>!<\/h4>\n<p style='padding-top: 10px;'>Smartfon Huawei nova 12i, cechy i zalety: <\/p>\n<ul style='padding-left: 45px; padding-bottom: 10px;'>\n<li style='padding-top: 10px;'>  Mimo tak du\u017cego ekranu, smartfon nie przybra\u0142 na obj\u0119to\u015bci \u2013 ma zaledwie 8,4 mm grubo\u015bci i 74,7 mm szeroko\u015bci, dzi\u0119ki czemu b\u0119dzie \u015bwietnie le\u017ce\u0107 w Twojej d\u0142oni<\/li>\n<li style='padding-top: 10px;'> Zaawansowane algorytmy sprawi\u0105, \u017ce nawet po zmroku uchwycisz to na czym Ci zale\u017cy<\/li>\n<li style='padding-top: 10px;'><strong> Zaawansowane algorytmy sprawi\u0105, \u017ce nawet po zmroku uchwycisz to na czym Ci zale\u017cy<\/strong><\/li>\n<li style='padding-top: 10px;'> Nie musisz odblokowywa\u0107 swojego smartfona, aby sprawdzi\u0107 godzin\u0119, stan baterii oraz przychodz\u0105ce powiadomienia<\/li>\n<li style='padding-top: 10px;'>Smartfon Huawei nova 12i.  Nie musisz odblokowywa\u0107 swojego smartfona, aby sprawdzi\u0107 godzin\u0119, stan baterii oraz przychodz\u0105ce powiadomienia<\/li>\n<li style='padding-top: 10px;'> Uchwy\u0107 wi\u0119cej pi\u0119kna HUAWEI nova 12i wyposa\u017cona jest w wysokiej jako\u015bci system obrazowania oparty na aparacie g\u0142\u00f3wnym z przys\u0142on\u0105 f\/1<\/li>\n<li style='padding-top: 10px;'> Urz\u0105dzenie zapewni Ci wiele godzin nawet bardzo intensywnego u\u017cytkowania, dzi\u0119ki pojemnej baterii 5000 mAh<\/li>\n<li style='padding-top: 10px;'> Miejsca na wspomnienia Ci nie zabraknie, poniewa\u017c masz na nie 256 GB pami\u0119ci<\/li>\n<li style='padding-top: 10px;'> Ten ekran wiernie odzwierciedla kolory oraz gwarantuje Ci doskona\u0142e wra\u017cenia z ogl\u0105dania zdj\u0119\u0107, ulubionych film\u00f3w i seriali<\/li>\n<li style='padding-top: 10px;'> Smartfon przyci\u0105gnie Tw\u00f3j wzrok symetrycznym designem, po\u0142yskiem obudowy oraz z\u0142otym pier\u015bcieniem wok\u00f3\u0142 modu\u0142u fotograficznego<\/li>\n<li style='padding-top: 10px;'>9 i matryc\u0105 108 MP, wspierany przez obiektyw do pomiaru g\u0142\u0119bi ostro\u015bci i technologi\u0119 \u0142\u0105czenia 9 pikseli w 1<\/li>\n<li style='padding-top: 10px;'> AppGallery, u\u017cywana codziennie przez ponad 580 milion\u00f3w konsument\u00f3w, oferuje szeroki wyb\u00f3r aplikacji, z takich kategorii jak: styl \u017cycia, podr\u00f3\u017ce, nawigacja i transport, finanse, zakupy czy rozrywka<\/li>\n<li style='padding-top: 10px;'> Ni\u017csze zu\u017cycie energii jest mo\u017cliwe m<\/li>\n<li style='padding-top: 10px;'> Wszystko czego potrzebujesz System operacyjny to udoskonalona wersja nak\u0142adki EMUI 14, w kt\u00f3rej znalaz\u0142o si\u0119 kilka nowych, przydatnych funkcji<\/li>\n<li style='padding-top: 10px;'> chcesz sprawdzi\u0107 godzin\u0119 w \u015brodku nocy<\/li>\n<li style='padding-top: 10px;'> Za \u015bwietnej jako\u015bci zdj\u0119cia odpowiada aparat g\u0142\u00f3wny z matryc\u0105 108 MP, a ol\u015bniewaj\u0105ce selfie uzyskasz dzi\u0119ki przedniemu obiektywowi 32 MP<\/li>\n<li style='padding-top: 10px;'> Wi\u0119cej wra\u017ce\u0144 na jednym \u0142adowaniu Pojemna bateria 5000 mAh zapewni Ci ca\u0142y dzie\u0144 swobodnej pracy bez do\u0142adowywania telefonu w mi\u0119dzyczasie<\/li>\n<li style='padding-top: 10px;'> Smartfon oferuje rozszerzon\u0105 funkcjonalno\u015b\u0107, dzi\u0119ki najlepszym aplikacjom dost\u0119pnym w sklepie AppGallery \u2013 od tych popularnych na ca\u0142ym \u015bwiecie, po te niezb\u0119dne lokalnie<\/li>\n<li style='padding-top: 10px;'> HUAWEI nova 12i dost\u0119pna jest w dw\u00f3ch minimalistycznych i eleganckich wersjach kolorystycznych do wyboru: zielonej oraz czarnej<\/li>\n<li style='padding-top: 10px;'> Tryb AI Snapshot pozwoli Ci wykona\u0107 ostre zdj\u0119cia nawet w ruchu<\/li>\n<li style='padding-top: 10px;'> Natomiast tryb wysokiej rozdzielczo\u015bci zastosujesz, aby uchwyci\u0107 wi\u0119cej szczeg\u00f3\u0142\u00f3w takich jak faktura tkaniny<\/li>\n<li style='padding-top: 10px;'> Jest te\u017c przyjemnie lekki \u2013 wa\u017cy zaledwie 199 g<\/li>\n<li style='padding-top: 10px;'>0<\/li>\n<li style='padding-top: 10px;'> W razie potrzeby szybko je na\u0142adujesz przy pomocy mocnej, 40 watowej \u0142adowarki<\/li>\n<li style='padding-top: 10px;'> dzi\u0119ki funkcji \u201eZawsze na ekranie\u201d (Always On Display &#8211; AOD)<\/li>\n<li style='padding-top: 10px;'> Cztery specjalistyczne tryby pomog\u0105 Ci zrobi\u0107 wspania\u0142e zdj\u0119cia w ka\u017cdych warunkach<\/li>\n<li style='padding-top: 10px;'> A je\u015bli taka konieczno\u015b\u0107 si\u0119 pojawi, wystarczy Ci 30 minut, \u017ceby przy pomocy szybkiej \u0142adowarki o mocy 40 W pod\u0142adowa\u0107 akumulator do poziomu 62%<\/li>\n<li style='padding-top: 10px;'> A ol\u015bniewaj\u0105ce selfie uzyskasz przy pomocy przedniego aparatu 32 MP i jasno\u015bci f\/2<\/li>\n<li style='padding-top: 10px;'> Za p\u0142ynno\u015b\u0107 dzia\u0142ania odpowiada 8 GB pami\u0119ci RAM oraz wydajny procesor Qualcomm Snapdragon\u2122 680 z uk\u0142adem graficznym Adreno\u2122 610<\/li>\n<li style='padding-top: 10px;'> Wszystkie fotografie obejrzysz, przesegregujesz, wyedytujesz i poka\u017cesz je najbli\u017cszym na du\u017cym, przyjemnym dla oka 6,7-calowym wy\u015bwietlaczu<\/li>\n<li style='padding-top: 10px;'> Informacje te wy\u015bwietlaj\u0105 si\u0119 po jednym klikni\u0119ciu w ekran<\/li>\n<li style='padding-top: 10px;'> Tryb nocny optymalizuje zdolno\u015b\u0107 przechwytywania \u015bwiat\u0142a przez aparat<\/li>\n<li style='padding-top: 10px;'> Bezproblemowe i pozbawione op\u00f3\u017anie\u0144 przegl\u0105danie stron internetowych, granie czy pisanie zapewni Ci cz\u0119stotliwo\u015b\u0107 od\u015bwie\u017cania ekranu 90 Hz oraz pr\u00f3bkowanie dotyku z cz\u0119stotliwo\u015bci\u0105 270 Hz<\/li>\n<li style='padding-top: 10px;'> Tryb portretowy wydob\u0119dzie charakter i emocje fotografowanej osoby, odseparowuj\u0105c jej posta\u0107 od artystycznie rozmytego t\u0142a<\/li>\n<li style='padding-top: 10px;'> W odr\u00f3\u017cnieniu do w pe\u0142ni w\u0142\u0105czonego ekranu, przy funkcji AOD t\u0142o pozostaje ciemniejsze<\/li>\n<li style='padding-top: 10px;'> Mog\u0105 r\u00f3wnie\u017c korzysta\u0107 z szeregu innowacyjnych aplikacji i us\u0142ug HMS, w tym mi\u0119dzy innymi z Chmury mobilnej HUAWEI, Przegl\u0105darki HUAWEI czy Wirtualnej Asystentki Celia<\/li>\n<li style='padding-top: 10px;'> Poka\u017c zdj\u0119cia najbli\u017cszym HUAWEI nova 12i wyposa\u017cono w du\u017cy 6,7 calowy wy\u015bwietlacz HUAWEI FullView o rozdzielczo\u015bci 2388 x 1080 pikseli (FHD+)<\/li>\n<li style='padding-top: 10px;'> Dzi\u0119ki temu smartfon oszcz\u0119dza energi\u0119 oraz nie wybudzi Ci\u0119 nadmiarem \u015bwiat\u0142a, gdy np<\/li>\n<li style='padding-top: 10px;'>HUAWEI nova 12i Pi\u0119kne zdj\u0119cia z aparatu 108 MP | Szybkie \u0142adowanie 40 W | Wytrzyma\u0142a bateria 5000 mAh Poszukujesz wydajnego sprz\u0119tu w bardzo dobrej cenie, kt\u00f3ry robi pi\u0119kne zdj\u0119cia? HUAWEI nova 12i to idealny smartfon dla Ciebie<\/li>\n<li style='padding-top: 10px;'>in<\/li>\n<li style='padding-top: 10px;'> Na nowe zdj\u0119cia miejsca Ci nie zabraknie \u2013 dysponujesz bowiem 128 GB pami\u0119ci<\/li>\n<li style='padding-top: 10px;'> Posiadacze HUAWEI nova 12i, korzystaj\u0105cy z AppGallery, mog\u0105 cieszy\u0107 si\u0119 kompleksowym do\u015bwiadczeniem na r\u00f3\u017cnych urz\u0105dzeniach \u2013 u\u017cywaj\u0105c sw\u00f3j smartfon w po\u0142\u0105czeniu z komputerem Huawei, smartwatchem lub tabletem<\/li>\n<\/ul>\n<p style='padding: 10px; font-weight: bold; background-color: aliceblue;'>Dost\u0119pno\u015b\u0107:<\/p>\n","protected":false},"featured_media":82287,"comment_status":"closed","ping_status":"open","template":"","meta":[],"product_brand":[],"product_cat":[195],"product_tag":[],"class_list":{"0":"post-82286","1":"product","2":"type-product","3":"status-publish","6":"product_cat-huawei","7":"pa_model-gs-t-hua-1179","8":"pa_producent-huawei","9":"pa_sklep-komputronik-pl","11":"first","12":"instock","13":"product-type-external"},"_links":{"self":[{"href":"https:\/\/taniabonament.pl\/telefony\/wp-json\/wp\/v2\/product\/82286","targetHints":{"allow":["GET"]}}],"collection":[{"href":"https:\/\/taniabonament.pl\/telefony\/wp-json\/wp\/v2\/product"}],"about":[{"href":"https:\/\/taniabonament.pl\/telefony\/wp-json\/wp\/v2\/types\/product"}],"replies":[{"embeddable":true,"href":"https:\/\/taniabonament.pl\/telefony\/wp-json\/wp\/v2\/comments?post=82286"}],"wp:featuredmedia":[{"embeddable":true,"href":"https:\/\/taniabonament.pl\/telefony\/wp-json\/wp\/v2\/media\/82287"}],"wp:attachment":[{"href":"https:\/\/taniabonament.pl\/telefony\/wp-json\/wp\/v2\/media?parent=82286"}],"wp:term":[{"taxonomy":"product_brand","embeddable":true,"href":"https:\/\/taniabonament.pl\/telefony\/wp-json\/wp\/v2\/product_brand?post=82286"},{"taxonomy":"product_cat","embeddable":true,"href":"https:\/\/taniabonament.pl\/telefony\/wp-json\/wp\/v2\/product_cat?post=82286"},{"taxonomy":"product_tag","embeddable":true,"href":"https:\/\/taniabonament.pl\/telefony\/wp-json\/wp\/v2\/product_tag?post=82286"}],"curies":[{"name":"wp","href":"https:\/\/api.w.org\/{rel}","templated":true}]}}