{"id":82282,"date":"2024-07-11T05:22:03","date_gmt":"2024-07-11T05:22:03","guid":{"rendered":"https:\/\/taniabonament.pl\/telefony\/produkt\/smartfon-huawei-pura-70-pro-12-512gb-bialy\/"},"modified":"2025-01-04T09:00:03","modified_gmt":"2025-01-04T09:00:03","slug":"smartfon-huawei-pura-70-pro-12-512gb-bialy","status":"publish","type":"product","link":"https:\/\/taniabonament.pl\/telefony\/produkt\/smartfon-huawei-pura-70-pro-12-512gb-bialy\/","title":{"rendered":"Smartfon Huawei Pura 70 Pro 12\/512GB Bia\u0142y"},"content":{"rendered":"<p>Ten smartfon GS-T-HUA-1184 producenta Huawei kupisz w wyj\u0105tkowej, atrakcyjnej cenie w sklepie <a href=\"https:\/\/converti.se\/click\/34590059-c70e8160-5f3ad4bf\/?deep_link=https%3A%2F%2Fwww.komputronik.pl%2Fproduct%2F908676%2Ftelefon-huawei-p70-pro-12-512gb-bialy.html&#038;tag6=product&#038;tag8=0fa93f7cf0170c36e693592a5e6f1d60&#038;tag9=Smartfon+Huawei+Pura+70+Pro+12%2F512GB+Bia%C5%82y\" rel=\"nofollow\">Komputronik.pl<\/a><\/p>\n<p><strong>Jak wypada Smartfon Huawei Pura 70 Pro 12\/512GB Bia\u0142y?<\/strong><\/p>\n<p style=\"padding-left: 40px;\">To bardzo udany model telefonu. Smartfon dzi\u0119ki kt\u00f3remu poczujesz si\u0119 swobodnie. Jest szybki, posiada przyzwoit\u0105 bateri\u0119, a dzi\u0119ki szybkiemu systemowi Android codzienna obs\u0142uga b\u0119dzie mi\u0142a i przyjemna. Z pewno\u015bci\u0105 jest to telefon kt\u00f3ry spe\u0142ni wiele oczekiwa\u0144.<\/p>\n<p>\u2605\u2605\u2605\u2605\u2605<\/p>\n<p style=\"padding-left: 40px;\">A mo\u017ce tak si\u0119 sk\u0142ada \u017ce poszukujesz innego <a href=\"https:\/\/taniabonament.pl\/telefony\/\">nowego taniego telefonu<\/a>? Mo\u017cesz sprawdzi\u0107 w\u015br\u00f3d pozosta\u0142ych dobrych marek smartfon\u00f3w, kt\u00f3re prezentujemy na naszym portalu. Zainteresuje Ci\u0119 Xiaomi, Apple lub Samsung? Je\u017celi tak &#8211; to zapraszamy, rozejrzyj si\u0119!<\/p>\n","protected":false},"excerpt":{"rendered":"<h4>Smartfon <span style='color: #0286E7;'>dobry i godny zaufania<\/span> &#8211; <strong>Huawei<\/strong>!<\/h4>\n<p style='padding: 17px 0px;'><span style='color: #fff; background-color: yellowgreen; padding: 2px 7px;border-left: 13px solid #000000;'> godny uwagi <\/span><\/p>\n<p style='padding: 17px 0px;'><span style='color: #fff; background-color: yellowgreen; padding: 2px 7px;border-left: 13px solid #000000;'> dobra cena <\/span><\/p>\n<p style='padding-top: 10px;'>Smartfon Huawei Pura 70, cechy i zalety: <\/p>\n<ul style='padding-left: 45px; padding-bottom: 10px;'>\n<li style='padding-top: 10px;'> 4-F4<\/li>\n<li style='padding-top: 10px;'> Rozkosz w ka\u017cdym pikselu Zanurz si\u0119 w doskona\u0142ym i \u017cywym obrazie z dok\u0142adnym odwzorowaniem kolor\u00f3w<\/li>\n<li style='padding-top: 10px;'> Zrodzony z czysto\u015bci i unikalno\u015bci<\/li>\n<li style='padding-top: 10px;'><strong> Zrodzony z czysto\u015bci i unikalno\u015bci<\/strong><\/li>\n<li style='padding-top: 10px;'> Wyj\u0105tkowo jasna przys\u0142ona F2<\/li>\n<li style='padding-top: 10px;'>Smartfon Huawei Pura 70.  Wyj\u0105tkowo jasna przys\u0142ona F2<\/li>\n<li style='padding-top: 10px;'> Pozwalaj\u0105cy odwa\u017cnie odkrywa\u0107 pi\u0119kno \u015bwiata<\/li>\n<li style='padding-top: 10px;'> Do\u015bwiadcz prawdziwego ol\u015bnienia z ekranem telefonu o p\u0142askich kraw\u0119dziach i \u017cyw\u0105 palet\u0105 urzekaj\u0105cych barw<\/li>\n<li style='padding-top: 10px;'> Inspiruj Przysz\u0142o\u015b\u0107 designu Odkryj futurystyczny design, kt\u00f3ry jak dzie\u0142o sztuki prze\u0142amuje i zmienia trendy, na nowo definiuj\u0105c estetyk\u0119<\/li>\n<li style='padding-top: 10px;'> Zanurz si\u0119 w symfonii barw, w kt\u00f3rej prostota \u0142\u0105czy si\u0119 z elegancj\u0105<\/li>\n<li style='padding-top: 10px;'> Fashion Forward<\/li>\n<li style='padding-top: 10px;'> Tworz\u0105cy nowy trend mody i wyj\u0105tkowego stylu<\/li>\n<li style='padding-top: 10px;'>Pura to nowy pocz\u0105tek<\/li>\n<li style='padding-top: 10px;'> HUAWEI Pura<\/li>\n<li style='padding-top: 10px;'> Ma\u0142e jest teraz jeszcze pi\u0119kniejsze Odkryj dobrze skrywane tajemnice dzi\u0119ki 35-krotnemu zoomowi makro, mierz\u0105c z odleg\u0142o\u015bci zaledwie 5 cm<\/li>\n<li style='padding-top: 10px;'> Wystarczy rzut oka, by dostrzec doskonale nasycone barwy bez zb\u0119dnych odblask\u00f3w<\/li>\n<li style='padding-top: 10px;'> Do\u0142aduj si\u0119 w mig Bateria o pojemno\u015bci 5050 mAh, w po\u0142\u0105czeniu z \u0142\u0105dowaniem bezprzewodowym HUAWEI SuperCharge 80 W umo\u017cliwia na\u0142\u0105dowanie do 50 % w zaledwie 15 minut<\/li>\n<li style='padding-top: 10px;'> Mo\u017cliwe jest te\u017c szybkie \u0142adowanie innych urz\u0105dze\u0144 dzi\u0119ki \u0142adowaniu zwrotnemu o mocy do 20 W<\/li>\n<li style='padding-top: 10px;'> \u0141agodna \u015bcie\u017cka Do\u015bwiadcz b\u0142yskawicznego uruchamiania aplikacji i niezwykle p\u0142ynnej dynamiki oraz powitaj mo\u017cliwo\u015b\u0107 natychmiastowego dost\u0119pu do dziesi\u0105tek tysi\u0119cy zdj\u0119\u0107 &#8211; bez konieczno\u015bci czekania<\/li>\n<li style='padding-top: 10px;'> Aparat, kt\u00f3ry idzie po wszystko Zajrzyj za horyzont dzi\u0119ki 200-krotnemu zoomowi i silnikowi XD Fushion Pro, wykraczaj\u0105c daleko poza zasi\u0119g wzroku Bezcenne portrety Wykonuj portrety, kt\u00f3re t\u0119tni\u0105 \u017cyciem, w kt\u00f3rych ka\u017cde dotkni\u0119cie migawki utrwala prawdziwe postacie, tak \u017cywe, jakimi widzi je oko<\/li>\n<li style='padding-top: 10px;'>0 i du\u017c\u0105 matryc\u0105 1\/1,3 cala dos\u0142ownie wydobywaj\u0105 wi\u0119cej \u015bwiat\u0142a z ka\u017cdej scenerii<\/li>\n<li style='padding-top: 10px;'> Zmieniaj\u0105cy punkt widzenia<\/li>\n<li style='padding-top: 10px;'> Ka\u017cda klatka jak arcydzie\u0142o Poznaj tajemnic\u0119 nocy dzi\u0119ki filmom HDR, w kt\u00f3rych ka\u017cda klatka bawi si\u0119 \u015bwiat\u0142em i cieniem<\/li>\n<li style='padding-top: 10px;'> Wi\u0119cej ni\u017c wystarczaj\u0105co mocny Superwytrzyma\u0142e szk\u0142o Kunlun Glass zwi\u0119ksza odporno\u015b\u0107 na upadki o 100 % sprawiaj\u0105c, \u017ce niefortunne wypadki nie musz\u0105 by\u0107 nieszcz\u0119\u015bliwe<\/li>\n<li style='padding-top: 10px;'>1 pomo\u017ce znale\u017a\u0107 wizualne pere\u0142ki ukrywaj\u0105ce si\u0119 poza zasi\u0119giem wzroku, nawet w s\u0142abym \u015bwietle<\/li>\n<li style='padding-top: 10px;'> Peryskopowy aparat z teleobiektywem oferuje 5-krotny zoom optyczny oraz 100-krotny zoom hybrydowy i pozwala przybli\u017cy\u0107 odleg\u0142e widoki<\/li>\n<li style='padding-top: 10px;'> Wystarczy moment Uchwy\u0107 nawet najbardziej ulotn\u0105 ide\u0119 dzi\u0119ki ultrajasnemu obiektywowi i procesorowi obrazu HUAWEI XD Motion- niezale\u017cnie od tego, czy starasz si\u0119 zachowa\u0107 w pami\u0119ci dr\u017cenie fal, pe\u0142ne dynamiki sportowe chwile, czy zapieraj\u0105cy dech pejza\u017c<\/li>\n<li style='padding-top: 10px;'> Podziwiaj wi\u0119cej magicznych chwil Wykonuj ultrawyra\u017ane zj\u0119cia, kt\u00f3re dzi\u0119ki ultrajasnemu aparatowi g\u0142\u00f3wnemu z regulowan\u0105 przys\u0142on\u0105 F1<\/li>\n<li style='padding-top: 10px;'> Pokonaj ruch dzi\u0119ki Super AIS, kt\u00f3ry ustabilizuje Tw\u00f3j \u015bwiat<\/li>\n<\/ul>\n<p style='padding: 10px; font-weight: bold; background-color: aliceblue;'>Dost\u0119pno\u015b\u0107:<\/p>\n","protected":false},"featured_media":82283,"comment_status":"closed","ping_status":"open","template":"","meta":[],"product_brand":[],"product_cat":[195],"product_tag":[],"class_list":{"0":"post-82282","1":"product","2":"type-product","3":"status-publish","6":"product_cat-huawei","7":"pa_model-gs-t-hua-1184","8":"pa_producent-huawei","9":"pa_sklep-komputronik-pl","11":"first","12":"instock","13":"product-type-external"},"_links":{"self":[{"href":"https:\/\/taniabonament.pl\/telefony\/wp-json\/wp\/v2\/product\/82282","targetHints":{"allow":["GET"]}}],"collection":[{"href":"https:\/\/taniabonament.pl\/telefony\/wp-json\/wp\/v2\/product"}],"about":[{"href":"https:\/\/taniabonament.pl\/telefony\/wp-json\/wp\/v2\/types\/product"}],"replies":[{"embeddable":true,"href":"https:\/\/taniabonament.pl\/telefony\/wp-json\/wp\/v2\/comments?post=82282"}],"wp:featuredmedia":[{"embeddable":true,"href":"https:\/\/taniabonament.pl\/telefony\/wp-json\/wp\/v2\/media\/82283"}],"wp:attachment":[{"href":"https:\/\/taniabonament.pl\/telefony\/wp-json\/wp\/v2\/media?parent=82282"}],"wp:term":[{"taxonomy":"product_brand","embeddable":true,"href":"https:\/\/taniabonament.pl\/telefony\/wp-json\/wp\/v2\/product_brand?post=82282"},{"taxonomy":"product_cat","embeddable":true,"href":"https:\/\/taniabonament.pl\/telefony\/wp-json\/wp\/v2\/product_cat?post=82282"},{"taxonomy":"product_tag","embeddable":true,"href":"https:\/\/taniabonament.pl\/telefony\/wp-json\/wp\/v2\/product_tag?post=82282"}],"curies":[{"name":"wp","href":"https:\/\/api.w.org\/{rel}","templated":true}]}}