{"id":82250,"date":"2024-07-11T05:21:55","date_gmt":"2024-07-11T05:21:55","guid":{"rendered":"https:\/\/taniabonament.pl\/telefony\/produkt\/smartfon-huawei-nova-12-se-8-256gb-czarny\/"},"modified":"2025-01-04T09:00:03","modified_gmt":"2025-01-04T09:00:03","slug":"smartfon-huawei-nova-12-se-8-256gb-czarny","status":"publish","type":"product","link":"https:\/\/taniabonament.pl\/telefony\/produkt\/smartfon-huawei-nova-12-se-8-256gb-czarny\/","title":{"rendered":"Smartfon Huawei nova 12 SE 8\/256GB czarny"},"content":{"rendered":"<p>Ten smartfon GS-T-HUA-1177 producenta Huawei kupisz w wyj\u0105tkowej, atrakcyjnej cenie w sklepie <a href=\"https:\/\/converti.se\/click\/34590059-c70e8160-5f3ad4bf\/?deep_link=https%3A%2F%2Fwww.komputronik.pl%2Fproduct%2F907193%2Ftelefon-huawei-nova-12-se-8-256gb-czarny.html&#038;tag6=product&#038;tag8=d73d48e7fd159fc0ba0e370d0df33b75&#038;tag9=Smartfon+Huawei+nova+12+SE+8%2F256GB+czarny\" rel=\"nofollow\">Komputronik.pl<\/a><\/p>\n<p><strong>Jak wypada Smartfon Huawei nova 12 SE 8\/256GB czarny?<\/strong><\/p>\n<p style=\"padding-left: 40px;\">To bardzo udany model telefonu. Smartfon dzi\u0119ki kt\u00f3remu poczujesz si\u0119 swobodnie. Jest szybki, posiada przyzwoit\u0105 bateri\u0119, a dzi\u0119ki szybkiemu systemowi Android codzienna obs\u0142uga b\u0119dzie mi\u0142a i przyjemna. Z pewno\u015bci\u0105 jest to telefon kt\u00f3ry spe\u0142ni wiele oczekiwa\u0144.<\/p>\n<p>\u2605\u2605\u2605\u2605\u2605<\/p>\n<p style=\"padding-left: 40px;\">A mo\u017ce tak si\u0119 sk\u0142ada \u017ce poszukujesz innego <a href=\"https:\/\/taniabonament.pl\/telefony\/\">nowego taniego telefonu<\/a>? Mo\u017cesz sprawdzi\u0107 w\u015br\u00f3d pozosta\u0142ych dobrych marek smartfon\u00f3w, kt\u00f3re prezentujemy na naszym portalu. Zainteresuje Ci\u0119 Xiaomi, Apple lub Samsung? Je\u017celi tak &#8211; to zapraszamy, rozejrzyj si\u0119!<\/p>\n","protected":false},"excerpt":{"rendered":"<h4>Smartfon <span style='color: #0286E7;'>dobry i godny zaufania<\/span> &#8211; <strong>Huawei<\/strong>!<\/h4>\n<p style='padding: 17px 0px;'><span style='color: #fff; background-color: yellowgreen; padding: 2px 7px;border-left: 13px solid #000000;'> polecany <\/span><span style='margin-left: 10px; color: #fff; background-color: red; padding: 2px 7px;border-left: 13px solid #000000;'> dobra cena <\/span><\/p>\n<p style='padding-top: 10px;'>Smartfon Huawei nova 12, cechy i zalety: <\/p>\n<ul style='padding-left: 45px; padding-bottom: 10px;'>\n<li style='padding-top: 10px;'>  TO jedno, jedyne, niepowtarzalne uj\u0119cie<\/li>\n<li style='padding-top: 10px;'> Energii nie zabraknie Bateria w HUAWEI nova 12 SE zapewni Ci swobod\u0119 aktywnego \u017cycia z dala \u0142adowarki i bez zmartwie\u0144 o wystarczaj\u0105cy zapas energii<\/li>\n<li style='padding-top: 10px;'> Smartfony te s\u0142yn\u0105 z ol\u015bniewaj\u0105cego wygl\u0105du oraz mo\u017cliwo\u015bci fotograficznych<\/li>\n<li style='padding-top: 10px;'><strong> Smartfony te s\u0142yn\u0105 z ol\u015bniewaj\u0105cego wygl\u0105du oraz mo\u017cliwo\u015bci fotograficznych<\/strong><\/li>\n<li style='padding-top: 10px;'> Wy\u015bwietlacz OLED HUAWEI FullView o przek\u0105tnej 6,67 cala zajmuje w tym telefonie a\u017c 91,85% jego frontu, co zapewni Ci nadspodziewanie wci\u0105gaj\u0105ce wra\u017cenia<\/li>\n<li style='padding-top: 10px;'>Smartfon Huawei nova 12.  Wy\u015bwietlacz OLED HUAWEI FullView o przek\u0105tnej 6,67 cala zajmuje w tym telefonie a\u017c 91,85% jego frontu, co zapewni Ci nadspodziewanie wci\u0105gaj\u0105ce wra\u017cenia<\/li>\n<li style='padding-top: 10px;'> Dzi\u0119ki temu, po pe\u0142nym na\u0142adowaniu, umo\u017cliwia do 24 godzin odtwarzania wideo lub do 31 godzin rozm\u00f3w telefonicznych<\/li>\n<li style='padding-top: 10px;'> Poprawiana jako\u015b\u0107, zredukowane szumy, \u015bwietne efekty w ciemnych i jasnych scenach nadadz\u0105 blasku ka\u017cdemu portretowi i zdj\u0119ciu, kt\u00f3re wykonasz<\/li>\n<li style='padding-top: 10px;'>0<\/li>\n<li style='padding-top: 10px;'> W wielu codziennych sytuacjach sprawdzi si\u0119 ultraszeroki obiektyw o k\u0105cie widzenia 112\u00b0, dzi\u0119ki kt\u00f3remu zmie\u015bcisz w kadrze wi\u0119cej krajobrazu, architektury lub bliskich Ci os\u00f3b<\/li>\n<li style='padding-top: 10px;'> Z ca\u0142\u0105 pewno\u015bci\u0105 wyr\u00f3\u017cnia si\u0119 na tle innych smartfon\u00f3w, ale i Tobie pozwoli si\u0119 wyr\u00f3\u017cni\u0107<\/li>\n<li style='padding-top: 10px;'> Przy du\u017cej pojemno\u015bci 4500 mAh, bateria ta jest te\u017c energooszcz\u0119dna<\/li>\n<li style='padding-top: 10px;'> Zapewni Ci te\u017c komfort u\u017cytkowania przez ca\u0142y dzie\u0144 za spraw\u0105 pojemnej baterii 4500 mAh, z szybkim \u0142adowaniem moc\u0105 66 W w technologii HUAWEI SuperCharge Turbo 2<\/li>\n<li style='padding-top: 10px;'> Wysoka rozdzielczo\u015b\u0107 obrazu 2400 x 1080 (FullHD+) oraz szeroka paleta barw P3, przek\u0142adaj\u0105 si\u0119 na osza\u0142amiaj\u0105c\u0105 jako\u015b\u0107 podczas ogl\u0105dania zdj\u0119\u0107, film\u00f3w czy grafik<\/li>\n<li style='padding-top: 10px;'> A funkcja portretu HDR sprawi, \u017ce nawet w trudnych warunkach o\u015bwietleniowych (np<\/li>\n<li style='padding-top: 10px;'> Smartfon oferuje rozszerzon\u0105 funkcjonalno\u015b\u0107, dzi\u0119ki najlepszym aplikacjom dost\u0119pnym w sklepie AppGallery \u2013 od tych popularnych na ca\u0142ym \u015bwiecie, po te niezb\u0119dne lokalnie<\/li>\n<li style='padding-top: 10px;'> Aby na\u0142adowa\u0107 Tw\u00f3j telefon do pe\u0142na, do\u0142\u0105czonemu do zestawu zasilaczowi HUAWEI SuperCharge o mocy 66 W, potrzeba zaledwie 38 minut<\/li>\n<li style='padding-top: 10px;'>HUAWEI nova 12 SE Potr\u00f3jny aparat 108 MP | Aparat selfie 32 MP | Szybkie \u0142adowanie 66 W HUAWEI nova 12 SE to kolejna ods\u0142ona popularnej serii nova<\/li>\n<li style='padding-top: 10px;'>9 oraz matrycy 108 MP<\/li>\n<li style='padding-top: 10px;'> HUAWEI nova 12 SE ma zaledwie 7,39 mm grubo\u015bci i wa\u017cy tylko 186 gram\u00f3w, dzi\u0119ki czemu wygodnie le\u017cy nawet w drobnej d\u0142oni<\/li>\n<li style='padding-top: 10px;'> Natomiast przedni obiektyw 32 MP pomo\u017ce Ci uchwy\u0107 siebie w najlepszym wydaniu! HUAWEI nova 12 SE u\u0142atwi Ci opowiedzenie historii, zar\u00f3wno w formie zdj\u0119\u0107 lub vlog\u00f3w, wykorzystuj\u0105cych widok z przodu i z ty\u0142u r\u00f3wnocze\u015bnie<\/li>\n<li style='padding-top: 10px;'> Posiadacze HUAWEI nova 12 SE, korzystaj\u0105cy z AppGallery, mog\u0105 cieszy\u0107 si\u0119 kompleksowym do\u015bwiadczeniem na r\u00f3\u017cnych urz<\/li>\n<li style='padding-top: 10px;'> System operacyjny to udoskonalona wersja nak\u0142adki EMUI 14, w kt\u00f3rej znalaz\u0142o si\u0119 kilka nowych, przydatnych funkcji<\/li>\n<li style='padding-top: 10px;'> Przys\u0142ona f\/1,9 to zwi\u0119kszona ilo\u015b\u0107 wpadaj\u0105cego \u015bwiat\u0142a i wi\u0119ksza g\u0142\u0119bia ostro\u015bci, pozwalaj\u0105ca uzyska\u0107 przyjemne rozmycie t\u0142a i uwydatni\u0107 g\u0142\u00f3wnego bohatera<\/li>\n<li style='padding-top: 10px;'> Taki cel przy\u015bwieca\u0142 tw\u00f3rcom tego telefonu z aparatem g\u0142\u00f3wnym o jasno\u015bci f\/1<\/li>\n<li style='padding-top: 10px;'> \u0141\u0105czenie 9 pikseli w jeden to z kolei spos\u00f3b na diametralne zwi\u0119kszenie dynamiki, odwzorowania barw i, ostatecznie, szczeg\u00f3\u0142owo\u015bci zdj\u0119\u0107<\/li>\n<li style='padding-top: 10px;'> Odkryj nieko\u0144cz\u0105ce si\u0119 mo\u017cliwo\u015bci Smartfon wyposa\u017cony jest w 8 GB pami\u0119ci RAM i 128 GB pami\u0119ci wewn\u0119trznej<\/li>\n<li style='padding-top: 10px;'> Przyci\u0105ga od pierwszego wejrzenia HUAWEI nova 12 SE przyci\u0105gnie Tw\u00f3j wzrok z\u0142otymi pier\u015bcieniami wok\u00f3\u0142 okr\u0105g\u0142ych, symetrycznie rozmieszczonych wysp tylnych aparat\u00f3w<\/li>\n<li style='padding-top: 10px;'> Ekran, kt\u00f3rego a\u017c chce si\u0119 u\u017cywa\u0107 HUAWEI nova 12 SE podniesie Twoje oczekiwania wobec jako\u015bci obrazu w ka\u017cdym innym smartfonie<\/li>\n<li style='padding-top: 10px;'> Twoje chwile w najlepszym wydaniu Na tym jednak nie koniec imponuj\u0105cych foto-mo\u017cliwo\u015bci<\/li>\n<li style='padding-top: 10px;'> Ka\u017cdy z dost\u0119pnych kolor\u00f3w, czyli ziele\u0144 i czer\u0144 \u0142\u0105czy b\u0142ysk z g\u0142adkim matem, wi\u0119c \u0142atwo dobierzesz jeden z nich dla siebie Powiedz nie nieudanym zdj\u0119ciom Najlepszy aparat to ten, kt\u00f3ry masz przy sobie<\/li>\n<li style='padding-top: 10px;'> A je\u015bli taka konieczno\u015b\u0107 si\u0119 przytrafi, w\u00f3wczas szybkie 10-minutowe \u0142adowanie prze\u0142o\u017cy si\u0119 na 4 godziny ogl\u0105dania film\u00f3w w sieci<\/li>\n<li style='padding-top: 10px;'> AppGallery, u\u017cywana codziennie przez ponad 580 milion\u00f3w konsument\u00f3w, oferuje szeroki wyb\u00f3r aplikacji, z takich kategorii jak: styl \u017cycia, podr\u00f3\u017ce, nawigacja i transport, finanse, zakupy czy rozrywka<\/li>\n<li style='padding-top: 10px;'> Spokojnie wytrzyma wi\u0119c od \u015bwitu do zmierzchu bez do\u0142adowywania<\/li>\n<li style='padding-top: 10px;'> Bo dubli nie b\u0119dzie<\/li>\n<li style='padding-top: 10px;'> przy s\u0142o\u0144cu za Twoj\u0105 g\u0142ow\u0105) uzyskasz r\u00f3wnomierniej na\u015bwietlone i szczeg\u00f3\u0142owe selfie<\/li>\n<li style='padding-top: 10px;'> Za codzienn\u0105, p\u0142ynn\u0105 prac\u0119 odpowiada wydajny procesor Qualcomm Snapdragon 680<\/li>\n<li style='padding-top: 10px;'> Tylny modu\u0142 fotograficzny sk\u0142ada si\u0119 r\u00f3wnie\u017c z aparatu szerokok\u0105tnego 8 MP i aparatu do zdj\u0119\u0107 makro 2 MP<\/li>\n<li style='padding-top: 10px;'> Dodatkowo urzekaj\u0105ca gra \u015bwiate\u0142 na obudowie oraz ikoniczne logo podkre\u015blaj\u0105 jego niepowtarzalny styl<\/li>\n<li style='padding-top: 10px;'> Dzi\u0119ki niej uchwycisz pi\u0119kno portretowanych os\u00f3b i Twojego otoczenia, by potem pokaza\u0107 je na du\u017cym i \u017cywym ekranie OLED<\/li>\n<li style='padding-top: 10px;'> Od\u015bwie\u017canie ekranu 90 Hz w po\u0142\u0105czeniu z pr\u00f3bkowaniem dotyku 270 Hz nie tylko poprawia szybko\u015b\u0107 reakcji smartfona na Twoje gesty, ale r\u00f3wnie\u017c p\u0142ynno\u015b\u0107 odtwarzanego obrazu<\/li>\n<li style='padding-top: 10px;'> Ultrawysokiej rozdzielczo\u015bci aparat g\u0142\u00f3wny to jedno, ale tu po\u0142\u0105czony zosta\u0142 on z algorytmem p\u0142ynnego \u0142\u0105czenia wielu obraz\u00f3w<\/li>\n<li style='padding-top: 10px;'> Najnowsza edycja jest r\u00f3wnie\u017c zachwycaj\u0105co pi\u0119kna<\/li>\n<li style='padding-top: 10px;'> Dlatego tak wa\u017cne jest, \u017ceby smartfon dawa\u0142 Ci pewno\u015b\u0107, \u017ce w\u0142a\u015bnie TO zdj\u0119cie wyjdzie perfekcyjnie<\/li>\n<\/ul>\n<p style='padding: 10px; font-weight: bold; background-color: aliceblue;'>Dost\u0119pno\u015b\u0107:<\/p>\n","protected":false},"featured_media":82251,"comment_status":"closed","ping_status":"open","template":"","meta":[],"product_brand":[],"product_cat":[195],"product_tag":[],"class_list":{"0":"post-82250","1":"product","2":"type-product","3":"status-publish","6":"product_cat-huawei","7":"pa_model-gs-t-hua-1177","8":"pa_producent-huawei","9":"pa_sklep-komputronik-pl","11":"first","12":"instock","13":"product-type-external"},"_links":{"self":[{"href":"https:\/\/taniabonament.pl\/telefony\/wp-json\/wp\/v2\/product\/82250","targetHints":{"allow":["GET"]}}],"collection":[{"href":"https:\/\/taniabonament.pl\/telefony\/wp-json\/wp\/v2\/product"}],"about":[{"href":"https:\/\/taniabonament.pl\/telefony\/wp-json\/wp\/v2\/types\/product"}],"replies":[{"embeddable":true,"href":"https:\/\/taniabonament.pl\/telefony\/wp-json\/wp\/v2\/comments?post=82250"}],"wp:featuredmedia":[{"embeddable":true,"href":"https:\/\/taniabonament.pl\/telefony\/wp-json\/wp\/v2\/media\/82251"}],"wp:attachment":[{"href":"https:\/\/taniabonament.pl\/telefony\/wp-json\/wp\/v2\/media?parent=82250"}],"wp:term":[{"taxonomy":"product_brand","embeddable":true,"href":"https:\/\/taniabonament.pl\/telefony\/wp-json\/wp\/v2\/product_brand?post=82250"},{"taxonomy":"product_cat","embeddable":true,"href":"https:\/\/taniabonament.pl\/telefony\/wp-json\/wp\/v2\/product_cat?post=82250"},{"taxonomy":"product_tag","embeddable":true,"href":"https:\/\/taniabonament.pl\/telefony\/wp-json\/wp\/v2\/product_tag?post=82250"}],"curies":[{"name":"wp","href":"https:\/\/api.w.org\/{rel}","templated":true}]}}