{"id":82242,"date":"2024-07-11T05:21:50","date_gmt":"2024-07-11T05:21:50","guid":{"rendered":"https:\/\/taniabonament.pl\/telefony\/produkt\/smartfon-huawei-nova-11-pro-8-256gb-zielony-1401332\/"},"modified":"2025-01-04T09:00:03","modified_gmt":"2025-01-04T09:00:03","slug":"smartfon-huawei-nova-11-pro-8-256gb-zielony-1401332","status":"publish","type":"product","link":"https:\/\/taniabonament.pl\/telefony\/produkt\/smartfon-huawei-nova-11-pro-8-256gb-zielony-1401332\/","title":{"rendered":"Smartfon Huawei Nova 11 Pro 8\/256GB Zielony (1401332)"},"content":{"rendered":"<p>Ten smartfon  producenta Huawei kupisz w wyj\u0105tkowej, atrakcyjnej cenie w sklepie <a href=\"https:\/\/converti.se\/click\/34590059-c70e8160-5f3fd1bb\/?deep_link=https%3A%2F%2Fwww.morele.net%2Fsmartfon-huawei-nova-11-pro-8-256gb-zielony-1401332-13117701%2F&#038;tag6=product&#038;tag8=c405097637f88b90e2fba72c2f014e6d&#038;tag9=Smartfon+Huawei+Nova+11+Pro+8%2F256GB+Zielony+%281401332%29\" rel=\"nofollow\">Morele.net<\/a><\/p>\n<p><strong>Jak wypada Smartfon Huawei Nova 11 Pro 8\/256GB Zielony (1401332)?<\/strong><\/p>\n<p style=\"padding-left: 40px;\">To bardzo udany model telefonu. Smartfon dzi\u0119ki kt\u00f3remu poczujesz si\u0119 swobodnie. Jest szybki, posiada przyzwoit\u0105 bateri\u0119, a dzi\u0119ki szybkiemu systemowi Android codzienna obs\u0142uga b\u0119dzie mi\u0142a i przyjemna. Z pewno\u015bci\u0105 jest to telefon kt\u00f3ry spe\u0142ni wiele oczekiwa\u0144.<\/p>\n<p>\u2605\u2605\u2605\u2605\u2605<\/p>\n<p style=\"padding-left: 40px;\">A mo\u017ce tak si\u0119 sk\u0142ada \u017ce poszukujesz innego <a href=\"https:\/\/taniabonament.pl\/telefony\/\">nowego taniego telefonu<\/a>? Mo\u017cesz sprawdzi\u0107 w\u015br\u00f3d pozosta\u0142ych dobrych marek smartfon\u00f3w, kt\u00f3re prezentujemy na naszym portalu. Zainteresuje Ci\u0119 Xiaomi, Apple lub Samsung? Je\u017celi tak &#8211; to zapraszamy, rozejrzyj si\u0119!<\/p>\n","protected":false},"excerpt":{"rendered":"<p>Smartfon Huawei Nova 11. Szukasz <strong>telefonu Huawei<\/strong>? Dobrze trafi\u0142e\u015b! <\/p>\n","protected":false},"featured_media":82243,"comment_status":"closed","ping_status":"open","template":"","meta":[],"product_brand":[],"product_cat":[195],"product_tag":[],"class_list":{"0":"post-82242","1":"product","2":"type-product","3":"status-publish","6":"product_cat-huawei","7":"pa_producent-huawei","8":"pa_sklep-morele-net","10":"first","11":"instock","12":"product-type-external"},"_links":{"self":[{"href":"https:\/\/taniabonament.pl\/telefony\/wp-json\/wp\/v2\/product\/82242","targetHints":{"allow":["GET"]}}],"collection":[{"href":"https:\/\/taniabonament.pl\/telefony\/wp-json\/wp\/v2\/product"}],"about":[{"href":"https:\/\/taniabonament.pl\/telefony\/wp-json\/wp\/v2\/types\/product"}],"replies":[{"embeddable":true,"href":"https:\/\/taniabonament.pl\/telefony\/wp-json\/wp\/v2\/comments?post=82242"}],"wp:featuredmedia":[{"embeddable":true,"href":"https:\/\/taniabonament.pl\/telefony\/wp-json\/wp\/v2\/media\/82243"}],"wp:attachment":[{"href":"https:\/\/taniabonament.pl\/telefony\/wp-json\/wp\/v2\/media?parent=82242"}],"wp:term":[{"taxonomy":"product_brand","embeddable":true,"href":"https:\/\/taniabonament.pl\/telefony\/wp-json\/wp\/v2\/product_brand?post=82242"},{"taxonomy":"product_cat","embeddable":true,"href":"https:\/\/taniabonament.pl\/telefony\/wp-json\/wp\/v2\/product_cat?post=82242"},{"taxonomy":"product_tag","embeddable":true,"href":"https:\/\/taniabonament.pl\/telefony\/wp-json\/wp\/v2\/product_tag?post=82242"}],"curies":[{"name":"wp","href":"https:\/\/api.w.org\/{rel}","templated":true}]}}