{"id":82222,"date":"2024-07-11T05:21:41","date_gmt":"2024-07-11T05:21:41","guid":{"rendered":"https:\/\/taniabonament.pl\/telefony\/produkt\/smartfon-huawei-p30-6-128gb-niebiesko-rozowy-51093ndb\/"},"modified":"2024-07-11T05:21:42","modified_gmt":"2024-07-11T05:21:42","slug":"smartfon-huawei-p30-6-128gb-niebiesko-rozowy-51093ndb","status":"publish","type":"product","link":"https:\/\/taniabonament.pl\/telefony\/produkt\/smartfon-huawei-p30-6-128gb-niebiesko-rozowy-51093ndb\/","title":{"rendered":"Smartfon Huawei P30 6\/128GB Niebiesko-r\u00f3\u017cowy (51093NDB)"},"content":{"rendered":"<p>Ten smartfon  producenta Huawei kupisz w wyj\u0105tkowej, atrakcyjnej cenie w sklepie <a href=\"https:\/\/converti.se\/click\/34590059-c70e8160-5f3fd1bb\/?deep_link=https%3A%2F%2Fwww.morele.net%2Fsmartfon-huawei-p30-6-128gb-niebiesko-rozowy-51093ndb-5775182%2F&#038;tag6=product&#038;tag8=3fa3684c4347d6604b21406eb64da0bd&#038;tag9=Smartfon+Huawei+P30+6%2F128GB+Niebiesko-r%C3%B3%C5%BCowy+%2851093NDB%29\" rel=\"nofollow\">Morele.net<\/a><\/p>\n<p><strong>Jak wypada Smartfon Huawei P30 6\/128GB Niebiesko-r\u00f3\u017cowy (51093NDB)?<\/strong><\/p>\n<p style=\"padding-left: 40px;\">To bardzo udany model telefonu. Smartfon dzi\u0119ki kt\u00f3remu poczujesz si\u0119 swobodnie. Jest szybki, posiada przyzwoit\u0105 bateri\u0119, a dzi\u0119ki szybkiemu systemowi Android codzienna obs\u0142uga b\u0119dzie mi\u0142a i przyjemna. Z pewno\u015bci\u0105 jest to telefon kt\u00f3ry spe\u0142ni wiele oczekiwa\u0144.<\/p>\n<p>\u2605\u2605\u2605\u2605\u2605<\/p>\n<p style=\"padding-left: 40px;\">A mo\u017ce tak si\u0119 sk\u0142ada \u017ce poszukujesz innego <a href=\"https:\/\/taniabonament.pl\/telefony\/\">nowego taniego telefonu<\/a>? Mo\u017cesz sprawdzi\u0107 w\u015br\u00f3d pozosta\u0142ych dobrych marek smartfon\u00f3w, kt\u00f3re prezentujemy na naszym portalu. Zainteresuje Ci\u0119 Xiaomi, Apple lub Samsung? Je\u017celi tak &#8211; to zapraszamy, rozejrzyj si\u0119!<\/p>\n","protected":false},"excerpt":{"rendered":"<p>Smartfon Huawei P30 6\/128GB. Szukasz <strong>telefonu Huawei<\/strong>? Dobrze trafi\u0142e\u015b! <\/p>\n","protected":false},"featured_media":82223,"comment_status":"closed","ping_status":"open","template":"","meta":[],"product_brand":[],"product_cat":[195],"product_tag":[],"class_list":{"0":"post-82222","1":"product","2":"type-product","3":"status-publish","6":"product_cat-huawei","7":"pa_producent-huawei","8":"pa_sklep-morele-net","10":"first","11":"instock","12":"product-type-external"},"_links":{"self":[{"href":"https:\/\/taniabonament.pl\/telefony\/wp-json\/wp\/v2\/product\/82222","targetHints":{"allow":["GET"]}}],"collection":[{"href":"https:\/\/taniabonament.pl\/telefony\/wp-json\/wp\/v2\/product"}],"about":[{"href":"https:\/\/taniabonament.pl\/telefony\/wp-json\/wp\/v2\/types\/product"}],"replies":[{"embeddable":true,"href":"https:\/\/taniabonament.pl\/telefony\/wp-json\/wp\/v2\/comments?post=82222"}],"wp:featuredmedia":[{"embeddable":true,"href":"https:\/\/taniabonament.pl\/telefony\/wp-json\/wp\/v2\/media\/82223"}],"wp:attachment":[{"href":"https:\/\/taniabonament.pl\/telefony\/wp-json\/wp\/v2\/media?parent=82222"}],"wp:term":[{"taxonomy":"product_brand","embeddable":true,"href":"https:\/\/taniabonament.pl\/telefony\/wp-json\/wp\/v2\/product_brand?post=82222"},{"taxonomy":"product_cat","embeddable":true,"href":"https:\/\/taniabonament.pl\/telefony\/wp-json\/wp\/v2\/product_cat?post=82222"},{"taxonomy":"product_tag","embeddable":true,"href":"https:\/\/taniabonament.pl\/telefony\/wp-json\/wp\/v2\/product_tag?post=82222"}],"curies":[{"name":"wp","href":"https:\/\/api.w.org\/{rel}","templated":true}]}}